{"id":85130,"date":"1996-01-01T00:00:00","date_gmt":"1996-01-01T00:00:00","guid":{"rendered":"http:\/\/www.irdin.org.br\/site\/produto\/a-morada-dos-elisios-uma-aventura-esoterica\/"},"modified":"2026-03-30T14:56:31","modified_gmt":"2026-03-30T17:56:31","slug":"9788531509254","status":"publish","type":"product","link":"https:\/\/www.irdin.org.br\/site\/produtos\/9788531509254\/","title":{"rendered":"A Morada dos El\u00edsios &#8211; Uma Aventura Esot\u00e9rica"},"content":{"rendered":"<p>?Conhe\u00e7o-te profundamente. H\u00e1 vidas acompanho teu progresso. Houve, por\u00e9m, circunst\u00e2ncias que te levaram a afastar-te da disciplina e da busca da verdade. Passaste por experi\u00eancias dolorosas e por outras que te proporcionaram felicidade. Contudo, percebeste como era ef\u00eamero tanto o que sofrias quanto o que desfrutavas, e pouco a pouco retomaste a senda abandonada. A inquieta\u00e7\u00e3o que desponta em ti agora \u00e9 fruto dessas experi\u00eancias, n\u00e3o lhes d\u00eas aten\u00e7\u00e3o. Concentra-te no que vou dizer-te, escuta e guarda em teu cora\u00e7\u00e3o cada palavra. Elas t\u00eam valor e poder pr\u00f3prios, o alento de que necessitas.?<\/p>\n<p><a class=\"pdf\" href=\"\/pdf\/A Morada dos El\u00edsios_WEB.pdf\" target=\"_blank\" rel=\"noopener\">Baixar Gratuitamente<\/a><\/p>\n<p>&nbsp;<\/p>\n","protected":false},"excerpt":{"rendered":"<p>?Conhe\u00e7o-te profundamente. H\u00e1 vidas acompanho teu progresso. Houve, por\u00e9m, circunst\u00e2ncias que te levaram a afastar-te da disciplina e da busca<\/p>\n","protected":false},"featured_media":86902,"template":"","meta":{"_acf_changed":false},"product_brand":[],"product_cat":[33286,17972],"product_tag":[33337],"class_list":{"0":"post-85130","1":"product","2":"type-product","3":"status-publish","4":"has-post-thumbnail","6":"product_cat-livro","7":"product_cat-livros-livro","8":"product_tag-33337","9":"pa_autor-trigueirinho","10":"pa_classe-do-produto-fisico","11":"pa_codigo-de-barras-23252","12":"pa_codigo-externo-tr026pep","13":"pa_data-de-lancamento-21883","14":"pa_idioma-de-destino-portugues","15":"pa_idioma-de-origem-portugues","16":"pa_lancamento-no","17":"pa_midia-papel","18":"pa_moac-33522","19":"pa_quantidade-de-saldo-33008","20":"pa_tipo-de-traducao-nao-classificado","22":"first","23":"instock","24":"purchasable","25":"product-type-simple"},"acf":[],"_links":{"self":[{"href":"https:\/\/www.irdin.org.br\/site\/wp-json\/wp\/v2\/product\/85130","targetHints":{"allow":["GET"]}}],"collection":[{"href":"https:\/\/www.irdin.org.br\/site\/wp-json\/wp\/v2\/product"}],"about":[{"href":"https:\/\/www.irdin.org.br\/site\/wp-json\/wp\/v2\/types\/product"}],"version-history":[{"count":2,"href":"https:\/\/www.irdin.org.br\/site\/wp-json\/wp\/v2\/product\/85130\/revisions"}],"predecessor-version":[{"id":106431,"href":"https:\/\/www.irdin.org.br\/site\/wp-json\/wp\/v2\/product\/85130\/revisions\/106431"}],"wp:featuredmedia":[{"embeddable":true,"href":"https:\/\/www.irdin.org.br\/site\/wp-json\/wp\/v2\/media\/86902"}],"wp:attachment":[{"href":"https:\/\/www.irdin.org.br\/site\/wp-json\/wp\/v2\/media?parent=85130"}],"wp:term":[{"taxonomy":"product_brand","embeddable":true,"href":"https:\/\/www.irdin.org.br\/site\/wp-json\/wp\/v2\/product_brand?post=85130"},{"taxonomy":"product_cat","embeddable":true,"href":"https:\/\/www.irdin.org.br\/site\/wp-json\/wp\/v2\/product_cat?post=85130"},{"taxonomy":"product_tag","embeddable":true,"href":"https:\/\/www.irdin.org.br\/site\/wp-json\/wp\/v2\/product_tag?post=85130"}],"curies":[{"name":"wp","href":"https:\/\/api.w.org\/{rel}","templated":true}]}}