{"id":85132,"date":"1992-01-01T00:00:00","date_gmt":"1992-01-01T00:00:00","guid":{"rendered":"http:\/\/www.irdin.org.br\/site\/produto\/passos-atuais-2\/"},"modified":"2026-03-17T10:04:38","modified_gmt":"2026-03-17T13:04:38","slug":"9788531507748","status":"publish","type":"product","link":"https:\/\/www.irdin.org.br\/site\/produtos\/9788531507748\/","title":{"rendered":"Passos Atuais"},"content":{"rendered":"<p>A press\u00e3o do psiquismo coletivo terrestre n\u00e3o mais pode ser suportada por muitas pessoas, que acabam por apresentar desequil\u00edbrios nos n\u00edveis da personalidade: cada corda tem a sua tens\u00e3o m\u00e1xima. Muitos t\u00eam ainda o que doar de si at\u00e9 os momentos finais da transi\u00e7\u00e3o planet\u00e1ria, outros j\u00e1 est\u00e3o atingindo os pr\u00f3prios limites, e alguns, pela Gra\u00e7a, est\u00e3o sendo ajudados a transcender a si mesmos. \u00c9 como se a Terra estivesse ?segura por um fio?. Enquanto os homens caminham sobre um solo aparentemente est\u00e1vel, l\u00ednguas de fogo correm sob ele. Hoje \u00e9 imprescind\u00edvel existir uma disponibilidade ao servi\u00e7o, e para isso basta que o sil\u00eancio e a ora\u00e7\u00e3o tenham lugar na consci\u00eancia do ser. Este livro cont\u00e9m indica\u00e7\u00f5es para as \u00faltimas horas deste conturbado ciclo.<\/p>\n<p><a class=\"pdf\" href=\"\/pdf\/Passos Atuais_WEB.pdf\" target=\"_blank\" rel=\"noopener\">Baixar Gratuitamente<\/a><\/p>\n<p>&nbsp;<\/p>\n","protected":false},"excerpt":{"rendered":"<p>A press\u00e3o do psiquismo coletivo terrestre n\u00e3o mais pode ser suportada por muitas pessoas, que acabam por apresentar desequil\u00edbrios nos<\/p>\n","protected":false},"featured_media":1220,"template":"","meta":{"_acf_changed":false},"product_brand":[],"product_cat":[33286,17972],"product_tag":[33339],"class_list":{"0":"post-85132","1":"product","2":"type-product","3":"status-publish","4":"has-post-thumbnail","6":"product_cat-livro","7":"product_cat-livros-livro","8":"product_tag-33339","9":"pa_autor-trigueirinho","10":"pa_classe-do-produto-fisico","11":"pa_codigo-de-barras-23277","12":"pa_codigo-externo-tr030pep","13":"pa_data-de-lancamento-22283","14":"pa_idioma-de-destino-portugues","15":"pa_idioma-de-origem-portugues","16":"pa_lancamento-no","17":"pa_midia-papel","18":"pa_moac-33526","19":"pa_quantidade-de-saldo-33281","20":"pa_tipo-de-traducao-nao-classificado","22":"first","23":"instock","24":"sale","25":"purchasable","26":"product-type-simple"},"acf":[],"_links":{"self":[{"href":"https:\/\/www.irdin.org.br\/site\/wp-json\/wp\/v2\/product\/85132","targetHints":{"allow":["GET"]}}],"collection":[{"href":"https:\/\/www.irdin.org.br\/site\/wp-json\/wp\/v2\/product"}],"about":[{"href":"https:\/\/www.irdin.org.br\/site\/wp-json\/wp\/v2\/types\/product"}],"version-history":[{"count":2,"href":"https:\/\/www.irdin.org.br\/site\/wp-json\/wp\/v2\/product\/85132\/revisions"}],"predecessor-version":[{"id":109607,"href":"https:\/\/www.irdin.org.br\/site\/wp-json\/wp\/v2\/product\/85132\/revisions\/109607"}],"wp:featuredmedia":[{"embeddable":true,"href":"https:\/\/www.irdin.org.br\/site\/wp-json\/wp\/v2\/media\/1220"}],"wp:attachment":[{"href":"https:\/\/www.irdin.org.br\/site\/wp-json\/wp\/v2\/media?parent=85132"}],"wp:term":[{"taxonomy":"product_brand","embeddable":true,"href":"https:\/\/www.irdin.org.br\/site\/wp-json\/wp\/v2\/product_brand?post=85132"},{"taxonomy":"product_cat","embeddable":true,"href":"https:\/\/www.irdin.org.br\/site\/wp-json\/wp\/v2\/product_cat?post=85132"},{"taxonomy":"product_tag","embeddable":true,"href":"https:\/\/www.irdin.org.br\/site\/wp-json\/wp\/v2\/product_tag?post=85132"}],"curies":[{"name":"wp","href":"https:\/\/api.w.org\/{rel}","templated":true}]}}