{"id":85133,"date":"1992-01-01T00:00:00","date_gmt":"1992-01-01T00:00:00","guid":{"rendered":"http:\/\/www.irdin.org.br\/site\/produto\/viagem-por-mundos-sutis-2\/"},"modified":"2026-04-22T11:47:56","modified_gmt":"2026-04-22T14:47:56","slug":"9788531507687","status":"publish","type":"product","link":"https:\/\/www.irdin.org.br\/site\/produtos\/9788531507687\/","title":{"rendered":"Viagem por Mundos Sutis"},"content":{"rendered":"<p>Quando o homem reconhece que com as possibilidades oferecidas pela mente racional n\u00e3o consegue resposta para suas indaga\u00e7\u00f5es interiores nem desvelar os segredos da vida, pode vir a descobrir o mundo dos s\u00edmbolos, guardi\u00e3o das verdades eternas, que por meio de uma linguagem abstrata se tornam acess\u00edveis ao homem. Este livro narra hist\u00f3rias simb\u00f3licas que podem ser inesgot\u00e1vel fonte de inspira\u00e7\u00e3o para quem busca trilhar o caminho interior. A depender da receptividade com que s\u00e3o lidas, contribuem para o contato com a verdade pura e simples, despojada das dificuldades e obst\u00e1culos que o racionalismo imprime a certos temas. Sigo a trilha das estrelas. A cada passo, chego ao destino e dele parto para mais longe avan\u00e7ar. Assim como o vento, cumpro uma vontade maior, assim como as nuvens, deixo-me banhar pelos raios do Sol. Nada quero e nada busco, apenas, sabendo que a Vida em tudo penetra, deixo-me viver, diz um personagem deste livro. Por essa trilha aos mundos sutis o leitor \u00e9 chamado a penetrar.<\/p>\n<p><a class=\"pdf\" href=\"\/pdf\/Mundos_Sutis.pdf\" target=\"_blank\" rel=\"noopener\">Baixar Gratuitamente<\/a><\/p>\n<p>&nbsp;<\/p>\n","protected":false},"excerpt":{"rendered":"<p>Quando o homem reconhece que com as possibilidades oferecidas pela mente racional n\u00e3o consegue resposta para suas indaga\u00e7\u00f5es interiores nem<\/p>\n","protected":false},"featured_media":103975,"template":"","meta":{"_acf_changed":false},"product_brand":[],"product_cat":[33286,17972],"product_tag":[33340],"class_list":{"0":"post-85133","1":"product","2":"type-product","3":"status-publish","4":"has-post-thumbnail","6":"product_cat-livro","7":"product_cat-livros-livro","8":"product_tag-33340","9":"pa_autor-trigueirinho","10":"pa_classe-do-produto-fisico","11":"pa_codigo-de-barras-23283","12":"pa_codigo-externo-tr031pep","13":"pa_data-de-lancamento-22283","14":"pa_idioma-de-destino-portugues","15":"pa_idioma-de-origem-portugues","16":"pa_lancamento-no","17":"pa_midia-papel","18":"pa_moac-33528","19":"pa_quantidade-de-saldo-32994","20":"pa_tipo-de-traducao-nao-classificado","22":"first","23":"instock","24":"sale","25":"purchasable","26":"product-type-simple"},"acf":[],"_links":{"self":[{"href":"https:\/\/www.irdin.org.br\/site\/wp-json\/wp\/v2\/product\/85133","targetHints":{"allow":["GET"]}}],"collection":[{"href":"https:\/\/www.irdin.org.br\/site\/wp-json\/wp\/v2\/product"}],"about":[{"href":"https:\/\/www.irdin.org.br\/site\/wp-json\/wp\/v2\/types\/product"}],"version-history":[{"count":2,"href":"https:\/\/www.irdin.org.br\/site\/wp-json\/wp\/v2\/product\/85133\/revisions"}],"predecessor-version":[{"id":86771,"href":"https:\/\/www.irdin.org.br\/site\/wp-json\/wp\/v2\/product\/85133\/revisions\/86771"}],"wp:featuredmedia":[{"embeddable":true,"href":"https:\/\/www.irdin.org.br\/site\/wp-json\/wp\/v2\/media\/103975"}],"wp:attachment":[{"href":"https:\/\/www.irdin.org.br\/site\/wp-json\/wp\/v2\/media?parent=85133"}],"wp:term":[{"taxonomy":"product_brand","embeddable":true,"href":"https:\/\/www.irdin.org.br\/site\/wp-json\/wp\/v2\/product_brand?post=85133"},{"taxonomy":"product_cat","embeddable":true,"href":"https:\/\/www.irdin.org.br\/site\/wp-json\/wp\/v2\/product_cat?post=85133"},{"taxonomy":"product_tag","embeddable":true,"href":"https:\/\/www.irdin.org.br\/site\/wp-json\/wp\/v2\/product_tag?post=85133"}],"curies":[{"name":"wp","href":"https:\/\/api.w.org\/{rel}","templated":true}]}}