{"id":85138,"date":"1993-01-01T00:00:00","date_gmt":"1993-01-01T00:00:00","guid":{"rendered":"http:\/\/www.irdin.org.br\/site\/produto\/profecias-aos-que-nao-temem-dizer-sim-2\/"},"modified":"2026-05-06T09:45:09","modified_gmt":"2026-05-06T12:45:09","slug":"9786588468470","status":"publish","type":"product","link":"https:\/\/www.irdin.org.br\/site\/produtos\/9786588468470\/","title":{"rendered":"Profecias aos que n\u00e3o temem dizer Sim"},"content":{"rendered":"<p>As profecias sempre foram instrumento de sinaliza\u00e7\u00e3o das leis evolutivas. Trazem impulsos de n\u00edveis sutis, revelam realidades intemporais e indicam vias de transcend\u00eancia. Preparam os que penetram sua linguagem simb\u00f3lica para etapas de servi\u00e7o ao planeta. As mensagens prof\u00e9ticas deste livro apresentam perspectivas do caminho ascensional. Poder\u00e3o vir a ser realidade \u00e0 medida que os homens passarem a dizer sim ao chamado do pr\u00f3prio mundo interior. Este livro se dedica aos que n\u00e3o se afastam da verdade nem se deixam intimidar por circunst\u00e2ncias materiais. \u00c9 um desafio \u00e0 capacidade intuitiva dos homens de hoje.<\/p>\n<p><a class=\"pdf\" href=\"\/pdf\/Profecias aos que nao temem dizer Sim_WEB.pdf\" target=\"_blank\" rel=\"noopener\">Baixar Gratuitamente<\/a><\/p>\n<p>&nbsp;<\/p>\n","protected":false},"excerpt":{"rendered":"<p>As profecias sempre foram instrumento de sinaliza\u00e7\u00e3o das leis evolutivas. Trazem impulsos de n\u00edveis sutis, revelam realidades intemporais e indicam<\/p>\n","protected":false},"featured_media":104067,"template":"","meta":{"_acf_changed":false},"product_brand":[],"product_cat":[33286,17972],"product_tag":[33345],"class_list":{"0":"post-85138","1":"product","2":"type-product","3":"status-publish","4":"has-post-thumbnail","6":"product_cat-livro","7":"product_cat-livros-livro","8":"product_tag-33345","9":"pa_autor-trigueirinho","10":"pa_classe-do-produto-fisico","11":"pa_codigo-de-barras-44062","12":"pa_codigo-externo-tr039pep","13":"pa_data-de-lancamento-21794","14":"pa_idioma-de-destino-portugues","15":"pa_idioma-de-origem-portugues","16":"pa_lancamento-yes","17":"pa_midia-papel","18":"pa_moac-33538","19":"pa_quantidade-de-paginas-22160","20":"pa_quantidade-de-saldo-33010","21":"pa_tipo-de-traducao-nao-classificado","23":"first","24":"instock","25":"featured","26":"purchasable","27":"product-type-simple"},"acf":[],"_links":{"self":[{"href":"https:\/\/www.irdin.org.br\/site\/wp-json\/wp\/v2\/product\/85138","targetHints":{"allow":["GET"]}}],"collection":[{"href":"https:\/\/www.irdin.org.br\/site\/wp-json\/wp\/v2\/product"}],"about":[{"href":"https:\/\/www.irdin.org.br\/site\/wp-json\/wp\/v2\/types\/product"}],"version-history":[{"count":2,"href":"https:\/\/www.irdin.org.br\/site\/wp-json\/wp\/v2\/product\/85138\/revisions"}],"predecessor-version":[{"id":87315,"href":"https:\/\/www.irdin.org.br\/site\/wp-json\/wp\/v2\/product\/85138\/revisions\/87315"}],"wp:featuredmedia":[{"embeddable":true,"href":"https:\/\/www.irdin.org.br\/site\/wp-json\/wp\/v2\/media\/104067"}],"wp:attachment":[{"href":"https:\/\/www.irdin.org.br\/site\/wp-json\/wp\/v2\/media?parent=85138"}],"wp:term":[{"taxonomy":"product_brand","embeddable":true,"href":"https:\/\/www.irdin.org.br\/site\/wp-json\/wp\/v2\/product_brand?post=85138"},{"taxonomy":"product_cat","embeddable":true,"href":"https:\/\/www.irdin.org.br\/site\/wp-json\/wp\/v2\/product_cat?post=85138"},{"taxonomy":"product_tag","embeddable":true,"href":"https:\/\/www.irdin.org.br\/site\/wp-json\/wp\/v2\/product_tag?post=85138"}],"curies":[{"name":"wp","href":"https:\/\/api.w.org\/{rel}","templated":true}]}}