{"id":85142,"date":"1993-01-01T00:00:00","date_gmt":"1993-01-01T00:00:00","guid":{"rendered":"http:\/\/www.irdin.org.br\/site\/produto\/a-cura-da-humanidade-2\/"},"modified":"2026-04-24T11:58:32","modified_gmt":"2026-04-24T14:58:32","slug":"9788531507922","status":"publish","type":"product","link":"https:\/\/www.irdin.org.br\/site\/produtos\/9788531507922\/","title":{"rendered":"A Cura da Humanidade"},"content":{"rendered":"<p>A humanidade, que ingressa agora no caminho de retorno \u00e0 vida imaterial, come\u00e7a a acolher o ensinamento sobre a exist\u00eancia de mundos superiores e a possibilidade de comungar com eles. A mente pode ter papel importante nesta fase. Por\u00e9m, acostumada a fixar-se no tempo e no espa\u00e7o, reluta em penetrar a eternidade, em descobrir uma evolu\u00e7\u00e3o em que as etapas n\u00e3o s\u00e3o cronol\u00f3gicas. Mas \u00e9 fundamental que desperte para a percep\u00e7\u00e3o de um fluxo de vida incessante, em cont\u00ednua mudan\u00e7a em nosso interior. \u00c9 a integra\u00e7\u00e3o do ser humano nesse fluxo que trar\u00e1 equil\u00edbrio e harmonia \u00e0 vida planet\u00e1ria. A Cura da Humanidade \u00e9 um convite a que se v\u00e1 ao encontro dessas novas possibilidades. A CURA DA HUMANIDADE \u00e9 um convite a que se v\u00e1 ao encontro dessas novas possibilidades.<\/p>\n<p><a class=\"pdf\" href=\"\/pdf\/A Cura da Humanidade_WEB.pdf\" target=\"_blank\" rel=\"noopener\">Baixar Gratuitamente<\/a><\/p>\n<p>&nbsp;<\/p>\n","protected":false},"excerpt":{"rendered":"<p>A humanidade, que ingressa agora no caminho de retorno \u00e0 vida imaterial, come\u00e7a a acolher o ensinamento sobre a exist\u00eancia<\/p>\n","protected":false},"featured_media":87271,"template":"","meta":{"_acf_changed":false},"product_brand":[],"product_cat":[33286,17972],"product_tag":[33349],"class_list":{"0":"post-85142","1":"product","2":"type-product","3":"status-publish","4":"has-post-thumbnail","6":"product_cat-livro","7":"product_cat-livros-livro","8":"product_tag-33349","9":"pa_autor-trigueirinho","10":"pa_classe-do-produto-fisico","11":"pa_codigo-de-barras-23343","12":"pa_codigo-externo-tr042pep","13":"pa_data-de-lancamento-21794","14":"pa_idioma-de-destino-portugues","15":"pa_idioma-de-origem-portugues","16":"pa_lancamento-no","17":"pa_midia-papel","18":"pa_moac-33546","19":"pa_quantidade-de-saldo-32994","20":"pa_tipo-de-traducao-nao-classificado","22":"first","23":"instock","24":"sale","25":"purchasable","26":"product-type-simple"},"acf":[],"_links":{"self":[{"href":"https:\/\/www.irdin.org.br\/site\/wp-json\/wp\/v2\/product\/85142","targetHints":{"allow":["GET"]}}],"collection":[{"href":"https:\/\/www.irdin.org.br\/site\/wp-json\/wp\/v2\/product"}],"about":[{"href":"https:\/\/www.irdin.org.br\/site\/wp-json\/wp\/v2\/types\/product"}],"version-history":[{"count":1,"href":"https:\/\/www.irdin.org.br\/site\/wp-json\/wp\/v2\/product\/85142\/revisions"}],"predecessor-version":[{"id":106440,"href":"https:\/\/www.irdin.org.br\/site\/wp-json\/wp\/v2\/product\/85142\/revisions\/106440"}],"wp:featuredmedia":[{"embeddable":true,"href":"https:\/\/www.irdin.org.br\/site\/wp-json\/wp\/v2\/media\/87271"}],"wp:attachment":[{"href":"https:\/\/www.irdin.org.br\/site\/wp-json\/wp\/v2\/media?parent=85142"}],"wp:term":[{"taxonomy":"product_brand","embeddable":true,"href":"https:\/\/www.irdin.org.br\/site\/wp-json\/wp\/v2\/product_brand?post=85142"},{"taxonomy":"product_cat","embeddable":true,"href":"https:\/\/www.irdin.org.br\/site\/wp-json\/wp\/v2\/product_cat?post=85142"},{"taxonomy":"product_tag","embeddable":true,"href":"https:\/\/www.irdin.org.br\/site\/wp-json\/wp\/v2\/product_tag?post=85142"}],"curies":[{"name":"wp","href":"https:\/\/api.w.org\/{rel}","templated":true}]}}