{"id":85144,"date":"1993-01-01T00:00:00","date_gmt":"1993-01-01T00:00:00","guid":{"rendered":"http:\/\/www.irdin.org.br\/site\/produto\/encontros-com-a-paz-2\/"},"modified":"2026-04-24T11:58:53","modified_gmt":"2026-04-24T14:58:53","slug":"9788531508028","status":"publish","type":"product","link":"https:\/\/www.irdin.org.br\/site\/produtos\/9788531508028\/","title":{"rendered":"Encontros com a Paz"},"content":{"rendered":"<p>Este livro aponta com simplicidade uma dire\u00e7\u00e3o que possibilita a harmonia neste atual e cr\u00edtico momento do planeta. Ajuda o leitor a aproximar-se de Hierarquias espirituais que trabalham pela evolu\u00e7\u00e3o e de grupos internos de almas que colaboram para a uni\u00e3o da terra com mundos superiores. Assim, o leitor vai sendo transformado e curado mesmo sem que o perceba. Vai-se entregando, com leveza, aos n\u00edveis profundos do seu pr\u00f3prio ser. Vai descobrindo uma nova forma de viver.<\/p>\n<p>&nbsp;<\/p>\n","protected":false},"excerpt":{"rendered":"<p>Este livro aponta com simplicidade uma dire\u00e7\u00e3o que possibilita a harmonia neste atual e cr\u00edtico momento do planeta. Ajuda o<\/p>\n","protected":false},"featured_media":1290,"template":"","meta":{"_acf_changed":false},"product_brand":[],"product_cat":[33286,17972],"product_tag":[33351],"class_list":{"0":"post-85144","1":"product","2":"type-product","3":"status-publish","4":"has-post-thumbnail","6":"product_cat-livro","7":"product_cat-livros-livro","8":"product_tag-33351","9":"pa_autor-trigueirinho","10":"pa_classe-do-produto-fisico","11":"pa_codigo-de-barras-23359","12":"pa_codigo-externo-tr045pep","13":"pa_data-de-lancamento-21794","14":"pa_idioma-de-destino-portugues","15":"pa_idioma-de-origem-portugues","16":"pa_lancamento-no","17":"pa_midia-papel","18":"pa_moac-33550","19":"pa_quantidade-de-saldo-33010","20":"pa_tipo-de-traducao-nao-classificado","22":"first","23":"instock","24":"purchasable","25":"product-type-simple"},"acf":[],"_links":{"self":[{"href":"https:\/\/www.irdin.org.br\/site\/wp-json\/wp\/v2\/product\/85144","targetHints":{"allow":["GET"]}}],"collection":[{"href":"https:\/\/www.irdin.org.br\/site\/wp-json\/wp\/v2\/product"}],"about":[{"href":"https:\/\/www.irdin.org.br\/site\/wp-json\/wp\/v2\/types\/product"}],"version-history":[{"count":1,"href":"https:\/\/www.irdin.org.br\/site\/wp-json\/wp\/v2\/product\/85144\/revisions"}],"predecessor-version":[{"id":106441,"href":"https:\/\/www.irdin.org.br\/site\/wp-json\/wp\/v2\/product\/85144\/revisions\/106441"}],"wp:featuredmedia":[{"embeddable":true,"href":"https:\/\/www.irdin.org.br\/site\/wp-json\/wp\/v2\/media\/1290"}],"wp:attachment":[{"href":"https:\/\/www.irdin.org.br\/site\/wp-json\/wp\/v2\/media?parent=85144"}],"wp:term":[{"taxonomy":"product_brand","embeddable":true,"href":"https:\/\/www.irdin.org.br\/site\/wp-json\/wp\/v2\/product_brand?post=85144"},{"taxonomy":"product_cat","embeddable":true,"href":"https:\/\/www.irdin.org.br\/site\/wp-json\/wp\/v2\/product_cat?post=85144"},{"taxonomy":"product_tag","embeddable":true,"href":"https:\/\/www.irdin.org.br\/site\/wp-json\/wp\/v2\/product_tag?post=85144"}],"curies":[{"name":"wp","href":"https:\/\/api.w.org\/{rel}","templated":true}]}}