{"id":85146,"date":"1993-01-01T00:00:00","date_gmt":"1993-01-01T00:00:00","guid":{"rendered":"http:\/\/www.irdin.org.br\/site\/produto\/novos-oraculos-2\/"},"modified":"2026-04-29T08:38:02","modified_gmt":"2026-04-29T11:38:02","slug":"9788554410537","status":"publish","type":"product","link":"https:\/\/www.irdin.org.br\/site\/produtos\/9788554410537\/","title":{"rendered":"Novos Or\u00e1culos"},"content":{"rendered":"<p>Pode-se perceber a aproxima\u00e7\u00e3o de novo ciclo em que os descaminhos da humanidade ser\u00e3o superados para que uma lei superior se implante e uma ordem c\u00f3smica possa exprimir-se na superf\u00edcie deste pequeno planeta. Para isso, toda a vida na Terra est\u00e1 ajustando sua sintonia \u00e0 vibra\u00e7\u00e3o de uma exist\u00eancia superior e elevando sua intera\u00e7\u00e3o com os demais planetas deste sistema solar, o que permitir\u00e1 o estabelecimento de contatos cada vez mais sutis. Nesse contexto, os s\u00edmbolos que veiculam energias transcendentes revestem-se de grande import\u00e2ncia, especialmente devido ao desenvolvimento que promovem na consci\u00eancia de quem busca penetrar os seus mist\u00e9rios.<\/p>\n<p><a class=\"pdf\" href=\"\/pdf\/Novos_Oraculos_WEB.pdf\" target=\"_blank\" rel=\"noopener\">Baixar Gratuitamente<\/a><\/p>\n<p>&nbsp;<\/p>\n","protected":false},"excerpt":{"rendered":"<p>Pode-se perceber a aproxima\u00e7\u00e3o de novo ciclo em que os descaminhos da humanidade ser\u00e3o superados para que uma lei superior<\/p>\n","protected":false},"featured_media":86814,"template":"","meta":{"_acf_changed":false},"product_brand":[],"product_cat":[33286,17972],"product_tag":[33353],"class_list":{"0":"post-85146","1":"product","2":"type-product","3":"status-publish","4":"has-post-thumbnail","6":"product_cat-livro","7":"product_cat-livros-livro","8":"product_tag-33353","9":"pa_autor-trigueirinho","10":"pa_classe-do-produto-fisico","11":"pa_codigo-de-barras-44219","12":"pa_codigo-externo-tr046pep","13":"pa_data-de-lancamento-21794","14":"pa_idioma-de-destino-portugues","15":"pa_idioma-de-origem-portugues","16":"pa_lancamento-no","17":"pa_midia-papel","18":"pa_moac-33554","19":"pa_quantidade-de-paginas-44059","20":"pa_quantidade-de-saldo-33281","21":"pa_tipo-de-traducao-nao-classificado","23":"first","24":"instock","25":"purchasable","26":"product-type-simple"},"acf":[],"_links":{"self":[{"href":"https:\/\/www.irdin.org.br\/site\/wp-json\/wp\/v2\/product\/85146","targetHints":{"allow":["GET"]}}],"collection":[{"href":"https:\/\/www.irdin.org.br\/site\/wp-json\/wp\/v2\/product"}],"about":[{"href":"https:\/\/www.irdin.org.br\/site\/wp-json\/wp\/v2\/types\/product"}],"version-history":[{"count":2,"href":"https:\/\/www.irdin.org.br\/site\/wp-json\/wp\/v2\/product\/85146\/revisions"}],"predecessor-version":[{"id":109608,"href":"https:\/\/www.irdin.org.br\/site\/wp-json\/wp\/v2\/product\/85146\/revisions\/109608"}],"wp:featuredmedia":[{"embeddable":true,"href":"https:\/\/www.irdin.org.br\/site\/wp-json\/wp\/v2\/media\/86814"}],"wp:attachment":[{"href":"https:\/\/www.irdin.org.br\/site\/wp-json\/wp\/v2\/media?parent=85146"}],"wp:term":[{"taxonomy":"product_brand","embeddable":true,"href":"https:\/\/www.irdin.org.br\/site\/wp-json\/wp\/v2\/product_brand?post=85146"},{"taxonomy":"product_cat","embeddable":true,"href":"https:\/\/www.irdin.org.br\/site\/wp-json\/wp\/v2\/product_cat?post=85146"},{"taxonomy":"product_tag","embeddable":true,"href":"https:\/\/www.irdin.org.br\/site\/wp-json\/wp\/v2\/product_tag?post=85146"}],"curies":[{"name":"wp","href":"https:\/\/api.w.org\/{rel}","templated":true}]}}