{"id":85148,"date":"1994-01-01T00:00:00","date_gmt":"1994-01-01T00:00:00","guid":{"rendered":"http:\/\/www.irdin.org.br\/site\/produto\/bases-do-mundo-ardente-indicacoes-para-contato-com-os-mundos-suprafisicos\/"},"modified":"2026-04-08T07:51:11","modified_gmt":"2026-04-08T10:51:11","slug":"9788531508325","status":"publish","type":"product","link":"https:\/\/www.irdin.org.br\/site\/produtos\/9788531508325\/","title":{"rendered":"Bases do Mundo Ardente &#8211; Indica\u00e7\u00f5es para contato com os mundos supraf\u00edsicos"},"content":{"rendered":"<p>Assistimos em nosso tempo a uma verdadeira decrepitude de valores \u00e9ticos e sociais, ao lado de um consider\u00e1vel avan\u00e7o cient\u00edfico. Enquanto uma pequena parcela da humanidade tem acesso a recursos que h\u00e1 poucos anos faziam parte de hist\u00f3rias de fic\u00e7\u00e3o, outra parcela \u00e9 dizimada pela fome, pelas epidemias, pelas guerras, ou se degenera. O aparente desenvolvimento vem sendo conduzido por for\u00e7as que se esquivam de uma vis\u00e3o superior da vida, for\u00e7as que se fundamentam em jogos de interesses escusos, que manipulam elementos vinculados \u00e0 cogni\u00e7\u00e3o externa, ao ac\u00famulo de experi\u00eancia e \u00e0 ambi\u00e7\u00e3o humana. Por ser extremamente restrito, o campo de conhecimento ao qual essas for\u00e7as circunscrevem o homem \u00e9 por demais pass\u00edvel de erros. Pode-se citar o exemplo da sonda espacial Galileu, que ap\u00f3s longa viagem pelo espa\u00e7o, durante a qual enviava para a base os dados que ia recolhendo, a informou, ao contornar a Terra, da probabilidade de n\u00e3o haver aqui vida inteligente. Sem as potencialidades do pr\u00f3prio universo interior ativas, ou seja, sem o desenvolvimento do seu consciente direito, o ser humano permanece envolto num pseudoconhecimento. Ao defrontar-se com a fra\u00e7\u00e3o, toma-a por unidade: concentra-se em um detalhe, acreditando englobar o todo. Contudo, os mundos ardentes revelam-se a todo \u00e0quele que os busca com sinceridade e facultam-lhe uma vis\u00e3o mais ampla e real da vida. Sem as potencialidades do pr\u00f3prio universo interior ativas, ou seja, sem o desenvolvimento do seu consciente direito, o ser humano permanece envolto num pseudoconhecimento: ao defrontar-se com a fra\u00e7\u00e3o, toma-a por unidade, concentra-se em um detalhe, acreditando englobar o todo. Contudo, os mundos ardentes revelam-se a todo aquele que os busca com sinceridade e facultam-lhe uma vis\u00e3o mais ampla e real da vida.<\/p>\n<p>&nbsp;<\/p>\n","protected":false},"excerpt":{"rendered":"<p>Assistimos em nosso tempo a uma verdadeira decrepitude de valores \u00e9ticos e sociais, ao lado de um consider\u00e1vel avan\u00e7o cient\u00edfico.<\/p>\n","protected":false},"featured_media":86779,"template":"","meta":{"_acf_changed":false},"product_brand":[],"product_cat":[33286,17972],"product_tag":[33355],"class_list":{"0":"post-85148","1":"product","2":"type-product","3":"status-publish","4":"has-post-thumbnail","6":"product_cat-livro","7":"product_cat-livros-livro","8":"product_tag-33355","9":"pa_autor-trigueirinho","10":"pa_classe-do-produto-fisico","11":"pa_codigo-de-barras-23374","12":"pa_codigo-externo-tr049pep","13":"pa_data-de-lancamento-21698","14":"pa_idioma-de-destino-portugues","15":"pa_idioma-de-origem-portugues","16":"pa_lancamento-no","17":"pa_midia-papel","18":"pa_moac-33558","19":"pa_quantidade-de-saldo-33010","20":"pa_tipo-de-traducao-nao-classificado","22":"first","23":"instock","24":"purchasable","25":"product-type-simple"},"acf":[],"_links":{"self":[{"href":"https:\/\/www.irdin.org.br\/site\/wp-json\/wp\/v2\/product\/85148","targetHints":{"allow":["GET"]}}],"collection":[{"href":"https:\/\/www.irdin.org.br\/site\/wp-json\/wp\/v2\/product"}],"about":[{"href":"https:\/\/www.irdin.org.br\/site\/wp-json\/wp\/v2\/types\/product"}],"version-history":[{"count":1,"href":"https:\/\/www.irdin.org.br\/site\/wp-json\/wp\/v2\/product\/85148\/revisions"}],"predecessor-version":[{"id":106433,"href":"https:\/\/www.irdin.org.br\/site\/wp-json\/wp\/v2\/product\/85148\/revisions\/106433"}],"wp:featuredmedia":[{"embeddable":true,"href":"https:\/\/www.irdin.org.br\/site\/wp-json\/wp\/v2\/media\/86779"}],"wp:attachment":[{"href":"https:\/\/www.irdin.org.br\/site\/wp-json\/wp\/v2\/media?parent=85148"}],"wp:term":[{"taxonomy":"product_brand","embeddable":true,"href":"https:\/\/www.irdin.org.br\/site\/wp-json\/wp\/v2\/product_brand?post=85148"},{"taxonomy":"product_cat","embeddable":true,"href":"https:\/\/www.irdin.org.br\/site\/wp-json\/wp\/v2\/product_cat?post=85148"},{"taxonomy":"product_tag","embeddable":true,"href":"https:\/\/www.irdin.org.br\/site\/wp-json\/wp\/v2\/product_tag?post=85148"}],"curies":[{"name":"wp","href":"https:\/\/api.w.org\/{rel}","templated":true}]}}