{"id":85149,"date":"1994-01-01T00:00:00","date_gmt":"1994-01-01T00:00:00","guid":{"rendered":"http:\/\/www.irdin.org.br\/site\/produto\/contatos-com-um-monasterio-intraterreno-2\/"},"modified":"2026-04-22T11:43:04","modified_gmt":"2026-04-22T14:43:04","slug":"9788531509124","status":"publish","type":"product","link":"https:\/\/www.irdin.org.br\/site\/produtos\/9788531509124\/","title":{"rendered":"Contatos com um Monast\u00e9rio Intraterreno"},"content":{"rendered":"<p>O que se passou com a personagem deste livro \u00e9 algo que est\u00e1 ocorrendo, em diferentes graus, com muitos indiv\u00edduos hoje. Habitantes de mundos invis\u00edveis revelam-se ao ser humano da superf\u00edcie da Terra e indicam-lhe o caminho ascendente por meio do qual a vida sobre este planeta prepara sua renova\u00e7\u00e3o. Nem todos t\u00eam clara consci\u00eancia desses fatos sutis, mas podem pressenti-los e, quando tomam conhecimento deles, reconhecem-nos como verdadeiros. Afinal, quantas vezes j\u00e1 nos percebemos ajudados por consci\u00eancias de outras dimens\u00f5es? Ser\u00e3o anjos, devas ou humanidades de reinos paralelos ao nosso? Esse contato com os mundos internos \u00e9 fruto da unifica\u00e7\u00e3o do ser. E isso nos confirma a jovem personagem deste livro.<\/p>\n<p><a class=\"pdf\" href=\"\/pdf\/Contatos com um Monasterio Intraterreno_WEB.pdf\" target=\"_blank\" rel=\"noopener\">Baixar Gratuitamente<\/a><\/p>\n","protected":false},"excerpt":{"rendered":"<p>O que se passou com a personagem deste livro \u00e9 algo que est\u00e1 ocorrendo, em diferentes graus, com muitos indiv\u00edduos<\/p>\n","protected":false},"featured_media":1307,"template":"","meta":{"_acf_changed":false},"product_brand":[],"product_cat":[33286,17972],"product_tag":[33356],"class_list":{"0":"post-85149","1":"product","2":"type-product","3":"status-publish","4":"has-post-thumbnail","6":"product_cat-livro","7":"product_cat-livros-livro","8":"product_tag-33356","9":"pa_autor-trigueirinho","10":"pa_classe-do-produto-fisico","11":"pa_codigo-de-barras-23378","12":"pa_codigo-externo-tr050pep","13":"pa_data-de-lancamento-21698","14":"pa_idioma-de-destino-portugues","15":"pa_idioma-de-origem-portugues","16":"pa_lancamento-no","17":"pa_midia-papel","18":"pa_moac-33560","19":"pa_quantidade-de-saldo-33008","20":"pa_tipo-de-traducao-nao-classificado","22":"first","23":"instock","24":"purchasable","25":"product-type-simple"},"acf":[],"_links":{"self":[{"href":"https:\/\/www.irdin.org.br\/site\/wp-json\/wp\/v2\/product\/85149","targetHints":{"allow":["GET"]}}],"collection":[{"href":"https:\/\/www.irdin.org.br\/site\/wp-json\/wp\/v2\/product"}],"about":[{"href":"https:\/\/www.irdin.org.br\/site\/wp-json\/wp\/v2\/types\/product"}],"version-history":[{"count":2,"href":"https:\/\/www.irdin.org.br\/site\/wp-json\/wp\/v2\/product\/85149\/revisions"}],"predecessor-version":[{"id":86571,"href":"https:\/\/www.irdin.org.br\/site\/wp-json\/wp\/v2\/product\/85149\/revisions\/86571"}],"wp:featuredmedia":[{"embeddable":true,"href":"https:\/\/www.irdin.org.br\/site\/wp-json\/wp\/v2\/media\/1307"}],"wp:attachment":[{"href":"https:\/\/www.irdin.org.br\/site\/wp-json\/wp\/v2\/media?parent=85149"}],"wp:term":[{"taxonomy":"product_brand","embeddable":true,"href":"https:\/\/www.irdin.org.br\/site\/wp-json\/wp\/v2\/product_brand?post=85149"},{"taxonomy":"product_cat","embeddable":true,"href":"https:\/\/www.irdin.org.br\/site\/wp-json\/wp\/v2\/product_cat?post=85149"},{"taxonomy":"product_tag","embeddable":true,"href":"https:\/\/www.irdin.org.br\/site\/wp-json\/wp\/v2\/product_tag?post=85149"}],"curies":[{"name":"wp","href":"https:\/\/api.w.org\/{rel}","templated":true}]}}