{"id":85152,"date":"1994-01-01T00:00:00","date_gmt":"1994-01-01T00:00:00","guid":{"rendered":"http:\/\/www.irdin.org.br\/site\/produto\/a-trajetoria-do-fogo-uma-introducao-a-leis-eternas-2\/"},"modified":"2026-03-23T10:31:28","modified_gmt":"2026-03-23T13:31:28","slug":"9786588468098","status":"publish","type":"product","link":"https:\/\/www.irdin.org.br\/site\/produtos\/9786588468098\/","title":{"rendered":"A Trajet\u00f3ria do Fogo &#8211; Uma introdu\u00e7\u00e3o a leis eternas"},"content":{"rendered":"<p>O foco irradiador da vida espiritual para a humanidade trasladou-se do Oriente ao Ocidente. A partir de ent\u00e3o, mudan\u00e7as na consci\u00eancia planet\u00e1ria est\u00e3o realizando-se com grande rapidez e todos os seres s\u00e3o permeados com a qualidade unificadora, feminina e receptiva de uma nova energia. Na<br \/>\nfase que assim se inicia, ganham destaque os grupos que se dedicam ao servi\u00e7o do mundo. Recebem o conhecimento das leis regentes de diversos planos de consci\u00eancia para estabelecerem com eles correto relacionamento e entrarem em contato com mundos mais sutis, onde j\u00e1 existem realidades<br \/>\ne conjunturas do ciclo vindouro.<\/p>\n<p>Muito do que ainda n\u00e3o pode ser manifestado na vida concreta exprime-se com liberdade nesses n\u00edveis de consci\u00eancia preservados da presen\u00e7a de for\u00e7as involutivas. A intera\u00e7\u00e3o com eles \u00e9 tarefa dos que aspiram a colaborar nesse porvir, e permitir\u00e1 cumprir-se o que tantas vezes foi anunciado:<br \/>\nenquanto a presente civiliza\u00e7\u00e3o se desestrutura e caminha para o caos, uma vida de sabedoria e luz prepara-se para emergir.<\/p>\n<p><a class=\"pdf\" href=\"\/pdf\/A Trajetoria do Fogo_WEB.pdf\" target=\"_blank\" rel=\"noopener\">Baixar Gratuitamente<\/a><\/p>\n<p>&nbsp;<\/p>\n","protected":false},"excerpt":{"rendered":"<p>O foco irradiador da vida espiritual para a humanidade trasladou-se do Oriente ao Ocidente. A partir de ent\u00e3o, mudan\u00e7as na<\/p>\n","protected":false},"featured_media":87942,"template":"","meta":{"_acf_changed":false},"product_brand":[],"product_cat":[33286,17972],"product_tag":[33359],"class_list":{"0":"post-85152","1":"product","2":"type-product","3":"status-publish","4":"has-post-thumbnail","6":"product_cat-livro","7":"product_cat-livros-livro","8":"product_tag-33359","9":"pa_autor-trigueirinho","10":"pa_classe-do-produto-fisico","11":"pa_codigo-de-barras-43949","12":"pa_codigo-externo-tr052pep","13":"pa_data-de-lancamento-21698","14":"pa_idioma-de-destino-portugues","15":"pa_idioma-de-origem-portugues","16":"pa_lancamento-no","17":"pa_midia-papel","18":"pa_moac-33566","19":"pa_quantidade-de-paginas-43953","20":"pa_quantidade-de-saldo-33009","21":"pa_tipo-de-traducao-nao-classificado","23":"first","24":"instock","25":"featured","26":"purchasable","27":"product-type-simple"},"acf":[],"_links":{"self":[{"href":"https:\/\/www.irdin.org.br\/site\/wp-json\/wp\/v2\/product\/85152","targetHints":{"allow":["GET"]}}],"collection":[{"href":"https:\/\/www.irdin.org.br\/site\/wp-json\/wp\/v2\/product"}],"about":[{"href":"https:\/\/www.irdin.org.br\/site\/wp-json\/wp\/v2\/types\/product"}],"version-history":[{"count":2,"href":"https:\/\/www.irdin.org.br\/site\/wp-json\/wp\/v2\/product\/85152\/revisions"}],"predecessor-version":[{"id":109533,"href":"https:\/\/www.irdin.org.br\/site\/wp-json\/wp\/v2\/product\/85152\/revisions\/109533"}],"wp:featuredmedia":[{"embeddable":true,"href":"https:\/\/www.irdin.org.br\/site\/wp-json\/wp\/v2\/media\/87942"}],"wp:attachment":[{"href":"https:\/\/www.irdin.org.br\/site\/wp-json\/wp\/v2\/media?parent=85152"}],"wp:term":[{"taxonomy":"product_brand","embeddable":true,"href":"https:\/\/www.irdin.org.br\/site\/wp-json\/wp\/v2\/product_brand?post=85152"},{"taxonomy":"product_cat","embeddable":true,"href":"https:\/\/www.irdin.org.br\/site\/wp-json\/wp\/v2\/product_cat?post=85152"},{"taxonomy":"product_tag","embeddable":true,"href":"https:\/\/www.irdin.org.br\/site\/wp-json\/wp\/v2\/product_tag?post=85152"}],"curies":[{"name":"wp","href":"https:\/\/api.w.org\/{rel}","templated":true}]}}