{"id":85153,"date":"2018-04-26T18:51:18","date_gmt":"2018-04-26T18:51:18","guid":{"rendered":"http:\/\/www.irdin.org.br\/site\/produto\/glossario-esoterico\/"},"modified":"2026-04-05T15:07:04","modified_gmt":"2026-04-05T18:07:04","slug":"9788531508684","status":"publish","type":"product","link":"https:\/\/www.irdin.org.br\/site\/produtos\/9788531508684\/","title":{"rendered":"Gloss\u00e1rio Esot\u00e9rico"},"content":{"rendered":"<p>Com mais de mil verbetes acerca do que se passa na Terra e no ser humano nesta \u00e9poca de transi\u00e7\u00e3o, esta obra vai ao encontro tanto dos que est\u00e3o despertando para a vida interior, quanto dos que j\u00e1 aderiram a ela. Esclarece aos que buscam a verdade e anseiam penetrar o lado desconhecido da exist\u00eancia humana, planet\u00e1ria e c\u00f3smica. Mostra que enquanto se colhe a semeadura de ciclos passados, planta-se a vida futura na Terra.<\/p>\n<p><a class=\"pdf\" href=\"\/pdf\/Gloss\u00e1rio Esot\u00e9rico_WEB.pdf\" target=\"_blank\" rel=\"noopener\">Baixar Gratuitamente<\/a><\/p>\n<p>&nbsp;<\/p>\n","protected":false},"excerpt":{"rendered":"<p>Com mais de mil verbetes acerca do que se passa na Terra e no ser humano nesta \u00e9poca de transi\u00e7\u00e3o,<\/p>\n","protected":false},"featured_media":88001,"template":"","meta":{"_acf_changed":false},"product_brand":[],"product_cat":[33286,17972],"product_tag":[],"class_list":{"0":"post-85153","1":"product","2":"type-product","3":"status-publish","4":"has-post-thumbnail","6":"product_cat-livro","7":"product_cat-livros-livro","8":"pa_autor-trigueirinho","9":"pa_classe-do-produto-fisico","10":"pa_idioma-de-destino-portugues","11":"pa_lancamento-no","12":"pa_midia-papel","13":"pa_moac-33568","14":"pa_quantidade-de-paginas-23398","15":"pa_quantidade-de-saldo-33010","16":"pa_tipo-de-traducao-nao-classificado","18":"first","19":"outofstock","20":"featured","21":"purchasable","22":"product-type-simple"},"acf":[],"_links":{"self":[{"href":"https:\/\/www.irdin.org.br\/site\/wp-json\/wp\/v2\/product\/85153","targetHints":{"allow":["GET"]}}],"collection":[{"href":"https:\/\/www.irdin.org.br\/site\/wp-json\/wp\/v2\/product"}],"about":[{"href":"https:\/\/www.irdin.org.br\/site\/wp-json\/wp\/v2\/types\/product"}],"version-history":[{"count":2,"href":"https:\/\/www.irdin.org.br\/site\/wp-json\/wp\/v2\/product\/85153\/revisions"}],"predecessor-version":[{"id":104314,"href":"https:\/\/www.irdin.org.br\/site\/wp-json\/wp\/v2\/product\/85153\/revisions\/104314"}],"wp:featuredmedia":[{"embeddable":true,"href":"https:\/\/www.irdin.org.br\/site\/wp-json\/wp\/v2\/media\/88001"}],"wp:attachment":[{"href":"https:\/\/www.irdin.org.br\/site\/wp-json\/wp\/v2\/media?parent=85153"}],"wp:term":[{"taxonomy":"product_brand","embeddable":true,"href":"https:\/\/www.irdin.org.br\/site\/wp-json\/wp\/v2\/product_brand?post=85153"},{"taxonomy":"product_cat","embeddable":true,"href":"https:\/\/www.irdin.org.br\/site\/wp-json\/wp\/v2\/product_cat?post=85153"},{"taxonomy":"product_tag","embeddable":true,"href":"https:\/\/www.irdin.org.br\/site\/wp-json\/wp\/v2\/product_tag?post=85153"}],"curies":[{"name":"wp","href":"https:\/\/api.w.org\/{rel}","templated":true}]}}