{"id":85160,"date":"1997-01-01T00:00:00","date_gmt":"1997-01-01T00:00:00","guid":{"rendered":"http:\/\/www.irdin.org.br\/site\/produto\/ventos-do-espirito-aos-que-buscam-oracao-e-recolhimento\/"},"modified":"2019-12-06T20:01:27","modified_gmt":"2019-12-06T20:01:27","slug":"ventos-do-espirito-aos-que-buscam-oracao-e-recolhimento","status":"publish","type":"product","link":"https:\/\/www.irdin.org.br\/site\/produtos\/ventos-do-espirito-aos-que-buscam-oracao-e-recolhimento\/","title":{"rendered":"Ventos do Esp\u00edrito &#8211; Aos que buscam ora\u00e7\u00e3o e recolhimento"},"content":{"rendered":"<p>O mundo est\u00e1 no limite m\u00e1ximo de tens\u00e3o, e dele se aproxima uma onda ainda maior de conflitos. Ao mesmo tempo, a humanidade est\u00e1 diante de um novo ciclo: as portas do Cosmos se abrem a ela, para que assuma conscientemente a sua parte numa grande harmonia universal. O tempo dos milagres chegou e necessita de n\u00f3s para realizar-se em plenitude. Precisamos preparar-nos para espargir na Terra uma energia ben\u00e9fica, de paz e transcend\u00eancia. O Esp\u00edrito, que \u00e9 a ess\u00eancia do ser humano, n\u00e3o vem ao mundo para criar nada nem para apegar-se a nada, mas para dar forma ao que a Vida precisa manifestar. Como permitir que ele cumpra esse prop\u00f3sito? Como conhecer a vida e compreender os seus segredos? Eis aqui um livro que nos aponta caminhos para descobertas profundas e fundamentais em nossa \u00e9poca.<\/p>\n<p><a class=\"pdf\" href=\"\/pdf\/Ventos_do_espirito_WEB.pdf\" target=\"_blank\">Baixar Gratuitamente<\/a><\/p>\n<p>&nbsp;<\/p>\n","protected":false},"excerpt":{"rendered":"<p>O mundo est\u00e1 no limite m\u00e1ximo de tens\u00e3o, e dele se aproxima uma onda ainda maior de conflitos. Ao mesmo<\/p>\n","protected":false},"featured_media":1360,"template":"","meta":{"_acf_changed":false},"product_brand":[],"product_cat":[33286,17972],"product_tag":[33367],"class_list":{"0":"post-85160","1":"product","2":"type-product","3":"status-publish","4":"has-post-thumbnail","6":"product_cat-livro","7":"product_cat-livros-livro","8":"product_tag-33367","9":"pa_autor-trigueirinho","10":"pa_classe-do-produto-fisico","11":"pa_codigo-de-barras-23448","12":"pa_codigo-externo-tr058pep","13":"pa_data-de-lancamento-21899","14":"pa_idioma-de-destino-portugues","15":"pa_idioma-de-origem-portugues","16":"pa_lancamento-no","17":"pa_midia-papel","18":"pa_moac-33582","19":"pa_quantidade-de-saldo-33008","20":"pa_tipo-de-traducao-nao-classificado","22":"first","23":"outofstock","24":"product-type-simple"},"acf":[],"_links":{"self":[{"href":"https:\/\/www.irdin.org.br\/site\/wp-json\/wp\/v2\/product\/85160","targetHints":{"allow":["GET"]}}],"collection":[{"href":"https:\/\/www.irdin.org.br\/site\/wp-json\/wp\/v2\/product"}],"about":[{"href":"https:\/\/www.irdin.org.br\/site\/wp-json\/wp\/v2\/types\/product"}],"version-history":[{"count":0,"href":"https:\/\/www.irdin.org.br\/site\/wp-json\/wp\/v2\/product\/85160\/revisions"}],"wp:featuredmedia":[{"embeddable":true,"href":"https:\/\/www.irdin.org.br\/site\/wp-json\/wp\/v2\/media\/1360"}],"wp:attachment":[{"href":"https:\/\/www.irdin.org.br\/site\/wp-json\/wp\/v2\/media?parent=85160"}],"wp:term":[{"taxonomy":"product_brand","embeddable":true,"href":"https:\/\/www.irdin.org.br\/site\/wp-json\/wp\/v2\/product_brand?post=85160"},{"taxonomy":"product_cat","embeddable":true,"href":"https:\/\/www.irdin.org.br\/site\/wp-json\/wp\/v2\/product_cat?post=85160"},{"taxonomy":"product_tag","embeddable":true,"href":"https:\/\/www.irdin.org.br\/site\/wp-json\/wp\/v2\/product_tag?post=85160"}],"curies":[{"name":"wp","href":"https:\/\/api.w.org\/{rel}","templated":true}]}}