{"id":85161,"date":"1997-01-01T00:00:00","date_gmt":"1997-01-01T00:00:00","guid":{"rendered":"http:\/\/www.irdin.org.br\/site\/produto\/o-encontro-do-templo\/"},"modified":"2025-03-16T02:36:39","modified_gmt":"2025-03-16T02:36:39","slug":"o-encontro-do-templo","status":"publish","type":"product","link":"https:\/\/www.irdin.org.br\/site\/produtos\/o-encontro-do-templo\/","title":{"rendered":"O Encontro do Templo"},"content":{"rendered":"<p>MIRNA JAD, reino supraf\u00edsico de harmonia e paz, existe na \u00e1rea intraterrena de uma cadeia de montanhas da Am\u00e9rica do Sul. Suas sublimes energias curam e estimulam profundas expans\u00f5es de consci\u00eancia. Esse reino pode ser reconhecido e contatado por aqueles que, em sil\u00eancio, est\u00e3o receptivos a realidades sutis.<\/p>\n<p><a class=\"pdf\" href=\"\/pdf\/O_Encontro_do_Templo_WEB.pdf\" target=\"_blank\" rel=\"noopener\">Baixar Gratuitamente<\/a><\/p>\n","protected":false},"excerpt":{"rendered":"<p>MIRNA JAD, reino supraf\u00edsico de harmonia e paz, existe na \u00e1rea intraterrena de uma cadeia de montanhas da Am\u00e9rica do<\/p>\n","protected":false},"featured_media":1366,"template":"","meta":{"_acf_changed":false},"product_brand":[],"product_cat":[33286,17972],"product_tag":[33368],"class_list":{"0":"post-85161","1":"product","2":"type-product","3":"status-publish","4":"has-post-thumbnail","6":"product_cat-livro","7":"product_cat-livros-livro","8":"product_tag-33368","9":"pa_autor-trigueirinho","10":"pa_classe-do-produto-fisico","11":"pa_codigo-de-barras-23454","12":"pa_codigo-externo-tr059pep","13":"pa_data-de-lancamento-21899","14":"pa_idioma-de-destino-portugues","15":"pa_idioma-de-origem-portugues","16":"pa_lancamento-no","17":"pa_midia-papel","18":"pa_moac-33584","19":"pa_quantidade-de-saldo-33008","20":"pa_tipo-de-traducao-nao-classificado","22":"first","23":"outofstock","24":"product-type-simple"},"acf":[],"_links":{"self":[{"href":"https:\/\/www.irdin.org.br\/site\/wp-json\/wp\/v2\/product\/85161","targetHints":{"allow":["GET"]}}],"collection":[{"href":"https:\/\/www.irdin.org.br\/site\/wp-json\/wp\/v2\/product"}],"about":[{"href":"https:\/\/www.irdin.org.br\/site\/wp-json\/wp\/v2\/types\/product"}],"version-history":[{"count":1,"href":"https:\/\/www.irdin.org.br\/site\/wp-json\/wp\/v2\/product\/85161\/revisions"}],"predecessor-version":[{"id":109463,"href":"https:\/\/www.irdin.org.br\/site\/wp-json\/wp\/v2\/product\/85161\/revisions\/109463"}],"wp:featuredmedia":[{"embeddable":true,"href":"https:\/\/www.irdin.org.br\/site\/wp-json\/wp\/v2\/media\/1366"}],"wp:attachment":[{"href":"https:\/\/www.irdin.org.br\/site\/wp-json\/wp\/v2\/media?parent=85161"}],"wp:term":[{"taxonomy":"product_brand","embeddable":true,"href":"https:\/\/www.irdin.org.br\/site\/wp-json\/wp\/v2\/product_brand?post=85161"},{"taxonomy":"product_cat","embeddable":true,"href":"https:\/\/www.irdin.org.br\/site\/wp-json\/wp\/v2\/product_cat?post=85161"},{"taxonomy":"product_tag","embeddable":true,"href":"https:\/\/www.irdin.org.br\/site\/wp-json\/wp\/v2\/product_tag?post=85161"}],"curies":[{"name":"wp","href":"https:\/\/api.w.org\/{rel}","templated":true}]}}