{"id":85165,"date":"1999-07-09T00:00:00","date_gmt":"1999-07-09T00:00:00","guid":{"rendered":"http:\/\/www.irdin.org.br\/site\/produto\/o-campanario-cosmico-2\/"},"modified":"2022-06-25T17:34:34","modified_gmt":"2022-06-25T17:34:34","slug":"o-campanario-cosmico-2","status":"publish","type":"product","link":"https:\/\/www.irdin.org.br\/site\/produtos\/o-campanario-cosmico-2\/","title":{"rendered":"O Campan\u00e1rio C\u00f3smico"},"content":{"rendered":"<p>A vida sobre a Terra ser\u00e1 imperfeita, enquanto houver luta por interesses materiais. Cuida-se do que \u00e9 temporal, f\u00edsico, social, e s\u00e3o ignoradas as dimens\u00f5es sutis, ra\u00edzes de situa\u00e7\u00f5es individuais ou coletivas.<\/p>\n<p><a class=\"pdf\" href=\"\/pdf\/O Campan\u00e1rio Cosmico_WEB.pdf\" target=\"_blank\" rel=\"noopener\">Baixar Gratuitamente<\/a><\/p>\n<p>&nbsp;<\/p>\n","protected":false},"excerpt":{"rendered":"<p>A vida sobre a Terra ser\u00e1 imperfeita, enquanto houver luta por interesses materiais. Cuida-se do que \u00e9 temporal, f\u00edsico, social,<\/p>\n","protected":false},"featured_media":1391,"template":"","meta":{"_acf_changed":false},"product_brand":[],"product_cat":[33286,17972],"product_tag":[33372],"class_list":{"0":"post-85165","1":"product","2":"type-product","3":"status-publish","4":"has-post-thumbnail","6":"product_cat-livro","7":"product_cat-livros-livro","8":"product_tag-33372","9":"pa_autor-trigueirinho","10":"pa_classe-do-produto-fisico","11":"pa_codigo-de-barras-23489","12":"pa_codigo-externo-tr064pep","13":"pa_data-de-lancamento-23491","14":"pa_idioma-de-destino-portugues","15":"pa_idioma-de-origem-portugues","16":"pa_lancamento-no","17":"pa_midia-papel","18":"pa_moac-33592","19":"pa_quantidade-de-saldo-32994","20":"pa_tipo-de-traducao-nao-classificado","22":"first","23":"outofstock","24":"product-type-simple"},"acf":[],"_links":{"self":[{"href":"https:\/\/www.irdin.org.br\/site\/wp-json\/wp\/v2\/product\/85165","targetHints":{"allow":["GET"]}}],"collection":[{"href":"https:\/\/www.irdin.org.br\/site\/wp-json\/wp\/v2\/product"}],"about":[{"href":"https:\/\/www.irdin.org.br\/site\/wp-json\/wp\/v2\/types\/product"}],"version-history":[{"count":1,"href":"https:\/\/www.irdin.org.br\/site\/wp-json\/wp\/v2\/product\/85165\/revisions"}],"predecessor-version":[{"id":87312,"href":"https:\/\/www.irdin.org.br\/site\/wp-json\/wp\/v2\/product\/85165\/revisions\/87312"}],"wp:featuredmedia":[{"embeddable":true,"href":"https:\/\/www.irdin.org.br\/site\/wp-json\/wp\/v2\/media\/1391"}],"wp:attachment":[{"href":"https:\/\/www.irdin.org.br\/site\/wp-json\/wp\/v2\/media?parent=85165"}],"wp:term":[{"taxonomy":"product_brand","embeddable":true,"href":"https:\/\/www.irdin.org.br\/site\/wp-json\/wp\/v2\/product_brand?post=85165"},{"taxonomy":"product_cat","embeddable":true,"href":"https:\/\/www.irdin.org.br\/site\/wp-json\/wp\/v2\/product_cat?post=85165"},{"taxonomy":"product_tag","embeddable":true,"href":"https:\/\/www.irdin.org.br\/site\/wp-json\/wp\/v2\/product_tag?post=85165"}],"curies":[{"name":"wp","href":"https:\/\/api.w.org\/{rel}","templated":true}]}}