{"id":85166,"date":"1999-07-09T00:00:00","date_gmt":"1999-07-09T00:00:00","guid":{"rendered":"http:\/\/www.irdin.org.br\/site\/produto\/sagrados-misterios-2\/"},"modified":"2022-02-01T03:53:16","modified_gmt":"2022-02-01T03:53:16","slug":"sagrados-misterios-2","status":"publish","type":"product","link":"https:\/\/www.irdin.org.br\/site\/produtos\/sagrados-misterios-2\/","title":{"rendered":"Sagrados Mist\u00e9rios"},"content":{"rendered":"<p>Livro inspirador, raro texto sobre um dos assuntos mais herm\u00e9ticos da atualidade: a tecedura do corpo de luz nos seres humanos. O peregrino deve calar a voz que clama pelo que lhe \u00e9 conhecido, serenar o cora\u00e7\u00e3o e preparar-se para ouvir o inaud\u00edvel.<\/p>\n<p>&nbsp;<\/p>\n","protected":false},"excerpt":{"rendered":"<p>Livro inspirador, raro texto sobre um dos assuntos mais herm\u00e9ticos da atualidade: a tecedura do corpo de luz nos seres<\/p>\n","protected":false},"featured_media":1396,"template":"","meta":{"_acf_changed":false},"product_brand":[],"product_cat":[33286,17972],"product_tag":[33373],"class_list":{"0":"post-85166","1":"product","2":"type-product","3":"status-publish","4":"has-post-thumbnail","6":"product_cat-livro","7":"product_cat-livros-livro","8":"product_tag-33373","9":"pa_autor-trigueirinho","10":"pa_classe-do-produto-fisico","11":"pa_codigo-de-barras-23497","12":"pa_codigo-externo-tr065pep","13":"pa_data-de-lancamento-23491","14":"pa_idioma-de-destino-portugues","15":"pa_idioma-de-origem-portugues","16":"pa_lancamento-no","17":"pa_midia-papel","18":"pa_moac-33594","19":"pa_quantidade-de-saldo-33010","20":"pa_tipo-de-traducao-nao-classificado","22":"first","23":"outofstock","24":"product-type-simple"},"acf":[],"_links":{"self":[{"href":"https:\/\/www.irdin.org.br\/site\/wp-json\/wp\/v2\/product\/85166","targetHints":{"allow":["GET"]}}],"collection":[{"href":"https:\/\/www.irdin.org.br\/site\/wp-json\/wp\/v2\/product"}],"about":[{"href":"https:\/\/www.irdin.org.br\/site\/wp-json\/wp\/v2\/types\/product"}],"version-history":[{"count":0,"href":"https:\/\/www.irdin.org.br\/site\/wp-json\/wp\/v2\/product\/85166\/revisions"}],"wp:featuredmedia":[{"embeddable":true,"href":"https:\/\/www.irdin.org.br\/site\/wp-json\/wp\/v2\/media\/1396"}],"wp:attachment":[{"href":"https:\/\/www.irdin.org.br\/site\/wp-json\/wp\/v2\/media?parent=85166"}],"wp:term":[{"taxonomy":"product_brand","embeddable":true,"href":"https:\/\/www.irdin.org.br\/site\/wp-json\/wp\/v2\/product_brand?post=85166"},{"taxonomy":"product_cat","embeddable":true,"href":"https:\/\/www.irdin.org.br\/site\/wp-json\/wp\/v2\/product_cat?post=85166"},{"taxonomy":"product_tag","embeddable":true,"href":"https:\/\/www.irdin.org.br\/site\/wp-json\/wp\/v2\/product_tag?post=85166"}],"curies":[{"name":"wp","href":"https:\/\/api.w.org\/{rel}","templated":true}]}}