{"id":85174,"date":"2018-04-26T18:51:38","date_gmt":"2018-04-26T18:51:38","guid":{"rendered":"http:\/\/www.irdin.org.br\/site\/produto\/aromas-do-espaco-2\/"},"modified":"2024-07-02T01:56:49","modified_gmt":"2024-07-02T01:56:49","slug":"aromas-do-espaco-2","status":"publish","type":"product","link":"https:\/\/www.irdin.org.br\/site\/produtos\/aromas-do-espaco-2\/","title":{"rendered":"Aromas do Espa\u00e7o"},"content":{"rendered":"<p>Naquela noite, depois de uma curva estrat\u00e9gica da estrada, vimos surgir no c\u00e9u uma grande luz? e quando o clar\u00e3o se tornou bem vis\u00edvel, confirmou-se que n\u00e3o se tratava de estrela.<\/p>\n<p><a class=\"pdf\" href=\"\/pdf\/Aromas_do_espaco.pdf\" target=\"_blank\" rel=\"noopener\">Baixar Gratuitamente<\/a><\/p>\n<p>&nbsp;<\/p>\n","protected":false},"excerpt":{"rendered":"<p>Naquela noite, depois de uma curva estrat\u00e9gica da estrada, vimos surgir no c\u00e9u uma grande luz? e quando o clar\u00e3o<\/p>\n","protected":false},"featured_media":1416,"template":"","meta":{"_acf_changed":false},"product_brand":[],"product_cat":[33286,17972],"product_tag":[33381],"class_list":{"0":"post-85174","1":"product","2":"type-product","3":"status-publish","4":"has-post-thumbnail","6":"product_cat-livro","7":"product_cat-livros-livro","8":"product_tag-33381","9":"pa_autor-trigueirinho","10":"pa_classe-do-produto-fisico","11":"pa_idioma-de-destino-portugues","12":"pa_lancamento-no","13":"pa_midia-papel","14":"pa_moac-33608","15":"pa_quantidade-de-saldo-33009","16":"pa_tipo-de-traducao-nao-classificado","18":"first","19":"outofstock","20":"product-type-simple"},"acf":[],"_links":{"self":[{"href":"https:\/\/www.irdin.org.br\/site\/wp-json\/wp\/v2\/product\/85174","targetHints":{"allow":["GET"]}}],"collection":[{"href":"https:\/\/www.irdin.org.br\/site\/wp-json\/wp\/v2\/product"}],"about":[{"href":"https:\/\/www.irdin.org.br\/site\/wp-json\/wp\/v2\/types\/product"}],"version-history":[{"count":2,"href":"https:\/\/www.irdin.org.br\/site\/wp-json\/wp\/v2\/product\/85174\/revisions"}],"predecessor-version":[{"id":106415,"href":"https:\/\/www.irdin.org.br\/site\/wp-json\/wp\/v2\/product\/85174\/revisions\/106415"}],"wp:featuredmedia":[{"embeddable":true,"href":"https:\/\/www.irdin.org.br\/site\/wp-json\/wp\/v2\/media\/1416"}],"wp:attachment":[{"href":"https:\/\/www.irdin.org.br\/site\/wp-json\/wp\/v2\/media?parent=85174"}],"wp:term":[{"taxonomy":"product_brand","embeddable":true,"href":"https:\/\/www.irdin.org.br\/site\/wp-json\/wp\/v2\/product_brand?post=85174"},{"taxonomy":"product_cat","embeddable":true,"href":"https:\/\/www.irdin.org.br\/site\/wp-json\/wp\/v2\/product_cat?post=85174"},{"taxonomy":"product_tag","embeddable":true,"href":"https:\/\/www.irdin.org.br\/site\/wp-json\/wp\/v2\/product_tag?post=85174"}],"curies":[{"name":"wp","href":"https:\/\/api.w.org\/{rel}","templated":true}]}}