{"id":85176,"date":"1999-07-09T00:00:00","date_gmt":"1999-07-09T00:00:00","guid":{"rendered":"http:\/\/www.irdin.org.br\/site\/produto\/mais-luz-no-horizonte\/"},"modified":"2022-06-25T17:33:46","modified_gmt":"2022-06-25T17:33:46","slug":"mais-luz-no-horizonte","status":"publish","type":"product","link":"https:\/\/www.irdin.org.br\/site\/produtos\/mais-luz-no-horizonte\/","title":{"rendered":"Mais Luz no Horizonte"},"content":{"rendered":"<p>Novos campos de conhecimento ser\u00e3o abertos \u00e0 humanidade, e este livro desvela alguns deles. Dizem as suas mensagens: ?Preparai-vos para o grande encontro com outras civiliza\u00e7\u00f5es do universo. Os requisitos para essa inusitada aventura s\u00e3o: disciplina, f\u00e9, entrega, sil\u00eancio e grande amor?.<\/p>\n<p>&nbsp;<\/p>\n","protected":false},"excerpt":{"rendered":"<p>Novos campos de conhecimento ser\u00e3o abertos \u00e0 humanidade, e este livro desvela alguns deles. Dizem as suas mensagens: ?Preparai-vos para<\/p>\n","protected":false},"featured_media":1421,"template":"","meta":{"_acf_changed":false},"product_brand":[],"product_cat":[33286,17972],"product_tag":[33383],"class_list":{"0":"post-85176","1":"product","2":"type-product","3":"status-publish","4":"has-post-thumbnail","6":"product_cat-livro","7":"product_cat-livros-livro","8":"product_tag-33383","9":"pa_autor-trigueirinho","10":"pa_classe-do-produto-fisico","11":"pa_codigo-de-barras-23533","12":"pa_codigo-externo-tr070pep","13":"pa_data-de-lancamento-23491","14":"pa_idioma-de-destino-portugues","15":"pa_idioma-de-origem-portugues","16":"pa_lancamento-no","17":"pa_midia-papel","18":"pa_moac-33612","19":"pa_quantidade-de-saldo-32994","20":"pa_tipo-de-traducao-nao-classificado","22":"first","23":"outofstock","24":"product-type-simple"},"acf":[],"_links":{"self":[{"href":"https:\/\/www.irdin.org.br\/site\/wp-json\/wp\/v2\/product\/85176","targetHints":{"allow":["GET"]}}],"collection":[{"href":"https:\/\/www.irdin.org.br\/site\/wp-json\/wp\/v2\/product"}],"about":[{"href":"https:\/\/www.irdin.org.br\/site\/wp-json\/wp\/v2\/types\/product"}],"version-history":[{"count":0,"href":"https:\/\/www.irdin.org.br\/site\/wp-json\/wp\/v2\/product\/85176\/revisions"}],"wp:featuredmedia":[{"embeddable":true,"href":"https:\/\/www.irdin.org.br\/site\/wp-json\/wp\/v2\/media\/1421"}],"wp:attachment":[{"href":"https:\/\/www.irdin.org.br\/site\/wp-json\/wp\/v2\/media?parent=85176"}],"wp:term":[{"taxonomy":"product_brand","embeddable":true,"href":"https:\/\/www.irdin.org.br\/site\/wp-json\/wp\/v2\/product_brand?post=85176"},{"taxonomy":"product_cat","embeddable":true,"href":"https:\/\/www.irdin.org.br\/site\/wp-json\/wp\/v2\/product_cat?post=85176"},{"taxonomy":"product_tag","embeddable":true,"href":"https:\/\/www.irdin.org.br\/site\/wp-json\/wp\/v2\/product_tag?post=85176"}],"curies":[{"name":"wp","href":"https:\/\/api.w.org\/{rel}","templated":true}]}}