{"id":85179,"date":"2004-01-01T00:00:00","date_gmt":"2004-01-01T00:00:00","guid":{"rendered":"http:\/\/www.irdin.org.br\/site\/produto\/es-viajante-cosmico-2\/"},"modified":"2026-04-13T08:42:43","modified_gmt":"2026-04-13T11:42:43","slug":"9788531513404","status":"publish","type":"product","link":"https:\/\/www.irdin.org.br\/site\/produtos\/9788531513404\/","title":{"rendered":"\u00c9s Viajante C\u00f3smico"},"content":{"rendered":"<p>Disp\u00f5e-te \u00e0 transforma\u00e7\u00e3o simplesmente e chegar\u00e1s a reconhecer-te como uma Luz unida \u00e0 Luz da Hierarquia.<\/p>\n<p><a class=\"pdf\" href=\"\/pdf\/Es Viajante C\u00f3smico_WEB.pdf\" target=\"_blank\" rel=\"noopener\">Baixar Gratuitamente<\/a><\/p>\n<p>&nbsp;<\/p>\n","protected":false},"excerpt":{"rendered":"<p>Disp\u00f5e-te \u00e0 transforma\u00e7\u00e3o simplesmente e chegar\u00e1s a reconhecer-te como uma Luz unida \u00e0 Luz da Hierarquia. Baixar Gratuitamente &nbsp;<\/p>\n","protected":false},"featured_media":1431,"template":"","meta":{"_acf_changed":false},"product_brand":[],"product_cat":[33286,17972],"product_tag":[33386],"class_list":{"0":"post-85179","1":"product","2":"type-product","3":"status-publish","4":"has-post-thumbnail","6":"product_cat-livro","7":"product_cat-livros-livro","8":"product_tag-33386","9":"pa_autor-trigueirinho","10":"pa_classe-do-produto-fisico","11":"pa_codigo-de-barras-23545","12":"pa_codigo-externo-tr072pep","13":"pa_data-de-lancamento-21676","14":"pa_idioma-de-destino-portugues","15":"pa_idioma-de-origem-portugues","16":"pa_lancamento-no","17":"pa_midia-papel","18":"pa_moac-33618","19":"pa_quantidade-de-saldo-33008","20":"pa_tipo-de-traducao-nao-classificado","22":"first","23":"instock","24":"sale","25":"purchasable","26":"product-type-simple"},"acf":[],"_links":{"self":[{"href":"https:\/\/www.irdin.org.br\/site\/wp-json\/wp\/v2\/product\/85179","targetHints":{"allow":["GET"]}}],"collection":[{"href":"https:\/\/www.irdin.org.br\/site\/wp-json\/wp\/v2\/product"}],"about":[{"href":"https:\/\/www.irdin.org.br\/site\/wp-json\/wp\/v2\/types\/product"}],"version-history":[{"count":2,"href":"https:\/\/www.irdin.org.br\/site\/wp-json\/wp\/v2\/product\/85179\/revisions"}],"predecessor-version":[{"id":106423,"href":"https:\/\/www.irdin.org.br\/site\/wp-json\/wp\/v2\/product\/85179\/revisions\/106423"}],"wp:featuredmedia":[{"embeddable":true,"href":"https:\/\/www.irdin.org.br\/site\/wp-json\/wp\/v2\/media\/1431"}],"wp:attachment":[{"href":"https:\/\/www.irdin.org.br\/site\/wp-json\/wp\/v2\/media?parent=85179"}],"wp:term":[{"taxonomy":"product_brand","embeddable":true,"href":"https:\/\/www.irdin.org.br\/site\/wp-json\/wp\/v2\/product_brand?post=85179"},{"taxonomy":"product_cat","embeddable":true,"href":"https:\/\/www.irdin.org.br\/site\/wp-json\/wp\/v2\/product_cat?post=85179"},{"taxonomy":"product_tag","embeddable":true,"href":"https:\/\/www.irdin.org.br\/site\/wp-json\/wp\/v2\/product_tag?post=85179"}],"curies":[{"name":"wp","href":"https:\/\/api.w.org\/{rel}","templated":true}]}}