{"id":85180,"date":"2018-04-26T18:51:59","date_gmt":"2018-04-26T18:51:59","guid":{"rendered":"http:\/\/www.irdin.org.br\/site\/produto\/senales-de-blavatsky-un-inisitado-encuentro-en-nuestros-dias\/"},"modified":"2023-08-13T21:39:56","modified_gmt":"2023-08-13T21:39:56","slug":"senales-de-blavatsky-un-inisitado-encuentro-en-nuestros-dias","status":"publish","type":"product","link":"https:\/\/www.irdin.org.br\/site\/produtos\/senales-de-blavatsky-un-inisitado-encuentro-en-nuestros-dias\/","title":{"rendered":"Se\u00f1ales de Blavatsky &#8211; Un inusitado encuentro en nuestros d\u00edas"},"content":{"rendered":"<p>En Se\u00f1ales de Blavatsky\u00b4, Trigueirinho nos conduce a una reflexi\u00f3n sobre la existencia c\u00f3smica y sobre el conocimiento que compartiremos en el futuro. En la s\u00edntesis de un encuentro poco com\u00fan, el lector es actualizado en cuanto a la esencia de una obra fundamental de rescate de la sabidur\u00eda antigua. Queda invitado a abrir portales en la consciencia y a prepararse para el advenimiento de una nueva humanidad.                                                                                                                                                                                                                                                                                                                                                                                                                                                                                                                                                                                                                                                                                                                                                                                                                                                                                                                                                                                                                                                                                                                                                                                                                                                                                                                                                                                                                                                                                                                                                                                                                                                                                                                                                                                                                                                                                                                                                                                                                                                                                                                                                                                                                                                                                                                                                                                                                                                                                                                                                                                                                                                                                                                                                                                                                                                                                                                                                                                                                                                                                                                                                                                                                                                                                                                                                                                                                                                                                                                                                                                                                                                                                                                                                                                                                                                                                                                                                                                                                                                   \u00b4<\/p>\n<p>&nbsp;<\/p>\n","protected":false},"excerpt":{"rendered":"<p>En Se\u00f1ales de Blavatsky\u00b4, Trigueirinho nos conduce a una reflexi\u00f3n sobre la existencia c\u00f3smica y sobre el conocimiento que compartiremos<\/p>\n","protected":false},"featured_media":1447,"template":"","meta":{"_acf_changed":false},"product_brand":[],"product_cat":[33286,17972],"product_tag":[33387],"class_list":{"0":"post-85180","1":"product","2":"type-product","3":"status-publish","4":"has-post-thumbnail","6":"product_cat-livro","7":"product_cat-livros-livro","8":"product_tag-33387","9":"pa_autor-trigueirinho","10":"pa_classe-do-produto-fisico","11":"pa_codigo-de-barras-23570","12":"pa_codigo-externo-tr076kie","13":"pa_data-de-lancamento-23572","14":"pa_idioma-de-destino-espanhol","15":"pa_idioma-de-origem-espanhol","16":"pa_lancamento-no","17":"pa_midia-papel","18":"pa_moac-33620","19":"pa_quantidade-de-saldo-32994","20":"pa_tipo-de-traducao-nao-classificado","22":"first","23":"outofstock","24":"product-type-simple"},"acf":[],"_links":{"self":[{"href":"https:\/\/www.irdin.org.br\/site\/wp-json\/wp\/v2\/product\/85180","targetHints":{"allow":["GET"]}}],"collection":[{"href":"https:\/\/www.irdin.org.br\/site\/wp-json\/wp\/v2\/product"}],"about":[{"href":"https:\/\/www.irdin.org.br\/site\/wp-json\/wp\/v2\/types\/product"}],"version-history":[{"count":0,"href":"https:\/\/www.irdin.org.br\/site\/wp-json\/wp\/v2\/product\/85180\/revisions"}],"wp:featuredmedia":[{"embeddable":true,"href":"https:\/\/www.irdin.org.br\/site\/wp-json\/wp\/v2\/media\/1447"}],"wp:attachment":[{"href":"https:\/\/www.irdin.org.br\/site\/wp-json\/wp\/v2\/media?parent=85180"}],"wp:term":[{"taxonomy":"product_brand","embeddable":true,"href":"https:\/\/www.irdin.org.br\/site\/wp-json\/wp\/v2\/product_brand?post=85180"},{"taxonomy":"product_cat","embeddable":true,"href":"https:\/\/www.irdin.org.br\/site\/wp-json\/wp\/v2\/product_cat?post=85180"},{"taxonomy":"product_tag","embeddable":true,"href":"https:\/\/www.irdin.org.br\/site\/wp-json\/wp\/v2\/product_tag?post=85180"}],"curies":[{"name":"wp","href":"https:\/\/api.w.org\/{rel}","templated":true}]}}