{"id":85181,"date":"2009-02-11T00:00:00","date_gmt":"2009-02-11T00:00:00","guid":{"rendered":"http:\/\/www.irdin.org.br\/site\/produto\/sinais-de-blavatsky-um-inusitado-encontro-nos-dias-de-hoje\/"},"modified":"2026-04-04T14:18:03","modified_gmt":"2026-04-04T17:18:03","slug":"9788531516160","status":"publish","type":"product","link":"https:\/\/www.irdin.org.br\/site\/produtos\/9788531516160\/","title":{"rendered":"Sinais de Blavatsky &#8211; Um inusitado encontro nos dias de hoje"},"content":{"rendered":"<p>?A verdadeira hist\u00f3ria da humanidade n\u00e3o poder\u00e1 ser entregue a um s\u00f3 grupo de seres, mesmo que seus membros se considerem honestos representantes da humanidade toda. \u00c9 tamb\u00e9m por isso que nem mesmo grandes representantes das Hierarquias tiveram acesso \u00e0 totalidade dos c\u00f3digos hist\u00f3ricos e pr\u00e9-hist\u00f3ricos. Nestes tempos de transi\u00e7\u00e3o em que se prev\u00ea profunda mudan\u00e7a na conjuntura f\u00edsica planet\u00e1ria, a possibilidade de acesso a esse tipo de informa\u00e7\u00e3o est\u00e1 sendo reavaliada, e o resultado depender\u00e1 em grande parte da resposta de grupos humanos da superf\u00edcie ao cumprimento do Plano Evolutivo.? Em Sinais de Blavatsky, Trigueirinho nos conduz a uma reflex\u00e3o sobre a exist\u00eancia c\u00f3smica e sobre o conhecimento que devemos partilhar no futuro. Na s\u00edntese de um encontro pouco comum, o leitor \u00e9 atualizado quanto \u00e0 ess\u00eancia de uma fundamental obra de resgate da sabedoria antiga. \u00c9 convidado a abrir portais na consci\u00eancia e preparar-se para o advento de uma nova humanidade.<\/p>\n<p><a class=\"pdf\" href=\"\/pdf\/Sinais_de_Blavatsky_WEB.pdf\" target=\"_blank\" rel=\"noopener\">Baixar Gratuitamente<\/a><\/p>\n<p>&nbsp;<\/p>\n","protected":false},"excerpt":{"rendered":"<p>?A verdadeira hist\u00f3ria da humanidade n\u00e3o poder\u00e1 ser entregue a um s\u00f3 grupo de seres, mesmo que seus membros se<\/p>\n","protected":false},"featured_media":1449,"template":"","meta":{"_acf_changed":false},"product_brand":[],"product_cat":[33286,17972],"product_tag":[33388],"class_list":{"0":"post-85181","1":"product","2":"type-product","3":"status-publish","4":"has-post-thumbnail","6":"product_cat-livro","7":"product_cat-livros-livro","8":"product_tag-33388","9":"pa_autor-trigueirinho","10":"pa_classe-do-produto-fisico","11":"pa_codigo-de-barras-23573","12":"pa_codigo-externo-tr076pep","13":"pa_data-de-lancamento-23575","14":"pa_idioma-de-destino-portugues","15":"pa_idioma-de-origem-portugues","16":"pa_lancamento-no","17":"pa_midia-papel","18":"pa_moac-33622","19":"pa_quantidade-de-saldo-33008","20":"pa_tipo-de-traducao-nao-classificado","22":"first","23":"instock","24":"purchasable","25":"product-type-simple"},"acf":[],"_links":{"self":[{"href":"https:\/\/www.irdin.org.br\/site\/wp-json\/wp\/v2\/product\/85181","targetHints":{"allow":["GET"]}}],"collection":[{"href":"https:\/\/www.irdin.org.br\/site\/wp-json\/wp\/v2\/product"}],"about":[{"href":"https:\/\/www.irdin.org.br\/site\/wp-json\/wp\/v2\/types\/product"}],"version-history":[{"count":2,"href":"https:\/\/www.irdin.org.br\/site\/wp-json\/wp\/v2\/product\/85181\/revisions"}],"predecessor-version":[{"id":106418,"href":"https:\/\/www.irdin.org.br\/site\/wp-json\/wp\/v2\/product\/85181\/revisions\/106418"}],"wp:featuredmedia":[{"embeddable":true,"href":"https:\/\/www.irdin.org.br\/site\/wp-json\/wp\/v2\/media\/1449"}],"wp:attachment":[{"href":"https:\/\/www.irdin.org.br\/site\/wp-json\/wp\/v2\/media?parent=85181"}],"wp:term":[{"taxonomy":"product_brand","embeddable":true,"href":"https:\/\/www.irdin.org.br\/site\/wp-json\/wp\/v2\/product_brand?post=85181"},{"taxonomy":"product_cat","embeddable":true,"href":"https:\/\/www.irdin.org.br\/site\/wp-json\/wp\/v2\/product_cat?post=85181"},{"taxonomy":"product_tag","embeddable":true,"href":"https:\/\/www.irdin.org.br\/site\/wp-json\/wp\/v2\/product_tag?post=85181"}],"curies":[{"name":"wp","href":"https:\/\/api.w.org\/{rel}","templated":true}]}}