{"id":85182,"date":"2018-04-26T18:51:59","date_gmt":"2018-04-26T18:51:59","guid":{"rendered":"http:\/\/www.irdin.org.br\/site\/produto\/consciencias-y-jerarquias\/"},"modified":"2026-03-16T12:36:11","modified_gmt":"2026-03-16T15:36:11","slug":"9788560835300","status":"publish","type":"product","link":"https:\/\/www.irdin.org.br\/site\/produtos\/9788560835300\/","title":{"rendered":"Consciencias y Jerarqu\u00edas"},"content":{"rendered":"<p>En el momento de tanta necesidad interior que vivimos, Trigueirinho nos presenta un libro en lenguaje simple y directo, dejando claro cu\u00e1n pr\u00f3ximas est\u00e1n de la humanidad las Jerarqu\u00edas Espirituales. Y lo que es m\u00e1s revelador, esas Consciencias e Jerarquias est\u00e1n disponibles, m\u00e1s que en cualquier otra \u00e9poca, para transmistir Sus mensajes a los seres receptivos a la instucc\u00edon que viene de lo Alto, de la fuente original de la sabidur\u00eda. En este libro se encuentran reunidos mensajes actuales de que Grandes Entidades, como Cristo Samana, Mainhdra, Murielh, Khuthullim, Lhuthieliuk e Mischuk, transmitieron a seres contato de un Grupo Operativo, que act\u00faan en sintonia con los Centros Planet\u00e1rios Aurora y Mirna Jad.<\/p>\n<p><a class=\"pdf\" href=\"\/pdf\/Consciencias y Jerarqu\u00edas_esp_web.pdf\" target=\"_blank\" rel=\"noopener\">Baixar Gratuitamente<\/a><\/p>\n<p>&nbsp;<\/p>\n","protected":false},"excerpt":{"rendered":"<p>En el momento de tanta necesidad interior que vivimos, Trigueirinho nos presenta un libro en lenguaje simple y directo, dejando<\/p>\n","protected":false},"featured_media":1451,"template":"","meta":{"_acf_changed":false},"product_brand":[],"product_cat":[33286,17972],"product_tag":[33389],"class_list":{"0":"post-85182","1":"product","2":"type-product","3":"status-publish","4":"has-post-thumbnail","6":"product_cat-livro","7":"product_cat-livros-livro","8":"product_tag-33389","9":"pa_autor-trigueirinho","10":"pa_classe-do-produto-fisico","11":"pa_codigo-de-barras-23577","12":"pa_codigo-externo-tr077ire","13":"pa_data-de-lancamento-23579","14":"pa_idioma-de-destino-espanhol","15":"pa_idioma-de-origem-portugues","16":"pa_lancamento-no","17":"pa_midia-papel","18":"pa_moac-33624","19":"pa_quantidade-de-saldo-33281","20":"pa_tipo-de-traducao-nao-classificado","22":"first","23":"instock","24":"sale","25":"purchasable","26":"product-type-simple"},"acf":[],"_links":{"self":[{"href":"https:\/\/www.irdin.org.br\/site\/wp-json\/wp\/v2\/product\/85182","targetHints":{"allow":["GET"]}}],"collection":[{"href":"https:\/\/www.irdin.org.br\/site\/wp-json\/wp\/v2\/product"}],"about":[{"href":"https:\/\/www.irdin.org.br\/site\/wp-json\/wp\/v2\/types\/product"}],"version-history":[{"count":2,"href":"https:\/\/www.irdin.org.br\/site\/wp-json\/wp\/v2\/product\/85182\/revisions"}],"predecessor-version":[{"id":106409,"href":"https:\/\/www.irdin.org.br\/site\/wp-json\/wp\/v2\/product\/85182\/revisions\/106409"}],"wp:featuredmedia":[{"embeddable":true,"href":"https:\/\/www.irdin.org.br\/site\/wp-json\/wp\/v2\/media\/1451"}],"wp:attachment":[{"href":"https:\/\/www.irdin.org.br\/site\/wp-json\/wp\/v2\/media?parent=85182"}],"wp:term":[{"taxonomy":"product_brand","embeddable":true,"href":"https:\/\/www.irdin.org.br\/site\/wp-json\/wp\/v2\/product_brand?post=85182"},{"taxonomy":"product_cat","embeddable":true,"href":"https:\/\/www.irdin.org.br\/site\/wp-json\/wp\/v2\/product_cat?post=85182"},{"taxonomy":"product_tag","embeddable":true,"href":"https:\/\/www.irdin.org.br\/site\/wp-json\/wp\/v2\/product_tag?post=85182"}],"curies":[{"name":"wp","href":"https:\/\/api.w.org\/{rel}","templated":true}]}}