{"id":85184,"date":"2018-04-26T18:51:59","date_gmt":"2018-04-26T18:51:59","guid":{"rendered":"http:\/\/www.irdin.org.br\/site\/produto\/mensagens-reunidas\/"},"modified":"2025-12-22T08:34:55","modified_gmt":"2025-12-22T11:34:55","slug":"9788560835263","status":"publish","type":"product","link":"https:\/\/www.irdin.org.br\/site\/produtos\/9788560835263\/","title":{"rendered":"Mensagens Reunidas"},"content":{"rendered":"<p>Nesse mundo em desequil\u00edbrio, temos como perceber um lado luminoso em tudo o que sucede. A harmonia depende de n\u00e3o colocarmos muita aten\u00e7\u00e3o no aspecto negativo de um acontecimento, mas sim de estarmos voltados principalmente para um n\u00edvel al\u00e9m, para a realidade est\u00e1vel, criativa e construtiva &#8211; a nossa realidade interna e imortal. Essa mesma harmonia requer tamb\u00e9m aceitar as coisas como s\u00e3o e perceber que por tr\u00e1s de tudo h\u00e1 um bem maior. A partir da\u00ed podemos realmente transformar as situa\u00e7\u00f5es.<\/p>\n<p><a class=\"pdf\" href=\"\/pdf\/Mensagens_reunidas_WEB.pdf\" target=\"_blank\" rel=\"noopener\">Baixar Gratuitamente<\/a><\/p>\n<p>&nbsp;<\/p>\n","protected":false},"excerpt":{"rendered":"<p>Nesse mundo em desequil\u00edbrio, temos como perceber um lado luminoso em tudo o que sucede. A harmonia depende de n\u00e3o<\/p>\n","protected":false},"featured_media":1456,"template":"","meta":{"_acf_changed":false},"product_brand":[],"product_cat":[33286,17972],"product_tag":[33391],"class_list":{"0":"post-85184","1":"product","2":"type-product","3":"status-publish","4":"has-post-thumbnail","6":"product_cat-livro","7":"product_cat-livros-livro","8":"product_tag-33391","9":"pa_autor-trigueirinho","10":"pa_classe-do-produto-fisico","11":"pa_codigo-de-barras-23588","12":"pa_codigo-externo-tr078irp","13":"pa_data-de-lancamento-23590","14":"pa_idioma-de-destino-portugues","15":"pa_idioma-de-origem-portugues","16":"pa_lancamento-no","17":"pa_midia-papel","18":"pa_moac-33628","19":"pa_quantidade-de-saldo-33008","20":"pa_tipo-de-traducao-nao-classificado","22":"first","23":"instock","24":"sale","25":"purchasable","26":"product-type-simple"},"acf":[],"_links":{"self":[{"href":"https:\/\/www.irdin.org.br\/site\/wp-json\/wp\/v2\/product\/85184","targetHints":{"allow":["GET"]}}],"collection":[{"href":"https:\/\/www.irdin.org.br\/site\/wp-json\/wp\/v2\/product"}],"about":[{"href":"https:\/\/www.irdin.org.br\/site\/wp-json\/wp\/v2\/types\/product"}],"version-history":[{"count":1,"href":"https:\/\/www.irdin.org.br\/site\/wp-json\/wp\/v2\/product\/85184\/revisions"}],"predecessor-version":[{"id":106411,"href":"https:\/\/www.irdin.org.br\/site\/wp-json\/wp\/v2\/product\/85184\/revisions\/106411"}],"wp:featuredmedia":[{"embeddable":true,"href":"https:\/\/www.irdin.org.br\/site\/wp-json\/wp\/v2\/media\/1456"}],"wp:attachment":[{"href":"https:\/\/www.irdin.org.br\/site\/wp-json\/wp\/v2\/media?parent=85184"}],"wp:term":[{"taxonomy":"product_brand","embeddable":true,"href":"https:\/\/www.irdin.org.br\/site\/wp-json\/wp\/v2\/product_brand?post=85184"},{"taxonomy":"product_cat","embeddable":true,"href":"https:\/\/www.irdin.org.br\/site\/wp-json\/wp\/v2\/product_cat?post=85184"},{"taxonomy":"product_tag","embeddable":true,"href":"https:\/\/www.irdin.org.br\/site\/wp-json\/wp\/v2\/product_tag?post=85184"}],"curies":[{"name":"wp","href":"https:\/\/api.w.org\/{rel}","templated":true}]}}