{"id":85185,"date":"2018-04-26T18:51:59","date_gmt":"2018-04-26T18:51:59","guid":{"rendered":"http:\/\/www.irdin.org.br\/site\/produto\/mensagens-para-sua-transformacao\/"},"modified":"2026-03-21T15:49:05","modified_gmt":"2026-03-21T18:49:05","slug":"9788554410506","status":"publish","type":"product","link":"https:\/\/www.irdin.org.br\/site\/produtos\/9788554410506\/","title":{"rendered":"Mensagens para sua transforma\u00e7\u00e3o"},"content":{"rendered":"<p>Aqueles que no \u00edntimo se percebem prontos para colaborar com a nova vida que se anuncia mantenham-se atentos sobretudo para n\u00e3o se iludir com a atual desarmonia, caracter\u00edstica das fases de transi\u00e7\u00e3o. Busquem a s\u00edntese dos fatos da vida, interpretando-os a partir de uma \u00f3tica que integra mente e cora\u00e7\u00e3o, desapegados de padr\u00f5es antigos. Busquem dentro de si mesmos o n\u00facleo que conhece a Verdade al\u00e9m das apar\u00eancias. E ent\u00e3o, bem alicer\u00e7ados nele, semeiem pelos campos deste mundo sua Luz e seu Amor.<\/p>\n<p><a class=\"pdf\" href=\"\/pdf\/Mensagens_para_sua_Transformacao_WEB.pdf\" target=\"_blank\" rel=\"noopener\">Baixar Gratuitamente<\/a><\/p>\n<p>&nbsp;<\/p>\n","protected":false},"excerpt":{"rendered":"<p>Aqueles que no \u00edntimo se percebem prontos para colaborar com a nova vida que se anuncia mantenham-se atentos sobretudo para<\/p>\n","protected":false},"featured_media":86815,"template":"","meta":{"_acf_changed":false},"product_brand":[],"product_cat":[33286,17972],"product_tag":[33631],"class_list":{"0":"post-85185","1":"product","2":"type-product","3":"status-publish","4":"has-post-thumbnail","6":"product_cat-livro","7":"product_cat-livros-livro","8":"product_tag-mensagens-para-sua-transformacao","9":"pa_autor-trigueirinho","10":"pa_classe-do-produto-fisico","11":"pa_codigo-de-barras-43910","12":"pa_idioma-de-destino-portugues","13":"pa_idioma-de-origem-portugues","14":"pa_lancamento-no","15":"pa_midia-papel","16":"pa_quantidade-de-paginas-17993","18":"first","19":"instock","20":"purchasable","21":"product-type-simple"},"acf":[],"_links":{"self":[{"href":"https:\/\/www.irdin.org.br\/site\/wp-json\/wp\/v2\/product\/85185","targetHints":{"allow":["GET"]}}],"collection":[{"href":"https:\/\/www.irdin.org.br\/site\/wp-json\/wp\/v2\/product"}],"about":[{"href":"https:\/\/www.irdin.org.br\/site\/wp-json\/wp\/v2\/types\/product"}],"version-history":[{"count":2,"href":"https:\/\/www.irdin.org.br\/site\/wp-json\/wp\/v2\/product\/85185\/revisions"}],"predecessor-version":[{"id":87857,"href":"https:\/\/www.irdin.org.br\/site\/wp-json\/wp\/v2\/product\/85185\/revisions\/87857"}],"wp:featuredmedia":[{"embeddable":true,"href":"https:\/\/www.irdin.org.br\/site\/wp-json\/wp\/v2\/media\/86815"}],"wp:attachment":[{"href":"https:\/\/www.irdin.org.br\/site\/wp-json\/wp\/v2\/media?parent=85185"}],"wp:term":[{"taxonomy":"product_brand","embeddable":true,"href":"https:\/\/www.irdin.org.br\/site\/wp-json\/wp\/v2\/product_brand?post=85185"},{"taxonomy":"product_cat","embeddable":true,"href":"https:\/\/www.irdin.org.br\/site\/wp-json\/wp\/v2\/product_cat?post=85185"},{"taxonomy":"product_tag","embeddable":true,"href":"https:\/\/www.irdin.org.br\/site\/wp-json\/wp\/v2\/product_tag?post=85185"}],"curies":[{"name":"wp","href":"https:\/\/api.w.org\/{rel}","templated":true}]}}