{"id":85190,"date":"2018-04-26T18:51:59","date_gmt":"2018-04-26T18:51:59","guid":{"rendered":"http:\/\/www.irdin.org.br\/site\/produto\/mensajes-de-misericordia-sagrado-y-glorificado-corazon-de-jesus\/"},"modified":"2026-04-10T10:11:30","modified_gmt":"2026-04-10T13:11:30","slug":"9788560835904","status":"publish","type":"product","link":"https:\/\/www.irdin.org.br\/site\/produtos\/9788560835904\/","title":{"rendered":"Mensajes de Misericordia &#8211; Sagrado y Glorificado Coraz\u00f3n de Jes\u00fas (capa flex\u00edvel)"},"content":{"rendered":"<p><em>A partir del estudio de esta Obra, el lector es invitado a vivenciar un contacto \u00edntimo con Jes\u00fas y Su Amor Misericordioso. Con la lectura atenta de cada mensaje, podr\u00e1 reconocer que, d\u00eda a d\u00eda, fortalecer\u00e1 en su mundo interno los atributos que son la base para el despertar espiritual y el ingreso en el camino del discipulado y del apostolado cr\u00edstico.<\/em><br \/>\nEl d\u00eda 5 de enero de 2013, Cristo Jes\u00fas se apareci\u00f3 al vidente Fray El\u00edas del Sagrado Coraz\u00f3n con la Faz de Su segunda venida, el Sagrado y Glorificado Coraz\u00f3n de Jes\u00fas, y anunci\u00f3 que, a partir de entonces, comenzar\u00eda a transmitir mensajes diarios a la humanidad.<br \/>\nEl libro\u00a0<strong>Mensajes de Misericordia<\/strong>, de la Editorial Irdin, trae las instrucciones diarias transmitidas por Cristo Jes\u00fas en el per\u00edodo comprendido entre enero de 2013 y enero de 2014. Con estas preciosas ense\u00f1anzas, el Maestro ampl\u00eda nuestras consciencias sobre el significado de los tiempos actuales y revela, principalmente, las llaves espirituales para ingresar en Su Reino de Paz.<br \/>\nCon cada p\u00e1gina, tenemos la gracia de entrar en contacto con el infinito manantial de Amor que brota del Sacrat\u00edsimo Coraz\u00f3n de Jes\u00fas. Sus santas y poderosas Palabras anuncian que a\u00fan estamos en el tiempo de Misericordia Divina, un tiempo de Gracias para aquellos que se abran a la transformaci\u00f3n de sus vidas a trav\u00e9s de la conversi\u00f3n y la reconciliaci\u00f3n con Dios.<br \/>\nCristo Jes\u00fas manifest\u00f3, en el mensaje transmitido el 17 de octubre de 2013:<br \/>\n<strong><i>\u0093Recuerden siempre el poder infinito de Mi Palabra. As\u00ed, alimentar\u00e1n a trav\u00e9s de Ella, su peque\u00f1o esp\u00edritu, para que, en la hora definitiva, nada dentro de ustedes pueda sorprenderlos. Recuerden el poder de Mi Verbo Creador y sumerjan su alma en el oc\u00e9ano poderoso de Mis Palabras, para que, en su ser, despierte el amor invencible por Mi Presencia Celestial\u0094.<\/i><\/strong><br \/>\nA trav\u00e9s de Sus Mensajes, Nuestro Se\u00f1or le revela a la humanidad instrucciones espirituales precisas para el tiempo que vivimos. En un sentido m\u00e1s oculto, Su Divina Presencia colma de bendiciones nuestros corazones, rescata en nuestro interior la sinton\u00eda con Leyes Universales y nos auxilia en el reconocimiento del Prop\u00f3sito Divino para nuestras vidas. De esta forma, el Maestro nos prepara para el momento de Su esperado Retorno, anunciado hace dos mil a\u00f1os.<\/p>\n<p><a class=\"pdf\" href=\"\/pdf\/Mensagens_de_Cristo_ESP_WEB.pdf\" target=\"_blank\" rel=\"noopener\">Baixar Gratuitamente<\/a><\/p>\n<p>&nbsp;<\/p>\n","protected":false},"excerpt":{"rendered":"<p>A partir del estudio de esta Obra, el lector es invitado a vivenciar un contacto \u00edntimo con Jes\u00fas y Su<\/p>\n","protected":false},"featured_media":58891,"template":"","meta":{"_acf_changed":false},"product_brand":[],"product_cat":[33286,17972],"product_tag":[33397],"class_list":{"0":"post-85190","1":"product","2":"type-product","3":"status-publish","4":"has-post-thumbnail","6":"product_cat-livro","7":"product_cat-livros-livro","8":"product_tag-33397","9":"pa_autor-frei-elias-del-sagrado-corazon","10":"pa_autor-madre-maria-shimani","11":"pa_classe-do-produto-fisico","12":"pa_codigo-de-barras-33142","13":"pa_idioma-de-destino-espanhol","14":"pa_lancamento-no","15":"pa_midia-papel","16":"pa_moac-33640","17":"pa_quantidade-de-saldo-32994","18":"pa_tipo-de-traducao-nao-classificado","20":"first","21":"outofstock","22":"purchasable","23":"product-type-simple"},"acf":[],"_links":{"self":[{"href":"https:\/\/www.irdin.org.br\/site\/wp-json\/wp\/v2\/product\/85190","targetHints":{"allow":["GET"]}}],"collection":[{"href":"https:\/\/www.irdin.org.br\/site\/wp-json\/wp\/v2\/product"}],"about":[{"href":"https:\/\/www.irdin.org.br\/site\/wp-json\/wp\/v2\/types\/product"}],"version-history":[{"count":3,"href":"https:\/\/www.irdin.org.br\/site\/wp-json\/wp\/v2\/product\/85190\/revisions"}],"predecessor-version":[{"id":109669,"href":"https:\/\/www.irdin.org.br\/site\/wp-json\/wp\/v2\/product\/85190\/revisions\/109669"}],"wp:featuredmedia":[{"embeddable":true,"href":"https:\/\/www.irdin.org.br\/site\/wp-json\/wp\/v2\/media\/58891"}],"wp:attachment":[{"href":"https:\/\/www.irdin.org.br\/site\/wp-json\/wp\/v2\/media?parent=85190"}],"wp:term":[{"taxonomy":"product_brand","embeddable":true,"href":"https:\/\/www.irdin.org.br\/site\/wp-json\/wp\/v2\/product_brand?post=85190"},{"taxonomy":"product_cat","embeddable":true,"href":"https:\/\/www.irdin.org.br\/site\/wp-json\/wp\/v2\/product_cat?post=85190"},{"taxonomy":"product_tag","embeddable":true,"href":"https:\/\/www.irdin.org.br\/site\/wp-json\/wp\/v2\/product_tag?post=85190"}],"curies":[{"name":"wp","href":"https:\/\/api.w.org\/{rel}","templated":true}]}}