{"id":85193,"date":"2012-02-12T00:00:00","date_gmt":"2012-02-12T00:00:00","guid":{"rendered":"http:\/\/www.irdin.org.br\/site\/produto\/galactolatria-mau-deleite-implicacoes-eticas-ambientais-e-nutricionais-do-consumo-de-leite-bovino\/"},"modified":"2026-02-24T15:20:45","modified_gmt":"2026-02-24T18:20:45","slug":"9788591409204","status":"publish","type":"product","link":"https:\/\/www.irdin.org.br\/site\/produtos\/9788591409204\/","title":{"rendered":"Galactolatria &#8211; mau deleite &#8211; Implica\u00e7\u00f5es \u00e9ticas, ambientais e nutricionais do consumo de leite bovino"},"content":{"rendered":"<p>O leite e seus derivados s\u00e3o alimentos pretensamente conhecidos por boa parte dos humanos, especialmente no ocidente. Quase todos os que os consomem os idolatram. A alvura do leite evoca pureza, limpeza, sa\u00fade, desej\u00e1veis em qualquer alimento. Mas essa ilus\u00e3o de pureza e sa\u00fade desaparece assim que o universo galact\u00f4mano e galactocrata \u00e9 descortinado. Galactolatria: mau deleite ajuda as pessoas a conhecerem melhor o leite que ingerem, o sistema de extra\u00e7\u00e3o e a realidade da vida das vacas das quais ele \u00e9 extra\u00eddo. Galactolatria: mau deleite \u00e9 um livro de filosofia cr\u00edtica, dedicado a transmitir ao consumidor dados e informa\u00e7\u00f5es sobre o sistema de extra\u00e7\u00e3o do leite. Aqui, a leitora e o leitor encontram informa\u00e7\u00f5es de fontes m\u00e9dicas e especializadas contr\u00e1rias ao consumo de leite bovino por seres humanos. Este livro revoluciona a concep\u00e7\u00e3o de responsabilidade pela pr\u00f3pria sa\u00fade, a dos animais e a ambiental.<\/p>\n<p>&nbsp;<\/p>\n","protected":false},"excerpt":{"rendered":"<p>O leite e seus derivados s\u00e3o alimentos pretensamente conhecidos por boa parte dos humanos, especialmente no ocidente. Quase todos os<\/p>\n","protected":false},"featured_media":85297,"template":"","meta":{"_acf_changed":false},"product_brand":[],"product_cat":[33286,17972],"product_tag":[33400],"class_list":{"0":"post-85193","1":"product","2":"type-product","3":"status-publish","4":"has-post-thumbnail","6":"product_cat-livro","7":"product_cat-livros-livro","8":"product_tag-33400","9":"pa_autor-sonia-t-felipe","10":"pa_classe-do-produto-fisico","11":"pa_codigo-de-barras-44208","12":"pa_codigo-externo-sf001ecop","13":"pa_data-de-lancamento-22964","14":"pa_idioma-de-destino-portugues","15":"pa_idioma-de-origem-portugues","16":"pa_lancamento-no","17":"pa_midia-papel","18":"pa_moac-33646","19":"pa_quantidade-de-saldo-32994","20":"pa_tipo-de-traducao-nao-classificado","22":"first","23":"instock","24":"purchasable","25":"product-type-simple"},"acf":[],"_links":{"self":[{"href":"https:\/\/www.irdin.org.br\/site\/wp-json\/wp\/v2\/product\/85193","targetHints":{"allow":["GET"]}}],"collection":[{"href":"https:\/\/www.irdin.org.br\/site\/wp-json\/wp\/v2\/product"}],"about":[{"href":"https:\/\/www.irdin.org.br\/site\/wp-json\/wp\/v2\/types\/product"}],"version-history":[{"count":2,"href":"https:\/\/www.irdin.org.br\/site\/wp-json\/wp\/v2\/product\/85193\/revisions"}],"predecessor-version":[{"id":109531,"href":"https:\/\/www.irdin.org.br\/site\/wp-json\/wp\/v2\/product\/85193\/revisions\/109531"}],"wp:featuredmedia":[{"embeddable":true,"href":"https:\/\/www.irdin.org.br\/site\/wp-json\/wp\/v2\/media\/85297"}],"wp:attachment":[{"href":"https:\/\/www.irdin.org.br\/site\/wp-json\/wp\/v2\/media?parent=85193"}],"wp:term":[{"taxonomy":"product_brand","embeddable":true,"href":"https:\/\/www.irdin.org.br\/site\/wp-json\/wp\/v2\/product_brand?post=85193"},{"taxonomy":"product_cat","embeddable":true,"href":"https:\/\/www.irdin.org.br\/site\/wp-json\/wp\/v2\/product_cat?post=85193"},{"taxonomy":"product_tag","embeddable":true,"href":"https:\/\/www.irdin.org.br\/site\/wp-json\/wp\/v2\/product_tag?post=85193"}],"curies":[{"name":"wp","href":"https:\/\/api.w.org\/{rel}","templated":true}]}}