{"id":85194,"date":"1987-01-01T00:00:00","date_gmt":"1987-01-01T00:00:00","guid":{"rendered":"http:\/\/www.irdin.org.br\/site\/produto\/a-energia-dos-raios-em-nossa-vida-2\/"},"modified":"2026-04-27T08:34:38","modified_gmt":"2026-04-27T11:34:38","slug":"9786588468203","status":"publish","type":"product","link":"https:\/\/www.irdin.org.br\/site\/produtos\/9786588468203\/","title":{"rendered":"A Energia dos Raios em Nossa Vida"},"content":{"rendered":"<p>Um livro que representa os tempos novos. Os Raios ser\u00e3o a base da psicologia no futuro e neles se fundamentar\u00e1 o conhecimento do homem. O que se designa como Raios s\u00e3o express\u00f5es de energias, e dizer que somos express\u00f5es de Raios significa que existimos como manifesta\u00e7\u00e3o dessas energias. Cada um de n\u00f3s, cada planeta, cada sistema solar \u00e9 uma express\u00e3o de Raios. Entretanto, em um n\u00edvel mais profundo, existe algo de um mist\u00e9rio insond\u00e1vel. Um dos primeiros e mais reeditados livros escritos por TRIGUEIRINHO, recomend\u00e1vel para aqueles que buscam a pr\u00f3pria realidade interior.<\/p>\n<p><a class=\"pdf\" href=\"\/pdf\/A Energia dos Raios em Nossa Vida_WEB.pdf\" target=\"_blank\" rel=\"noopener\">Baixar Gratuitamente<\/a><\/p>\n<p>&nbsp;<\/p>\n<p><iframe loading=\"lazy\" title=\"TRIGUEIRINHO | LAN\u00c7AMENTO DO LIVRO: &quot;A ENERGIA DOS RAIOS EM NOSSA VIDA&quot; - DEZEMBRO 2021\" width=\"500\" height=\"281\" src=\"https:\/\/www.youtube.com\/embed\/4ZOcB7jRu4g?list=PLxOs5L66MT9EgSGQq-8KO6pH1_4EHwgDi\" frameborder=\"0\" allow=\"accelerometer; autoplay; clipboard-write; encrypted-media; gyroscope; picture-in-picture; web-share\" referrerpolicy=\"strict-origin-when-cross-origin\" allowfullscreen><\/iframe><\/p>\n","protected":false},"excerpt":{"rendered":"<p>Um livro que representa os tempos novos. Os Raios ser\u00e3o a base da psicologia no futuro e neles se fundamentar\u00e1<\/p>\n","protected":false},"featured_media":88592,"template":"","meta":{"_acf_changed":false},"product_brand":[],"product_cat":[33286,17972],"product_tag":[33401],"class_list":{"0":"post-85194","1":"product","2":"type-product","3":"status-publish","4":"has-post-thumbnail","6":"product_cat-livro","7":"product_cat-livros-livro","8":"product_tag-33401","9":"pa_autor-trigueirinho","10":"pa_classe-do-produto-fisico","11":"pa_codigo-de-barras-43964","12":"pa_codigo-externo-tr002pep","13":"pa_data-de-lancamento-22273","14":"pa_idioma-de-destino-portugues","15":"pa_idioma-de-origem-portugues","16":"pa_lancamento-yes","17":"pa_midia-papel","18":"pa_moac-33648","19":"pa_quantidade-de-paginas-43965","20":"pa_tipo-de-traducao-nao-classificado","22":"first","23":"instock","24":"featured","25":"purchasable","26":"product-type-simple"},"acf":[],"_links":{"self":[{"href":"https:\/\/www.irdin.org.br\/site\/wp-json\/wp\/v2\/product\/85194","targetHints":{"allow":["GET"]}}],"collection":[{"href":"https:\/\/www.irdin.org.br\/site\/wp-json\/wp\/v2\/product"}],"about":[{"href":"https:\/\/www.irdin.org.br\/site\/wp-json\/wp\/v2\/types\/product"}],"version-history":[{"count":2,"href":"https:\/\/www.irdin.org.br\/site\/wp-json\/wp\/v2\/product\/85194\/revisions"}],"predecessor-version":[{"id":106466,"href":"https:\/\/www.irdin.org.br\/site\/wp-json\/wp\/v2\/product\/85194\/revisions\/106466"}],"wp:featuredmedia":[{"embeddable":true,"href":"https:\/\/www.irdin.org.br\/site\/wp-json\/wp\/v2\/media\/88592"}],"wp:attachment":[{"href":"https:\/\/www.irdin.org.br\/site\/wp-json\/wp\/v2\/media?parent=85194"}],"wp:term":[{"taxonomy":"product_brand","embeddable":true,"href":"https:\/\/www.irdin.org.br\/site\/wp-json\/wp\/v2\/product_brand?post=85194"},{"taxonomy":"product_cat","embeddable":true,"href":"https:\/\/www.irdin.org.br\/site\/wp-json\/wp\/v2\/product_cat?post=85194"},{"taxonomy":"product_tag","embeddable":true,"href":"https:\/\/www.irdin.org.br\/site\/wp-json\/wp\/v2\/product_tag?post=85194"}],"curies":[{"name":"wp","href":"https:\/\/api.w.org\/{rel}","templated":true}]}}