{"id":85202,"date":"1993-01-01T00:00:00","date_gmt":"1993-01-01T00:00:00","guid":{"rendered":"http:\/\/www.irdin.org.br\/site\/produto\/niskalkat-uma-mensagem-para-os-tempos-de-emergencia\/"},"modified":"2026-03-23T10:30:46","modified_gmt":"2026-03-23T13:30:46","slug":"9786588468128","status":"publish","type":"product","link":"https:\/\/www.irdin.org.br\/site\/produtos\/9786588468128\/","title":{"rendered":"Niskalkat &#8211; Uma mensagem para os tempos de emerg\u00eancia"},"content":{"rendered":"<p>O atual grau de contamina\u00e7\u00e3o do planeta por radioatividade repercute nas esferas sutis, desintegrando o fio de vida que une a consci\u00eancia aos corpos. Os \u00e1tomos materiais possuem uma contraparte sutil, \u00e0 qual est\u00e3o ligados por uma rede de \u00e9teres. Quando o homem, movido por for\u00e7as obscuras, engendra processos para obter energia do n\u00facleo desses \u00e1tomos, ele atua diretamente sobre aquilo que serve de base f\u00edsico-concreta para o ancoramento do poder divino na exist\u00eancia manifestada.<\/p>\n<p>Tais processos constituem uma viola\u00e7\u00e3o de leis que deveriam ser apreendidas, controladas e, ent\u00e3o, utilizadas de maneira altru\u00edsta e em benef\u00edcio do Todo. As consequ\u00eancias c\u00e1rmicas negativas geradas por essa viola\u00e7\u00e3o s\u00e3o grandes e j\u00e1 se fazem notar.<\/p>\n<p>Somente a interven\u00e7\u00e3o de um poder superior \u00e9 capaz de p\u00f4r um fim em tamanho desequil\u00edbrio. Por isso, o trabalho de transmuta\u00e7\u00e3o e de preserva\u00e7\u00e3o da vida realizado pelos centros planet\u00e1rios e pelos grupos de servi\u00e7o \u00e9 incomensur\u00e1vel e constante. N\u00e3o fosse por eles, a Terra n\u00e3o mais existiria como planeta material.<\/p>\n<p>Este livro trata da exist\u00eancia desses centros e desses grupos.<\/p>\n<p><a class=\"pdf\" href=\"\/pdf\/Niskalkat_POR_WEB.pdf\" target=\"_blank\" rel=\"noopener\">Baixar Gratuitamente<\/a><\/p>\n<p>&nbsp;<\/p>\n","protected":false},"excerpt":{"rendered":"<p>O atual grau de contamina\u00e7\u00e3o do planeta por radioatividade repercute nas esferas sutis, desintegrando o fio de vida que une<\/p>\n","protected":false},"featured_media":86218,"template":"","meta":{"_acf_changed":false},"product_brand":[],"product_cat":[33286,17972],"product_tag":[33409],"class_list":{"0":"post-85202","1":"product","2":"type-product","3":"status-publish","4":"has-post-thumbnail","6":"product_cat-livro","7":"product_cat-livros-livro","8":"product_tag-33409","9":"pa_autor-trigueirinho","10":"pa_classe-do-produto-fisico","11":"pa_codigo-de-barras-43952","12":"pa_codigo-externo-tr044pep","13":"pa_data-de-lancamento-21794","14":"pa_idioma-de-destino-portugues","15":"pa_idioma-de-origem-portugues","16":"pa_lancamento-no","17":"pa_midia-papel","18":"pa_moac-33664","19":"pa_quantidade-de-paginas-22388","20":"pa_quantidade-de-saldo-33008","21":"pa_tipo-de-traducao-nao-classificado","23":"first","24":"instock","25":"purchasable","26":"product-type-simple"},"acf":[],"_links":{"self":[{"href":"https:\/\/www.irdin.org.br\/site\/wp-json\/wp\/v2\/product\/85202","targetHints":{"allow":["GET"]}}],"collection":[{"href":"https:\/\/www.irdin.org.br\/site\/wp-json\/wp\/v2\/product"}],"about":[{"href":"https:\/\/www.irdin.org.br\/site\/wp-json\/wp\/v2\/types\/product"}],"version-history":[{"count":2,"href":"https:\/\/www.irdin.org.br\/site\/wp-json\/wp\/v2\/product\/85202\/revisions"}],"predecessor-version":[{"id":87949,"href":"https:\/\/www.irdin.org.br\/site\/wp-json\/wp\/v2\/product\/85202\/revisions\/87949"}],"wp:featuredmedia":[{"embeddable":true,"href":"https:\/\/www.irdin.org.br\/site\/wp-json\/wp\/v2\/media\/86218"}],"wp:attachment":[{"href":"https:\/\/www.irdin.org.br\/site\/wp-json\/wp\/v2\/media?parent=85202"}],"wp:term":[{"taxonomy":"product_brand","embeddable":true,"href":"https:\/\/www.irdin.org.br\/site\/wp-json\/wp\/v2\/product_brand?post=85202"},{"taxonomy":"product_cat","embeddable":true,"href":"https:\/\/www.irdin.org.br\/site\/wp-json\/wp\/v2\/product_cat?post=85202"},{"taxonomy":"product_tag","embeddable":true,"href":"https:\/\/www.irdin.org.br\/site\/wp-json\/wp\/v2\/product_tag?post=85202"}],"curies":[{"name":"wp","href":"https:\/\/api.w.org\/{rel}","templated":true}]}}