{"id":85203,"date":"2018-04-26T18:52:21","date_gmt":"2018-04-26T18:52:21","guid":{"rendered":"http:\/\/www.irdin.org.br\/site\/produto\/ensolarar-vidas\/"},"modified":"2026-04-10T10:10:06","modified_gmt":"2026-04-10T13:10:06","slug":"9788560835942","status":"publish","type":"product","link":"https:\/\/www.irdin.org.br\/site\/produtos\/9788560835942\/","title":{"rendered":"Ensolarar Vidas"},"content":{"rendered":"<p>O livro Ensolarar Vidas vai al\u00e9m de contar hist\u00f3rias emocionantes de animais resgatados. A autora revela, em linguagem l\u00edrica e delicada, a filosofia de vida adotada por esses cuidadores, grupo de volunt\u00e1rios que dedica a vida aos animais em uma comunidade de devotada ao servi\u00e7o altru\u00edsta, o vegetarianismo estrito e a comunh\u00e3o com a natureza. Incont\u00e1veis pessoas, aves, plantas, r\u00e9pteis, mam\u00edferos s\u00e3o ensolarados por volunt\u00e1rios de cora\u00e7\u00e3o ardente e humilde que servem ao Divino atrav\u00e9s dos Reinos da Natureza. Qual o nosso papel para trazer esperan\u00e7a \u00e0 dor da Terra?<\/p>\n<p><a class=\"pdf\" href=\"\/pdf\/Ensolarar_vidas_WEB.pdf\" target=\"_blank\" rel=\"noopener\">Baixar Gratuitamente<\/a><\/p>\n<p>&nbsp;<\/p>\n","protected":false},"excerpt":{"rendered":"<p>O livro Ensolarar Vidas vai al\u00e9m de contar hist\u00f3rias emocionantes de animais resgatados. A autora revela, em linguagem l\u00edrica e<\/p>\n","protected":false},"featured_media":70830,"template":"","meta":{"_acf_changed":false},"product_brand":[],"product_cat":[33286,17972],"product_tag":[33410],"class_list":{"0":"post-85203","1":"product","2":"type-product","3":"status-publish","4":"has-post-thumbnail","6":"product_cat-livro","7":"product_cat-livros-livro","8":"product_tag-33410","9":"pa_autor-ana-regina-nogueira","10":"pa_classe-do-produto-fisico","11":"pa_idioma-de-destino-portugues","12":"pa_lancamento-no","13":"pa_midia-papel","14":"pa_moac-33666","15":"pa_quantidade-de-saldo-33283","16":"pa_tipo-de-traducao-nao-classificado","18":"first","19":"instock","20":"purchasable","21":"product-type-simple"},"acf":[],"_links":{"self":[{"href":"https:\/\/www.irdin.org.br\/site\/wp-json\/wp\/v2\/product\/85203","targetHints":{"allow":["GET"]}}],"collection":[{"href":"https:\/\/www.irdin.org.br\/site\/wp-json\/wp\/v2\/product"}],"about":[{"href":"https:\/\/www.irdin.org.br\/site\/wp-json\/wp\/v2\/types\/product"}],"version-history":[{"count":1,"href":"https:\/\/www.irdin.org.br\/site\/wp-json\/wp\/v2\/product\/85203\/revisions"}],"predecessor-version":[{"id":106471,"href":"https:\/\/www.irdin.org.br\/site\/wp-json\/wp\/v2\/product\/85203\/revisions\/106471"}],"wp:featuredmedia":[{"embeddable":true,"href":"https:\/\/www.irdin.org.br\/site\/wp-json\/wp\/v2\/media\/70830"}],"wp:attachment":[{"href":"https:\/\/www.irdin.org.br\/site\/wp-json\/wp\/v2\/media?parent=85203"}],"wp:term":[{"taxonomy":"product_brand","embeddable":true,"href":"https:\/\/www.irdin.org.br\/site\/wp-json\/wp\/v2\/product_brand?post=85203"},{"taxonomy":"product_cat","embeddable":true,"href":"https:\/\/www.irdin.org.br\/site\/wp-json\/wp\/v2\/product_cat?post=85203"},{"taxonomy":"product_tag","embeddable":true,"href":"https:\/\/www.irdin.org.br\/site\/wp-json\/wp\/v2\/product_tag?post=85203"}],"curies":[{"name":"wp","href":"https:\/\/api.w.org\/{rel}","templated":true}]}}