{"id":85205,"date":"2018-04-26T18:52:21","date_gmt":"2018-04-26T18:52:21","guid":{"rendered":"http:\/\/www.irdin.org.br\/site\/produto\/a-criacao-nos-caminhos-da-energia-2\/"},"modified":"2026-04-13T08:42:57","modified_gmt":"2026-04-13T11:42:57","slug":"9786588468104","status":"publish","type":"product","link":"https:\/\/www.irdin.org.br\/site\/produtos\/9786588468104\/","title":{"rendered":"A Cria\u00e7\u00e3o (Nos Caminhos da Energia)"},"content":{"rendered":"<p>\u00c0 medida que este ciclo planet\u00e1rio se aproxima do seu desfecho, revela\u00e7\u00f5es mais amplas s\u00e3o trazidas \u00e0 humanidade. Este livro liga o Ensinamento transmitido pela Hierarquia espiritual no passado ao que pertence \u00e0 fase futura do planeta, trazendo importantes chaves para a compreens\u00e3o das expans\u00f5es de consci\u00eancia que hoje ocorrem concomitantemente no homem, na Terra e no Cosmos.<\/p>\n<p>Sem apresentar conceitos r\u00edgidos ou defini\u00e7\u00f5es que confirmem as expectativas do viver comum dos homens, seu conte\u00fado est\u00e1 a servi\u00e7o dessa evolu\u00e7\u00e3o espiritual, isentando-se o mais poss\u00edvel das tend\u00eancias mentais vigentes na atual civiliza\u00e7\u00e3o da superf\u00edcie da Terra. Nele, tanto o aspirante quanto o Iniciado poder\u00e3o encontrar alimento novo e \u00fatil.<\/p>\n<p>A CRIA\u00c7\u00c3O, conduzindo o leitor nos Caminhos da Energia, torna-se espelho da realidade interior por ele vivida, desvelando-lhe nuan\u00e7as de um processo profundo, c\u00f3smico, no qual est\u00e1 inserido.<\/p>\n<p><a class=\"pdf\" href=\"\/pdf\/A_Criacao_WEB.pdf\" target=\"_blank\" rel=\"noopener\">Baixar Gratuitamente<\/a><\/p>\n<p>&nbsp;<\/p>\n","protected":false},"excerpt":{"rendered":"<p>\u00c0 medida que este ciclo planet\u00e1rio se aproxima do seu desfecho, revela\u00e7\u00f5es mais amplas s\u00e3o trazidas \u00e0 humanidade. Este livro<\/p>\n","protected":false},"featured_media":87944,"template":"","meta":{"_acf_changed":false},"product_brand":[],"product_cat":[33286,17972],"product_tag":[33412],"class_list":{"0":"post-85205","1":"product","2":"type-product","3":"status-publish","4":"has-post-thumbnail","6":"product_cat-livro","7":"product_cat-livros-livro","8":"product_tag-33412","9":"pa_autor-trigueirinho","10":"pa_classe-do-produto-fisico","11":"pa_codigo-de-barras-43948","12":"pa_idioma-de-destino-portugues","13":"pa_lancamento-no","14":"pa_midia-papel","15":"pa_moac-33670","16":"pa_quantidade-de-paginas-22065","17":"pa_tipo-de-traducao-nao-classificado","19":"first","20":"instock","21":"featured","22":"purchasable","23":"product-type-simple"},"acf":[],"_links":{"self":[{"href":"https:\/\/www.irdin.org.br\/site\/wp-json\/wp\/v2\/product\/85205","targetHints":{"allow":["GET"]}}],"collection":[{"href":"https:\/\/www.irdin.org.br\/site\/wp-json\/wp\/v2\/product"}],"about":[{"href":"https:\/\/www.irdin.org.br\/site\/wp-json\/wp\/v2\/types\/product"}],"version-history":[{"count":2,"href":"https:\/\/www.irdin.org.br\/site\/wp-json\/wp\/v2\/product\/85205\/revisions"}],"predecessor-version":[{"id":106402,"href":"https:\/\/www.irdin.org.br\/site\/wp-json\/wp\/v2\/product\/85205\/revisions\/106402"}],"wp:featuredmedia":[{"embeddable":true,"href":"https:\/\/www.irdin.org.br\/site\/wp-json\/wp\/v2\/media\/87944"}],"wp:attachment":[{"href":"https:\/\/www.irdin.org.br\/site\/wp-json\/wp\/v2\/media?parent=85205"}],"wp:term":[{"taxonomy":"product_brand","embeddable":true,"href":"https:\/\/www.irdin.org.br\/site\/wp-json\/wp\/v2\/product_brand?post=85205"},{"taxonomy":"product_cat","embeddable":true,"href":"https:\/\/www.irdin.org.br\/site\/wp-json\/wp\/v2\/product_cat?post=85205"},{"taxonomy":"product_tag","embeddable":true,"href":"https:\/\/www.irdin.org.br\/site\/wp-json\/wp\/v2\/product_tag?post=85205"}],"curies":[{"name":"wp","href":"https:\/\/api.w.org\/{rel}","templated":true}]}}