{"id":85207,"date":"2018-04-26T18:52:21","date_gmt":"2018-04-26T18:52:21","guid":{"rendered":"http:\/\/www.irdin.org.br\/site\/produto\/aos-que-despertam-2\/"},"modified":"2026-03-23T10:30:28","modified_gmt":"2026-03-23T13:30:28","slug":"9786599051036","status":"publish","type":"product","link":"https:\/\/www.irdin.org.br\/site\/produtos\/9786599051036\/","title":{"rendered":"Aos que Despertam"},"content":{"rendered":"<p>Para o contato com as energias superiores, dedu\u00e7\u00f5es com base na compreens\u00e3o mental s\u00e3o v\u00e3s. As leis que regem as grandes expans\u00f5es de consci\u00eancia e o preparo para elas n\u00e3o s\u00e3o mentais. Todavia, o n\u00famero dos que v\u00eam recebendo esse preparo interno tem se tornado cada vez maior e este livro \u00e9 um precioso guia para os que buscam tal crescimento.<br \/>\nComo o conhecimento e a tecnologia conquistados pela humanidade n\u00e3o est\u00e3o sendo usados para a eleva\u00e7\u00e3o do seu potencial, mas com fins de domina\u00e7\u00e3o, a lei do sil\u00eancio \u00e9 para ser aplicada estritamente a todas as atividades evolutivas aut\u00eanticas.<br \/>\nEspecialmente nestes tempos, cada indiv\u00edduo deve manifestar com discernimento o que tiver adquirido nos n\u00edveis internos.<\/p>\n<p><a class=\"pdf\" href=\"\/pdf\/Aos_que_Despertam_WEB.pdf\" target=\"_blank\" rel=\"noopener\">Baixar Gratuitamente<\/a><\/p>\n<p>&nbsp;<\/p>\n","protected":false},"excerpt":{"rendered":"<p>Para o contato com as energias superiores, dedu\u00e7\u00f5es com base na compreens\u00e3o mental s\u00e3o v\u00e3s. As leis que regem as<\/p>\n","protected":false},"featured_media":87232,"template":"","meta":{"_acf_changed":false},"product_brand":[],"product_cat":[33286,17972],"product_tag":[33414],"class_list":{"0":"post-85207","1":"product","2":"type-product","3":"status-publish","4":"has-post-thumbnail","6":"product_cat-livro","7":"product_cat-livros-livro","8":"product_tag-33414","9":"pa_autor-trigueirinho","10":"pa_classe-do-produto-fisico","11":"pa_codigo-de-barras-43934","12":"pa_idioma-de-destino-portugues","13":"pa_idioma-de-origem-portugues","14":"pa_lancamento-no","15":"pa_midia-papel","16":"pa_moac-33674","17":"pa_quantidade-de-paginas-23221","18":"pa_quantidade-de-saldo-33008","19":"pa_tipo-de-traducao-nao-classificado","21":"first","22":"instock","23":"purchasable","24":"product-type-simple"},"acf":[],"_links":{"self":[{"href":"https:\/\/www.irdin.org.br\/site\/wp-json\/wp\/v2\/product\/85207","targetHints":{"allow":["GET"]}}],"collection":[{"href":"https:\/\/www.irdin.org.br\/site\/wp-json\/wp\/v2\/product"}],"about":[{"href":"https:\/\/www.irdin.org.br\/site\/wp-json\/wp\/v2\/types\/product"}],"version-history":[{"count":1,"href":"https:\/\/www.irdin.org.br\/site\/wp-json\/wp\/v2\/product\/85207\/revisions"}],"predecessor-version":[{"id":106403,"href":"https:\/\/www.irdin.org.br\/site\/wp-json\/wp\/v2\/product\/85207\/revisions\/106403"}],"wp:featuredmedia":[{"embeddable":true,"href":"https:\/\/www.irdin.org.br\/site\/wp-json\/wp\/v2\/media\/87232"}],"wp:attachment":[{"href":"https:\/\/www.irdin.org.br\/site\/wp-json\/wp\/v2\/media?parent=85207"}],"wp:term":[{"taxonomy":"product_brand","embeddable":true,"href":"https:\/\/www.irdin.org.br\/site\/wp-json\/wp\/v2\/product_brand?post=85207"},{"taxonomy":"product_cat","embeddable":true,"href":"https:\/\/www.irdin.org.br\/site\/wp-json\/wp\/v2\/product_cat?post=85207"},{"taxonomy":"product_tag","embeddable":true,"href":"https:\/\/www.irdin.org.br\/site\/wp-json\/wp\/v2\/product_tag?post=85207"}],"curies":[{"name":"wp","href":"https:\/\/api.w.org\/{rel}","templated":true}]}}