{"id":85208,"date":"2018-04-26T18:52:21","date_gmt":"2018-04-26T18:52:21","guid":{"rendered":"http:\/\/www.irdin.org.br\/site\/produto\/historia-escrita-nos-espelhos-2\/"},"modified":"2026-04-27T08:34:29","modified_gmt":"2026-04-27T11:34:29","slug":"9786588468005","status":"publish","type":"product","link":"https:\/\/www.irdin.org.br\/site\/produtos\/9786588468005\/","title":{"rendered":"Hist\u00f3ria Escrita nos Espelhos"},"content":{"rendered":"<p>Nos antigos mosteiros tibetanos havia um trabalho consciente de comunica\u00e7\u00e3o com o cosmos, que envolvia os planos sutis extraplanet\u00e1rios e que usava como receptores, transformadores e transmissores, as energias, as entidades e os seres de diferentes planos de vida &#8211; desde o f\u00edsico at\u00e9 os imateriais.<br \/>\nV\u00e1rios povos antigos tamb\u00e9m desenvolveram importantes coliga\u00e7\u00f5es extraterrestres e colaboraram na estrutura\u00e7\u00e3o de contatos extrassist\u00eamicos. As Am\u00e9ricas aguardaram, preservadas, a chegada de sua maturidade energ\u00e9tica, para que no momento c\u00edclico correto sua tarefa pudesse emergir de forma pura &#8211; o que est\u00e1 come\u00e7ando a acontecer agora. No passado esse trabalho era herm\u00e9tico para a humanidade em geral, mas na futura Terra haver\u00e1 maior participa\u00e7\u00e3o nele por parte dos indiv\u00edduos da superf\u00edcie do planeta.<br \/>\nHoje os maiores Centros-Espelho planet\u00e1rios s\u00e3o intraterrenos, e cabe a eles o treinamento silencioso, interno e quase impercept\u00edvel dos novos e atuais candidatos para esses trabalhos.<br \/>\nEste livro pioneiro aborda esse tema por meio da experi\u00eancia direta de um grupo, e oferece importantes chaves aos que t\u00eam afinidade com essa sublime rede de comunica\u00e7\u00f5es: os Espelhos do cosmos.<\/p>\n<p><a class=\"pdf\" href=\"\/pdf\/Historia Escrita nos Espelhos_WEB.pdf\" target=\"_blank\" rel=\"noopener\">Baixar Gratuitamente<\/a><\/p>\n<p>&nbsp;<\/p>\n","protected":false},"excerpt":{"rendered":"<p>Nos antigos mosteiros tibetanos havia um trabalho consciente de comunica\u00e7\u00e3o com o cosmos, que envolvia os planos sutis extraplanet\u00e1rios e<\/p>\n","protected":false},"featured_media":87233,"template":"","meta":{"_acf_changed":false},"product_brand":[],"product_cat":[33286,17972],"product_tag":[33415],"class_list":{"0":"post-85208","1":"product","2":"type-product","3":"status-publish","4":"has-post-thumbnail","6":"product_cat-livro","7":"product_cat-livros-livro","8":"product_tag-33415","9":"pa_autor-trigueirinho","10":"pa_classe-do-produto-fisico","11":"pa_codigo-de-barras-43932","12":"pa_idioma-de-destino-portugues","13":"pa_lancamento-no","14":"pa_midia-papel","15":"pa_moac-33676","16":"pa_quantidade-de-paginas-23274","17":"pa_quantidade-de-saldo-32994","18":"pa_tipo-de-traducao-nao-classificado","20":"first","21":"instock","22":"purchasable","23":"product-type-simple"},"acf":[],"_links":{"self":[{"href":"https:\/\/www.irdin.org.br\/site\/wp-json\/wp\/v2\/product\/85208","targetHints":{"allow":["GET"]}}],"collection":[{"href":"https:\/\/www.irdin.org.br\/site\/wp-json\/wp\/v2\/product"}],"about":[{"href":"https:\/\/www.irdin.org.br\/site\/wp-json\/wp\/v2\/types\/product"}],"version-history":[{"count":2,"href":"https:\/\/www.irdin.org.br\/site\/wp-json\/wp\/v2\/product\/85208\/revisions"}],"predecessor-version":[{"id":86207,"href":"https:\/\/www.irdin.org.br\/site\/wp-json\/wp\/v2\/product\/85208\/revisions\/86207"}],"wp:featuredmedia":[{"embeddable":true,"href":"https:\/\/www.irdin.org.br\/site\/wp-json\/wp\/v2\/media\/87233"}],"wp:attachment":[{"href":"https:\/\/www.irdin.org.br\/site\/wp-json\/wp\/v2\/media?parent=85208"}],"wp:term":[{"taxonomy":"product_brand","embeddable":true,"href":"https:\/\/www.irdin.org.br\/site\/wp-json\/wp\/v2\/product_brand?post=85208"},{"taxonomy":"product_cat","embeddable":true,"href":"https:\/\/www.irdin.org.br\/site\/wp-json\/wp\/v2\/product_cat?post=85208"},{"taxonomy":"product_tag","embeddable":true,"href":"https:\/\/www.irdin.org.br\/site\/wp-json\/wp\/v2\/product_tag?post=85208"}],"curies":[{"name":"wp","href":"https:\/\/api.w.org\/{rel}","templated":true}]}}