{"id":85209,"date":"2018-04-26T18:52:21","date_gmt":"2018-04-26T18:52:21","guid":{"rendered":"http:\/\/www.irdin.org.br\/site\/produto\/mensagens-para-uma-vida-de-harmonia-2\/"},"modified":"2026-02-17T12:00:37","modified_gmt":"2026-02-17T15:00:37","slug":"9788554410414","status":"publish","type":"product","link":"https:\/\/www.irdin.org.br\/site\/produtos\/9788554410414\/","title":{"rendered":"Mensagens para uma Vida de Harmonia"},"content":{"rendered":"<p>N\u00e3o se abalar com o que sucede \u00e0 nossa volta e realizar o pr\u00f3prio destino \u00e9 meta de muitos de n\u00f3s. Mas, como estar em paz em meio \u00e0 agitada vida moderna? Onde encontrar o real sentido da exist\u00eancia?<\/p>\n<p><a class=\"pdf\" href=\"\/pdf\/Mensagens_para_uma_Vida_de_Harmonia_WEB.pdf\" target=\"_blank\" rel=\"noopener\">Baixar Gratuitamente<\/a><\/p>\n<p>&nbsp;<\/p>\n","protected":false},"excerpt":{"rendered":"<p>N\u00e3o se abalar com o que sucede \u00e0 nossa volta e realizar o pr\u00f3prio destino \u00e9 meta de muitos de<\/p>\n","protected":false},"featured_media":86690,"template":"","meta":{"_acf_changed":false},"product_brand":[],"product_cat":[33286,17972],"product_tag":[33416],"class_list":{"0":"post-85209","1":"product","2":"type-product","3":"status-publish","4":"has-post-thumbnail","6":"product_cat-livro","7":"product_cat-livros-livro","8":"product_tag-33416","9":"pa_autor-trigueirinho","10":"pa_classe-do-produto-fisico","11":"pa_codigo-de-barras-43827","12":"pa_idioma-de-destino-portugues","13":"pa_lancamento-no","14":"pa_midia-papel","15":"pa_moac-33678","16":"pa_quantidade-de-paginas-21682","17":"pa_tipo-de-traducao-nao-classificado","19":"first","20":"instock","21":"purchasable","22":"product-type-simple"},"acf":[],"_links":{"self":[{"href":"https:\/\/www.irdin.org.br\/site\/wp-json\/wp\/v2\/product\/85209","targetHints":{"allow":["GET"]}}],"collection":[{"href":"https:\/\/www.irdin.org.br\/site\/wp-json\/wp\/v2\/product"}],"about":[{"href":"https:\/\/www.irdin.org.br\/site\/wp-json\/wp\/v2\/types\/product"}],"version-history":[{"count":2,"href":"https:\/\/www.irdin.org.br\/site\/wp-json\/wp\/v2\/product\/85209\/revisions"}],"predecessor-version":[{"id":109582,"href":"https:\/\/www.irdin.org.br\/site\/wp-json\/wp\/v2\/product\/85209\/revisions\/109582"}],"wp:featuredmedia":[{"embeddable":true,"href":"https:\/\/www.irdin.org.br\/site\/wp-json\/wp\/v2\/media\/86690"}],"wp:attachment":[{"href":"https:\/\/www.irdin.org.br\/site\/wp-json\/wp\/v2\/media?parent=85209"}],"wp:term":[{"taxonomy":"product_brand","embeddable":true,"href":"https:\/\/www.irdin.org.br\/site\/wp-json\/wp\/v2\/product_brand?post=85209"},{"taxonomy":"product_cat","embeddable":true,"href":"https:\/\/www.irdin.org.br\/site\/wp-json\/wp\/v2\/product_cat?post=85209"},{"taxonomy":"product_tag","embeddable":true,"href":"https:\/\/www.irdin.org.br\/site\/wp-json\/wp\/v2\/product_tag?post=85209"}],"curies":[{"name":"wp","href":"https:\/\/api.w.org\/{rel}","templated":true}]}}