{"id":85210,"date":"2018-04-26T18:52:21","date_gmt":"2018-04-26T18:52:21","guid":{"rendered":"http:\/\/www.irdin.org.br\/site\/produto\/nossa-vida-nos-sonhos-2\/"},"modified":"2026-05-11T08:45:20","modified_gmt":"2026-05-11T11:45:20","slug":"9786588468340","status":"publish","type":"product","link":"https:\/\/www.irdin.org.br\/site\/produtos\/9786588468340\/","title":{"rendered":"Nossa Vida nos Sonhos"},"content":{"rendered":"<p>Em nosso interior h\u00e1 uma energia criativa poderosa: uma parte dela fica evidente na vida de sonhos, onde o imposs\u00edvel acontece. A import\u00e2ncia dos sonhos, suas consequ\u00eancias, os diferentes tipos de sonho, os ensinamentos que deles recebemos, os sonhos prof\u00e9ticos, os sonhos como mensagens da alma s\u00e3o alguns dos interessantes temas tratados neste livro.<br \/>\nComo afirma o autor, \u00b4os sonhos constituem um precioso instrumento para a evolu\u00e7\u00e3o do homem, que por meio deles pode participar da vida em v\u00e1rios n\u00edveis de realidade e de consci\u00eancia. Se dermos aten\u00e7\u00e3o \u00e0 vida durante os sonhos, usaremos melhor boa parte de nossa estada na Terra, j\u00e1 que passamos cerca de um ter\u00e7o dela dormindo\u00b4<\/p>\n<p><a class=\"pdf\" href=\"\/pdf\/Nossa_Vida_nos_Sonhos_WEB.pdf\" target=\"_blank\" rel=\"noopener\">Baixar Gratuitamente<\/a><\/p>\n<p><iframe loading=\"lazy\" title=\"TRIGUEIRINHO | LAN\u00c7AMENTOS DAS OBRAS DE TRIGUEIRINHO PELA IRDIN EDITORA - ABRIL 2023\" width=\"500\" height=\"281\" src=\"https:\/\/www.youtube.com\/embed\/bQD9cvFB-nc?feature=oembed\" frameborder=\"0\" allow=\"accelerometer; autoplay; clipboard-write; encrypted-media; gyroscope; picture-in-picture; web-share\" referrerpolicy=\"strict-origin-when-cross-origin\" allowfullscreen><\/iframe><\/p>\n<p>&nbsp;<\/p>\n","protected":false},"excerpt":{"rendered":"<p>Em nosso interior h\u00e1 uma energia criativa poderosa: uma parte dela fica evidente na vida de sonhos, onde o imposs\u00edvel<\/p>\n","protected":false},"featured_media":103799,"template":"","meta":{"_acf_changed":false},"product_brand":[],"product_cat":[33286,17972],"product_tag":[33417],"class_list":{"0":"post-85210","1":"product","2":"type-product","3":"status-publish","4":"has-post-thumbnail","6":"product_cat-livro","7":"product_cat-livros-livro","8":"product_tag-33417","9":"pa_autor-trigueirinho","10":"pa_classe-do-produto-fisico","11":"pa_codigo-de-barras-44042","12":"pa_idioma-de-destino-portugues","13":"pa_idioma-de-origem-portugues","14":"pa_lancamento-yes","15":"pa_midia-papel","16":"pa_quantidade-de-paginas-18040","18":"first","19":"instock","20":"purchasable","21":"product-type-simple"},"acf":[],"_links":{"self":[{"href":"https:\/\/www.irdin.org.br\/site\/wp-json\/wp\/v2\/product\/85210","targetHints":{"allow":["GET"]}}],"collection":[{"href":"https:\/\/www.irdin.org.br\/site\/wp-json\/wp\/v2\/product"}],"about":[{"href":"https:\/\/www.irdin.org.br\/site\/wp-json\/wp\/v2\/types\/product"}],"version-history":[{"count":3,"href":"https:\/\/www.irdin.org.br\/site\/wp-json\/wp\/v2\/product\/85210\/revisions"}],"predecessor-version":[{"id":109583,"href":"https:\/\/www.irdin.org.br\/site\/wp-json\/wp\/v2\/product\/85210\/revisions\/109583"}],"wp:featuredmedia":[{"embeddable":true,"href":"https:\/\/www.irdin.org.br\/site\/wp-json\/wp\/v2\/media\/103799"}],"wp:attachment":[{"href":"https:\/\/www.irdin.org.br\/site\/wp-json\/wp\/v2\/media?parent=85210"}],"wp:term":[{"taxonomy":"product_brand","embeddable":true,"href":"https:\/\/www.irdin.org.br\/site\/wp-json\/wp\/v2\/product_brand?post=85210"},{"taxonomy":"product_cat","embeddable":true,"href":"https:\/\/www.irdin.org.br\/site\/wp-json\/wp\/v2\/product_cat?post=85210"},{"taxonomy":"product_tag","embeddable":true,"href":"https:\/\/www.irdin.org.br\/site\/wp-json\/wp\/v2\/product_tag?post=85210"}],"curies":[{"name":"wp","href":"https:\/\/api.w.org\/{rel}","templated":true}]}}