{"id":85212,"date":"2018-04-26T18:52:21","date_gmt":"2018-04-26T18:52:21","guid":{"rendered":"http:\/\/www.irdin.org.br\/site\/produto\/a-formacao-de-curadores\/"},"modified":"2026-04-05T15:06:31","modified_gmt":"2026-04-05T18:06:31","slug":"9788554410377","status":"publish","type":"product","link":"https:\/\/www.irdin.org.br\/site\/produtos\/9788554410377\/","title":{"rendered":"A Forma\u00e7\u00e3o de Curadores"},"content":{"rendered":"<p>A forma\u00e7\u00e3o de curadores c\u00f3smicos acontece com o amadurecer gradual do ser interior do pr\u00f3prio indiv\u00edduo e da consci\u00eancia que ele tem do mundo, do viver humano. \u00c9 uma transforma\u00e7\u00e3o guiada por seu n\u00facleo individual de consci\u00eancia c\u00f3smica e por instrutores dos planos internos da exist\u00eancia.<br \/>\nO contato com curadores ou Centros de Cura aut\u00eanticos \u00e9 regulado por Hierarquias com precis\u00e3o impec\u00e1vel. Esse processo considera o bem maior do indiv\u00edduo a ser curado, segundo os ciclos de sua evolu\u00e7\u00e3o e tamb\u00e9m a do planeta.<br \/>\nA presen\u00e7a dos curadores c\u00f3smicos altera bastante o ambiente e os seres; por isso, trabalham em sigilo. Curadores que canalizam energias muito potentes chegam a viver longe da massa humana.<br \/>\nO que emana de um curador estimula e desloca as for\u00e7as de in\u00e9rcia da mat\u00e9ria terrestre; isso pode gerar uma rea\u00e7\u00e3o nos indiv\u00edduos despreparados para transforma\u00e7\u00e3o ou purifica\u00e7\u00e3o mais profundas.<br \/>\nSeguindo a Lei do Amor-Sabedoria, em geral, o curador n\u00e3o se d\u00e1 a conhecer. Trabalha em sil\u00eancio, na maioria dos casos agindo por vias indiretas, a partir dos planos internos.<\/p>\n<p><a class=\"pdf\" href=\"\/pdf\/A_Formacao_de_Curadores_WEB.pdf\" target=\"_blank\" rel=\"noopener\">Baixar Gratuitamente<\/a><\/p>\n<p>&nbsp;<\/p>\n","protected":false},"excerpt":{"rendered":"<p>A forma\u00e7\u00e3o de curadores c\u00f3smicos acontece com o amadurecer gradual do ser interior do pr\u00f3prio indiv\u00edduo e da consci\u00eancia que<\/p>\n","protected":false},"featured_media":86691,"template":"","meta":{"_acf_changed":false},"product_brand":[],"product_cat":[33286,17972],"product_tag":[33419],"class_list":{"0":"post-85212","1":"product","2":"type-product","3":"status-publish","4":"has-post-thumbnail","6":"product_cat-livro","7":"product_cat-livros-livro","8":"product_tag-33419","9":"pa_autor-trigueirinho","10":"pa_classe-do-produto-fisico","11":"pa_codigo-de-barras-43828","12":"pa_idioma-de-destino-portugues","13":"pa_idioma-de-origem-portugues","14":"pa_lancamento-no","15":"pa_midia-papel","16":"pa_moac-33684","17":"pa_quantidade-de-paginas-22074","18":"pa_tipo-de-traducao-nao-classificado","20":"first","21":"instock","22":"purchasable","23":"product-type-simple"},"acf":[],"_links":{"self":[{"href":"https:\/\/www.irdin.org.br\/site\/wp-json\/wp\/v2\/product\/85212","targetHints":{"allow":["GET"]}}],"collection":[{"href":"https:\/\/www.irdin.org.br\/site\/wp-json\/wp\/v2\/product"}],"about":[{"href":"https:\/\/www.irdin.org.br\/site\/wp-json\/wp\/v2\/types\/product"}],"version-history":[{"count":2,"href":"https:\/\/www.irdin.org.br\/site\/wp-json\/wp\/v2\/product\/85212\/revisions"}],"predecessor-version":[{"id":106406,"href":"https:\/\/www.irdin.org.br\/site\/wp-json\/wp\/v2\/product\/85212\/revisions\/106406"}],"wp:featuredmedia":[{"embeddable":true,"href":"https:\/\/www.irdin.org.br\/site\/wp-json\/wp\/v2\/media\/86691"}],"wp:attachment":[{"href":"https:\/\/www.irdin.org.br\/site\/wp-json\/wp\/v2\/media?parent=85212"}],"wp:term":[{"taxonomy":"product_brand","embeddable":true,"href":"https:\/\/www.irdin.org.br\/site\/wp-json\/wp\/v2\/product_brand?post=85212"},{"taxonomy":"product_cat","embeddable":true,"href":"https:\/\/www.irdin.org.br\/site\/wp-json\/wp\/v2\/product_cat?post=85212"},{"taxonomy":"product_tag","embeddable":true,"href":"https:\/\/www.irdin.org.br\/site\/wp-json\/wp\/v2\/product_tag?post=85212"}],"curies":[{"name":"wp","href":"https:\/\/api.w.org\/{rel}","templated":true}]}}