{"id":85213,"date":"2018-04-26T18:52:21","date_gmt":"2018-04-26T18:52:21","guid":{"rendered":"http:\/\/www.irdin.org.br\/site\/produto\/a-paz-existe-2\/"},"modified":"2025-03-15T18:37:24","modified_gmt":"2025-03-15T18:37:24","slug":"a-paz-existe-2","status":"publish","type":"product","link":"https:\/\/www.irdin.org.br\/site\/produtos\/a-paz-existe-2\/","title":{"rendered":"A Paz Existe"},"content":{"rendered":"<p>Aquieta o cora\u00e7\u00e3o e escuta! H\u00e1 um sublime caminho a seguir. \u00c9 tempo de ser livre para viver a paz \u0096 a serena harmonia que dissolve obst\u00e1culos. De v\u00e1rias formas a sabedoria da vida interior te fala, e aqui te \u00e9 dada oportunidade de contatar algumas delas.<\/p>\n<p><a class=\"pdf\" href=\"\/pdf\/A_Paz_Existe_WEB.pdf\" target=\"_blank\" rel=\"noopener\">Baixar Gratuitamente<\/a><\/p>\n<p>&nbsp;<\/p>\n","protected":false},"excerpt":{"rendered":"<p>Aquieta o cora\u00e7\u00e3o e escuta! H\u00e1 um sublime caminho a seguir. \u00c9 tempo de ser livre para viver a paz<\/p>\n","protected":false},"featured_media":89584,"template":"","meta":{"_acf_changed":false},"product_brand":[],"product_cat":[33286,17972],"product_tag":[33420],"class_list":{"0":"post-85213","1":"product","2":"type-product","3":"status-publish","4":"has-post-thumbnail","6":"product_cat-livro","7":"product_cat-livros-livro","8":"product_tag-33420","9":"pa_autor-trigueirinho","10":"pa_classe-do-produto-fisico","11":"pa_idioma-de-destino-portugues","12":"pa_lancamento-no","13":"pa_midia-papel","14":"pa_moac-33686","15":"pa_quantidade-de-saldo-32994","16":"pa_tipo-de-traducao-nao-classificado","18":"first","19":"outofstock","20":"product-type-simple"},"acf":[],"_links":{"self":[{"href":"https:\/\/www.irdin.org.br\/site\/wp-json\/wp\/v2\/product\/85213","targetHints":{"allow":["GET"]}}],"collection":[{"href":"https:\/\/www.irdin.org.br\/site\/wp-json\/wp\/v2\/product"}],"about":[{"href":"https:\/\/www.irdin.org.br\/site\/wp-json\/wp\/v2\/types\/product"}],"version-history":[{"count":2,"href":"https:\/\/www.irdin.org.br\/site\/wp-json\/wp\/v2\/product\/85213\/revisions"}],"predecessor-version":[{"id":108276,"href":"https:\/\/www.irdin.org.br\/site\/wp-json\/wp\/v2\/product\/85213\/revisions\/108276"}],"wp:featuredmedia":[{"embeddable":true,"href":"https:\/\/www.irdin.org.br\/site\/wp-json\/wp\/v2\/media\/89584"}],"wp:attachment":[{"href":"https:\/\/www.irdin.org.br\/site\/wp-json\/wp\/v2\/media?parent=85213"}],"wp:term":[{"taxonomy":"product_brand","embeddable":true,"href":"https:\/\/www.irdin.org.br\/site\/wp-json\/wp\/v2\/product_brand?post=85213"},{"taxonomy":"product_cat","embeddable":true,"href":"https:\/\/www.irdin.org.br\/site\/wp-json\/wp\/v2\/product_cat?post=85213"},{"taxonomy":"product_tag","embeddable":true,"href":"https:\/\/www.irdin.org.br\/site\/wp-json\/wp\/v2\/product_tag?post=85213"}],"curies":[{"name":"wp","href":"https:\/\/api.w.org\/{rel}","templated":true}]}}