{"id":85217,"date":"2018-04-26T18:52:21","date_gmt":"2018-04-26T18:52:21","guid":{"rendered":"http:\/\/www.irdin.org.br\/site\/produto\/uma-flor-para-cada-dia-por-formato-mesa\/"},"modified":"2025-03-15T18:37:39","modified_gmt":"2025-03-15T18:37:39","slug":"uma-flor-para-cada-dia-por-formato-mesa","status":"publish","type":"product","link":"https:\/\/www.irdin.org.br\/site\/produtos\/uma-flor-para-cada-dia-por-formato-mesa\/","title":{"rendered":"Uma Flor para cada dia &#8211; POR. (Formato Mesa)"},"content":{"rendered":"<p>Esta \u00e9 uma linda homenagem aos 39 anos de instru\u00e7\u00e3o de Jos\u00e9 Trigueirinho Netto. \u00b4Uma Flor para cada dia\u00b4, pensamentos di\u00e1rios de livros de Trigueirinho com calend\u00e1rio 2018\/2019 (formato calend\u00e1rio de mesa).<\/p>\n<p><a class=\"pdf\" href=\"\/pdf\/Uma Flor para cada Dia_WEB.pdf\" target=\"_blank\" rel=\"noopener\">Baixar Gratuitamente<\/a><\/p>\n<p>&nbsp;<\/p>\n","protected":false},"excerpt":{"rendered":"<p>Esta \u00e9 uma linda homenagem aos 39 anos de instru\u00e7\u00e3o de Jos\u00e9 Trigueirinho Netto. \u00b4Uma Flor para cada dia\u00b4, pensamentos<\/p>\n","protected":false},"featured_media":72889,"template":"","meta":{"_acf_changed":false},"product_brand":[],"product_cat":[33286,17972],"product_tag":[33424],"class_list":{"0":"post-85217","1":"product","2":"type-product","3":"status-publish","4":"has-post-thumbnail","6":"product_cat-livro","7":"product_cat-livros-livro","8":"product_tag-33424","9":"pa_autor-trigueirinho","10":"pa_classe-do-produto-fisico","11":"pa_idioma-de-destino-portugues","12":"pa_lancamento-no","13":"pa_midia-papel","14":"pa_moac-33694","15":"pa_quantidade-de-saldo-33278","16":"pa_tipo-de-traducao-nao-classificado","18":"first","19":"outofstock","20":"product-type-simple"},"acf":[],"_links":{"self":[{"href":"https:\/\/www.irdin.org.br\/site\/wp-json\/wp\/v2\/product\/85217","targetHints":{"allow":["GET"]}}],"collection":[{"href":"https:\/\/www.irdin.org.br\/site\/wp-json\/wp\/v2\/product"}],"about":[{"href":"https:\/\/www.irdin.org.br\/site\/wp-json\/wp\/v2\/types\/product"}],"version-history":[{"count":2,"href":"https:\/\/www.irdin.org.br\/site\/wp-json\/wp\/v2\/product\/85217\/revisions"}],"predecessor-version":[{"id":106413,"href":"https:\/\/www.irdin.org.br\/site\/wp-json\/wp\/v2\/product\/85217\/revisions\/106413"}],"wp:featuredmedia":[{"embeddable":true,"href":"https:\/\/www.irdin.org.br\/site\/wp-json\/wp\/v2\/media\/72889"}],"wp:attachment":[{"href":"https:\/\/www.irdin.org.br\/site\/wp-json\/wp\/v2\/media?parent=85217"}],"wp:term":[{"taxonomy":"product_brand","embeddable":true,"href":"https:\/\/www.irdin.org.br\/site\/wp-json\/wp\/v2\/product_brand?post=85217"},{"taxonomy":"product_cat","embeddable":true,"href":"https:\/\/www.irdin.org.br\/site\/wp-json\/wp\/v2\/product_cat?post=85217"},{"taxonomy":"product_tag","embeddable":true,"href":"https:\/\/www.irdin.org.br\/site\/wp-json\/wp\/v2\/product_tag?post=85217"}],"curies":[{"name":"wp","href":"https:\/\/api.w.org\/{rel}","templated":true}]}}