{"id":85221,"date":"2018-04-26T18:52:42","date_gmt":"2018-04-26T18:52:42","guid":{"rendered":"http:\/\/www.irdin.org.br\/site\/produto\/una-flor-para-cada-dia-esp-formato-pared\/"},"modified":"2026-03-19T20:06:51","modified_gmt":"2026-03-19T23:06:51","slug":"3123456789022","status":"publish","type":"product","link":"https:\/\/www.irdin.org.br\/site\/produtos\/3123456789022\/","title":{"rendered":"Una Flor para cada d\u00eda &#8211; ESP. (Formato Pared)"},"content":{"rendered":"<p>Este es un lindo homenaje por los 39 a\u00f1os de Instrucci\u00f3n de Jos\u00e9 Trigueirinho Netto. \u00b4Una Flor para cada d\u00eda\u00b4, pensamientos diarios extra\u00eddos de libros de Trigueirinho, con calendario para 2018\/2019 (formato calendario de pared).<\/p>\n<p><a class=\"pdf\" href=\"\/pdf\/Una Flor para cada d\u00eda_WEB.pdf\" target=\"_blank\" rel=\"noopener\">Baixar Gratuitamente<\/a><\/p>\n<p>&nbsp;<\/p>\n","protected":false},"excerpt":{"rendered":"<p>Este es un lindo homenaje por los 39 a\u00f1os de Instrucci\u00f3n de Jos\u00e9 Trigueirinho Netto. \u00b4Una Flor para cada d\u00eda\u00b4,<\/p>\n","protected":false},"featured_media":72891,"template":"","meta":{"_acf_changed":false},"product_brand":[],"product_cat":[33286,17972],"product_tag":[33428],"class_list":{"0":"post-85221","1":"product","2":"type-product","3":"status-publish","4":"has-post-thumbnail","6":"product_cat-livro","7":"product_cat-livros-livro","8":"product_tag-33428","9":"pa_autor-trigueirinho","10":"pa_classe-do-produto-fisico","11":"pa_idioma-de-destino-portugues","12":"pa_lancamento-no","13":"pa_midia-papel","14":"pa_moac-33702","15":"pa_quantidade-de-saldo-33011","16":"pa_tipo-de-traducao-nao-classificado","18":"first","19":"instock","20":"purchasable","21":"product-type-simple"},"acf":[],"_links":{"self":[{"href":"https:\/\/www.irdin.org.br\/site\/wp-json\/wp\/v2\/product\/85221","targetHints":{"allow":["GET"]}}],"collection":[{"href":"https:\/\/www.irdin.org.br\/site\/wp-json\/wp\/v2\/product"}],"about":[{"href":"https:\/\/www.irdin.org.br\/site\/wp-json\/wp\/v2\/types\/product"}],"version-history":[{"count":2,"href":"https:\/\/www.irdin.org.br\/site\/wp-json\/wp\/v2\/product\/85221\/revisions"}],"predecessor-version":[{"id":109580,"href":"https:\/\/www.irdin.org.br\/site\/wp-json\/wp\/v2\/product\/85221\/revisions\/109580"}],"wp:featuredmedia":[{"embeddable":true,"href":"https:\/\/www.irdin.org.br\/site\/wp-json\/wp\/v2\/media\/72891"}],"wp:attachment":[{"href":"https:\/\/www.irdin.org.br\/site\/wp-json\/wp\/v2\/media?parent=85221"}],"wp:term":[{"taxonomy":"product_brand","embeddable":true,"href":"https:\/\/www.irdin.org.br\/site\/wp-json\/wp\/v2\/product_brand?post=85221"},{"taxonomy":"product_cat","embeddable":true,"href":"https:\/\/www.irdin.org.br\/site\/wp-json\/wp\/v2\/product_cat?post=85221"},{"taxonomy":"product_tag","embeddable":true,"href":"https:\/\/www.irdin.org.br\/site\/wp-json\/wp\/v2\/product_tag?post=85221"}],"curies":[{"name":"wp","href":"https:\/\/api.w.org\/{rel}","templated":true}]}}