{"id":85223,"date":"2018-04-26T18:52:42","date_gmt":"2018-04-26T18:52:42","guid":{"rendered":"http:\/\/www.irdin.org.br\/site\/produto\/sagrados-reinos-da-natureza\/"},"modified":"2026-05-04T10:17:28","modified_gmt":"2026-05-04T13:17:28","slug":"9788554410049","status":"publish","type":"product","link":"https:\/\/www.irdin.org.br\/site\/produtos\/9788554410049\/","title":{"rendered":"Sagrados Reinos da Natureza"},"content":{"rendered":"<p>Este livro \u00e9 um convite ao trabalho contemplativo como forma de expandir nosso amor pela Cria\u00e7\u00e3o. Nosso objetivo \u00e9 sensibilizar o leitor, conscientizando-o da integra\u00e7\u00e3o harm\u00f4nica e espiritual que existe entre os Reinos.<br \/>\nEsperamos que a aprecia\u00e7\u00e3o das fotografias, associada \u00e0 reflex\u00e3o sobre os ensinamentos celestiais, seja um exerc\u00edcio espiritual que contribua para acender nos cora\u00e7\u00f5es os sentimentos de irmandade, de gratid\u00e3o e de rever\u00eancia por todos os seres que nos acompanham em nossa jornada evolutiva no planeta. Na busca por viver a unidade com toda a Cria\u00e7\u00e3o, poderemos descobrir um caminho belo e seguro que nos leve ao reencontro com Deus.<br \/>\nAs imagens da Natureza foram registradas em 33 pa\u00edses ao redor do planeta: Argentina, Birm\u00e2nia, Bol\u00edvia, Brasil, Camboja, Chile, Col\u00f4mbia, Costa Rica, El Salvador, Equador, Espanha, Fran\u00e7a, Holanda, \u00cdndia, Indon\u00e9sia, Inglaterra, It\u00e1lia, Laos, Mal\u00e1sia, Marrocos, M\u00e9xico, Nepal, Noruega, Paraguai, Peru, Portugal, Sri Lanka, Su\u00ed\u00e7a, Tail\u00e2ndia, Tahiti, Uruguai, Venezuela e Vietnam.<\/p>\n<p><a class=\"pdf\" href=\"\/pdf\/Sagrados Reinos da Natureza.pdf\" target=\"_blank\" rel=\"noopener\">Baixar Gratuitamente<\/a><\/p>\n<p>&nbsp;<\/p>\n","protected":false},"excerpt":{"rendered":"<p>Este livro \u00e9 um convite ao trabalho contemplativo como forma de expandir nosso amor pela Cria\u00e7\u00e3o. Nosso objetivo \u00e9 sensibilizar<\/p>\n","protected":false},"featured_media":73047,"template":"","meta":{"_acf_changed":false},"product_brand":[],"product_cat":[33286,17972],"product_tag":[33430],"class_list":{"0":"post-85223","1":"product","2":"type-product","3":"status-publish","4":"has-post-thumbnail","6":"product_cat-livro","7":"product_cat-livros-livro","8":"product_tag-33430","9":"pa_autor-associacao-maria-mae-da-divina-concepcao-2","10":"pa_classe-do-produto-fisico","11":"pa_idioma-de-destino-espanhol","12":"pa_idioma-de-destino-ingles","13":"pa_idioma-de-destino-portugues","14":"pa_lancamento-no","15":"pa_midia-papel","16":"pa_moac-33706","17":"pa_quantidade-de-saldo-32994","18":"pa_tipo-de-traducao-nao-classificado","20":"first","21":"instock","22":"purchasable","23":"product-type-simple"},"acf":[],"_links":{"self":[{"href":"https:\/\/www.irdin.org.br\/site\/wp-json\/wp\/v2\/product\/85223","targetHints":{"allow":["GET"]}}],"collection":[{"href":"https:\/\/www.irdin.org.br\/site\/wp-json\/wp\/v2\/product"}],"about":[{"href":"https:\/\/www.irdin.org.br\/site\/wp-json\/wp\/v2\/types\/product"}],"version-history":[{"count":2,"href":"https:\/\/www.irdin.org.br\/site\/wp-json\/wp\/v2\/product\/85223\/revisions"}],"predecessor-version":[{"id":106474,"href":"https:\/\/www.irdin.org.br\/site\/wp-json\/wp\/v2\/product\/85223\/revisions\/106474"}],"wp:featuredmedia":[{"embeddable":true,"href":"https:\/\/www.irdin.org.br\/site\/wp-json\/wp\/v2\/media\/73047"}],"wp:attachment":[{"href":"https:\/\/www.irdin.org.br\/site\/wp-json\/wp\/v2\/media?parent=85223"}],"wp:term":[{"taxonomy":"product_brand","embeddable":true,"href":"https:\/\/www.irdin.org.br\/site\/wp-json\/wp\/v2\/product_brand?post=85223"},{"taxonomy":"product_cat","embeddable":true,"href":"https:\/\/www.irdin.org.br\/site\/wp-json\/wp\/v2\/product_cat?post=85223"},{"taxonomy":"product_tag","embeddable":true,"href":"https:\/\/www.irdin.org.br\/site\/wp-json\/wp\/v2\/product_tag?post=85223"}],"curies":[{"name":"wp","href":"https:\/\/api.w.org\/{rel}","templated":true}]}}