{"id":85225,"date":"1997-01-01T00:00:00","date_gmt":"1997-01-01T00:00:00","guid":{"rendered":"http:\/\/www.irdin.org.br\/site\/produto\/a-cura-dos-apegos\/"},"modified":"2026-03-23T10:33:29","modified_gmt":"2026-03-23T13:33:29","slug":"9788560835423","status":"publish","type":"product","link":"https:\/\/www.irdin.org.br\/site\/produtos\/9788560835423\/","title":{"rendered":"A Cura dos Apegos"},"content":{"rendered":"<p>Como nos desapegar de id\u00e9ias, de coisas e de preocupa\u00e7\u00f5es com filhos, enfermidades, inseguran\u00e7as e imperfei\u00e7\u00f5es?Como encontrar em tudo a ess\u00eancia que n\u00e3o morre, n\u00e3o desaparece e n\u00e3o termina?<\/p>\n<p><a class=\"pdf\" href=\"\/pdf\/A_Cura_dos_Apegos_WEB.pdf\" target=\"_blank\" rel=\"noopener\">Baixar Gratuitamente<\/a><\/p>\n<p>&nbsp;<\/p>\n","protected":false},"excerpt":{"rendered":"<p>Como nos desapegar de id\u00e9ias, de coisas e de preocupa\u00e7\u00f5es com filhos, enfermidades, inseguran\u00e7as e imperfei\u00e7\u00f5es?Como encontrar em tudo a<\/p>\n","protected":false},"featured_media":1473,"template":"","meta":{"_acf_changed":false},"product_brand":[],"product_cat":[33286,33145],"product_tag":[43039],"class_list":{"0":"post-85225","1":"product","2":"type-product","3":"status-publish","4":"has-post-thumbnail","6":"product_cat-livro","7":"product_cat-minilivros","8":"product_tag-43039","9":"pa_autor-trigueirinho","10":"pa_classe-do-produto-fisico","11":"pa_codigo-de-barras-23782","12":"pa_codigo-externo-tr103irp","13":"pa_data-de-lancamento-21899","14":"pa_idioma-de-destino-portugues","15":"pa_idioma-de-origem-portugues","16":"pa_lancamento-no","17":"pa_midia-papel","18":"pa_moac-43038","19":"pa_quantidade-de-saldo-33011","20":"pa_tipo-de-traducao-nao-classificado","22":"first","23":"instock","24":"purchasable","25":"product-type-simple"},"acf":[],"_links":{"self":[{"href":"https:\/\/www.irdin.org.br\/site\/wp-json\/wp\/v2\/product\/85225","targetHints":{"allow":["GET"]}}],"collection":[{"href":"https:\/\/www.irdin.org.br\/site\/wp-json\/wp\/v2\/product"}],"about":[{"href":"https:\/\/www.irdin.org.br\/site\/wp-json\/wp\/v2\/types\/product"}],"version-history":[{"count":1,"href":"https:\/\/www.irdin.org.br\/site\/wp-json\/wp\/v2\/product\/85225\/revisions"}],"predecessor-version":[{"id":109632,"href":"https:\/\/www.irdin.org.br\/site\/wp-json\/wp\/v2\/product\/85225\/revisions\/109632"}],"wp:featuredmedia":[{"embeddable":true,"href":"https:\/\/www.irdin.org.br\/site\/wp-json\/wp\/v2\/media\/1473"}],"wp:attachment":[{"href":"https:\/\/www.irdin.org.br\/site\/wp-json\/wp\/v2\/media?parent=85225"}],"wp:term":[{"taxonomy":"product_brand","embeddable":true,"href":"https:\/\/www.irdin.org.br\/site\/wp-json\/wp\/v2\/product_brand?post=85225"},{"taxonomy":"product_cat","embeddable":true,"href":"https:\/\/www.irdin.org.br\/site\/wp-json\/wp\/v2\/product_cat?post=85225"},{"taxonomy":"product_tag","embeddable":true,"href":"https:\/\/www.irdin.org.br\/site\/wp-json\/wp\/v2\/product_tag?post=85225"}],"curies":[{"name":"wp","href":"https:\/\/api.w.org\/{rel}","templated":true}]}}