{"id":85229,"date":"1997-01-01T00:00:00","date_gmt":"1997-01-01T00:00:00","guid":{"rendered":"http:\/\/www.irdin.org.br\/site\/produto\/a-cura\/"},"modified":"2025-03-21T11:01:37","modified_gmt":"2025-03-21T11:01:37","slug":"9788586910197","status":"publish","type":"product","link":"https:\/\/www.irdin.org.br\/site\/produtos\/9788586910197\/","title":{"rendered":"A Cura"},"content":{"rendered":"<p>A verdadeira cura? a cura espiritual? proporciona uma esfera protetora n\u00e3o s\u00f3 a quem passa por ela, mas tamb\u00e9m a toda a humanidade e ao planeta. Como nos aproximarmos dela?<\/p>\n<p><a class=\"pdf\" href=\"\/pdf\/A_Cura_WEB.pdf\" target=\"_blank\" rel=\"noopener\">Baixar Gratuitamente<\/a><\/p>\n<p>&nbsp;<\/p>\n","protected":false},"excerpt":{"rendered":"<p>A verdadeira cura? a cura espiritual? proporciona uma esfera protetora n\u00e3o s\u00f3 a quem passa por ela, mas tamb\u00e9m a<\/p>\n","protected":false},"featured_media":1493,"template":"","meta":{"_acf_changed":false},"product_brand":[],"product_cat":[33286,33145],"product_tag":[43047],"class_list":{"0":"post-85229","1":"product","2":"type-product","3":"status-publish","4":"has-post-thumbnail","6":"product_cat-livro","7":"product_cat-minilivros","8":"product_tag-43047","9":"pa_autor-trigueirinho","10":"pa_classe-do-produto-fisico","11":"pa_codigo-de-barras-23793","12":"pa_codigo-externo-tr107irp","13":"pa_data-de-lancamento-21899","14":"pa_idioma-de-destino-portugues","15":"pa_idioma-de-origem-portugues","16":"pa_lancamento-no","17":"pa_midia-papel","18":"pa_moac-43046","19":"pa_quantidade-de-saldo-33281","20":"pa_tipo-de-traducao-nao-classificado","22":"first","23":"outofstock","24":"purchasable","25":"product-type-simple"},"acf":[],"_links":{"self":[{"href":"https:\/\/www.irdin.org.br\/site\/wp-json\/wp\/v2\/product\/85229","targetHints":{"allow":["GET"]}}],"collection":[{"href":"https:\/\/www.irdin.org.br\/site\/wp-json\/wp\/v2\/product"}],"about":[{"href":"https:\/\/www.irdin.org.br\/site\/wp-json\/wp\/v2\/types\/product"}],"version-history":[{"count":2,"href":"https:\/\/www.irdin.org.br\/site\/wp-json\/wp\/v2\/product\/85229\/revisions"}],"predecessor-version":[{"id":109465,"href":"https:\/\/www.irdin.org.br\/site\/wp-json\/wp\/v2\/product\/85229\/revisions\/109465"}],"wp:featuredmedia":[{"embeddable":true,"href":"https:\/\/www.irdin.org.br\/site\/wp-json\/wp\/v2\/media\/1493"}],"wp:attachment":[{"href":"https:\/\/www.irdin.org.br\/site\/wp-json\/wp\/v2\/media?parent=85229"}],"wp:term":[{"taxonomy":"product_brand","embeddable":true,"href":"https:\/\/www.irdin.org.br\/site\/wp-json\/wp\/v2\/product_brand?post=85229"},{"taxonomy":"product_cat","embeddable":true,"href":"https:\/\/www.irdin.org.br\/site\/wp-json\/wp\/v2\/product_cat?post=85229"},{"taxonomy":"product_tag","embeddable":true,"href":"https:\/\/www.irdin.org.br\/site\/wp-json\/wp\/v2\/product_tag?post=85229"}],"curies":[{"name":"wp","href":"https:\/\/api.w.org\/{rel}","templated":true}]}}