{"id":85231,"date":"1997-01-01T00:00:00","date_gmt":"1997-01-01T00:00:00","guid":{"rendered":"http:\/\/www.irdin.org.br\/site\/produto\/a-funcao-do-sofrimento\/"},"modified":"2026-04-24T11:58:02","modified_gmt":"2026-04-24T14:58:02","slug":"9788560835430","status":"publish","type":"product","link":"https:\/\/www.irdin.org.br\/site\/produtos\/9788560835430\/","title":{"rendered":"A Fun\u00e7\u00e3o do Sofrimento"},"content":{"rendered":"<p>Quem n\u00e3o passa por sofrimentos? Penetrar o significado de fases dif\u00edceis pode ajudar-nos a superar a causa de muitos males. Teremos, ent\u00e3o, a certeza de que \u00e9 poss\u00edvel viver em paz.<\/p>\n<p><a class=\"pdf\" href=\"\/pdf\/A_Funcao_do_Sofrimento_WEB.pdf\" target=\"_blank\" rel=\"noopener\">Baixar Gratuitamente<\/a><\/p>\n<p>&nbsp;<\/p>\n","protected":false},"excerpt":{"rendered":"<p>Quem n\u00e3o passa por sofrimentos? Penetrar o significado de fases dif\u00edceis pode ajudar-nos a superar a causa de muitos males.<\/p>\n","protected":false},"featured_media":1503,"template":"","meta":{"_acf_changed":false},"product_brand":[],"product_cat":[33286,33145],"product_tag":[43051],"class_list":{"0":"post-85231","1":"product","2":"type-product","3":"status-publish","4":"has-post-thumbnail","6":"product_cat-livro","7":"product_cat-minilivros","8":"product_tag-43051","9":"pa_autor-trigueirinho","10":"pa_classe-do-produto-fisico","11":"pa_codigo-de-barras-23798","12":"pa_codigo-externo-tr109irp","13":"pa_data-de-lancamento-21899","14":"pa_idioma-de-destino-portugues","15":"pa_idioma-de-origem-portugues","16":"pa_lancamento-no","17":"pa_midia-papel","18":"pa_moac-43050","19":"pa_quantidade-de-saldo-33011","20":"pa_tipo-de-traducao-nao-classificado","22":"first","23":"instock","24":"purchasable","25":"product-type-simple"},"acf":[],"_links":{"self":[{"href":"https:\/\/www.irdin.org.br\/site\/wp-json\/wp\/v2\/product\/85231","targetHints":{"allow":["GET"]}}],"collection":[{"href":"https:\/\/www.irdin.org.br\/site\/wp-json\/wp\/v2\/product"}],"about":[{"href":"https:\/\/www.irdin.org.br\/site\/wp-json\/wp\/v2\/types\/product"}],"version-history":[{"count":1,"href":"https:\/\/www.irdin.org.br\/site\/wp-json\/wp\/v2\/product\/85231\/revisions"}],"predecessor-version":[{"id":109628,"href":"https:\/\/www.irdin.org.br\/site\/wp-json\/wp\/v2\/product\/85231\/revisions\/109628"}],"wp:featuredmedia":[{"embeddable":true,"href":"https:\/\/www.irdin.org.br\/site\/wp-json\/wp\/v2\/media\/1503"}],"wp:attachment":[{"href":"https:\/\/www.irdin.org.br\/site\/wp-json\/wp\/v2\/media?parent=85231"}],"wp:term":[{"taxonomy":"product_brand","embeddable":true,"href":"https:\/\/www.irdin.org.br\/site\/wp-json\/wp\/v2\/product_brand?post=85231"},{"taxonomy":"product_cat","embeddable":true,"href":"https:\/\/www.irdin.org.br\/site\/wp-json\/wp\/v2\/product_cat?post=85231"},{"taxonomy":"product_tag","embeddable":true,"href":"https:\/\/www.irdin.org.br\/site\/wp-json\/wp\/v2\/product_tag?post=85231"}],"curies":[{"name":"wp","href":"https:\/\/api.w.org\/{rel}","templated":true}]}}