{"id":85232,"date":"1997-01-01T00:00:00","date_gmt":"1997-01-01T00:00:00","guid":{"rendered":"http:\/\/www.irdin.org.br\/site\/produto\/curar-e-simples\/"},"modified":"2026-04-22T11:48:32","modified_gmt":"2026-04-22T14:48:32","slug":"9788586910128","status":"publish","type":"product","link":"https:\/\/www.irdin.org.br\/site\/produtos\/9788586910128\/","title":{"rendered":"Curar \u00e9 Simples"},"content":{"rendered":"<p>Como chegar \u00e0 harmonia, obter sa\u00fade e equil\u00edbrio, e como proporcion\u00e1-los aos demais? Este livro apresenta-nos uma vis\u00e3o da cura que transcende os limites da vida material.<\/p>\n<p><a class=\"pdf\" href=\"\/pdf\/Curar_e_simples_WEB.pdf\" target=\"_blank\" rel=\"noopener\">Baixar Gratuitamente<\/a><\/p>\n<p>&nbsp;<\/p>\n","protected":false},"excerpt":{"rendered":"<p>Como chegar \u00e0 harmonia, obter sa\u00fade e equil\u00edbrio, e como proporcion\u00e1-los aos demais? Este livro apresenta-nos uma vis\u00e3o da cura<\/p>\n","protected":false},"featured_media":85704,"template":"","meta":{"_acf_changed":false},"product_brand":[],"product_cat":[33286,33145],"product_tag":[43053],"class_list":{"0":"post-85232","1":"product","2":"type-product","3":"status-publish","4":"has-post-thumbnail","6":"product_cat-livro","7":"product_cat-minilivros","8":"product_tag-43053","9":"pa_autor-trigueirinho","10":"pa_classe-do-produto-fisico","11":"pa_codigo-de-barras-23800","12":"pa_codigo-externo-tr110irp","13":"pa_data-de-lancamento-21899","14":"pa_idioma-de-destino-portugues","15":"pa_idioma-de-origem-portugues","16":"pa_lancamento-no","17":"pa_midia-papel","18":"pa_moac-43052","19":"pa_quantidade-de-saldo-33010","20":"pa_tipo-de-traducao-nao-classificado","22":"first","23":"instock","24":"purchasable","25":"product-type-simple"},"acf":[],"_links":{"self":[{"href":"https:\/\/www.irdin.org.br\/site\/wp-json\/wp\/v2\/product\/85232","targetHints":{"allow":["GET"]}}],"collection":[{"href":"https:\/\/www.irdin.org.br\/site\/wp-json\/wp\/v2\/product"}],"about":[{"href":"https:\/\/www.irdin.org.br\/site\/wp-json\/wp\/v2\/types\/product"}],"version-history":[{"count":2,"href":"https:\/\/www.irdin.org.br\/site\/wp-json\/wp\/v2\/product\/85232\/revisions"}],"predecessor-version":[{"id":89315,"href":"https:\/\/www.irdin.org.br\/site\/wp-json\/wp\/v2\/product\/85232\/revisions\/89315"}],"wp:featuredmedia":[{"embeddable":true,"href":"https:\/\/www.irdin.org.br\/site\/wp-json\/wp\/v2\/media\/85704"}],"wp:attachment":[{"href":"https:\/\/www.irdin.org.br\/site\/wp-json\/wp\/v2\/media?parent=85232"}],"wp:term":[{"taxonomy":"product_brand","embeddable":true,"href":"https:\/\/www.irdin.org.br\/site\/wp-json\/wp\/v2\/product_brand?post=85232"},{"taxonomy":"product_cat","embeddable":true,"href":"https:\/\/www.irdin.org.br\/site\/wp-json\/wp\/v2\/product_cat?post=85232"},{"taxonomy":"product_tag","embeddable":true,"href":"https:\/\/www.irdin.org.br\/site\/wp-json\/wp\/v2\/product_tag?post=85232"}],"curies":[{"name":"wp","href":"https:\/\/api.w.org\/{rel}","templated":true}]}}