{"id":85235,"date":"1997-01-01T00:00:00","date_gmt":"1997-01-01T00:00:00","guid":{"rendered":"http:\/\/www.irdin.org.br\/site\/produto\/em-nome-da-clareza\/"},"modified":"2026-04-22T11:49:00","modified_gmt":"2026-04-22T14:49:00","slug":"9788586910081","status":"publish","type":"product","link":"https:\/\/www.irdin.org.br\/site\/produtos\/9788586910081\/","title":{"rendered":"Em Nome da Clareza"},"content":{"rendered":"<p>Para discernir o que \u00e9 real e o que \u00e9 fruto da imagina\u00e7\u00e3o nas informa\u00e7\u00f5es sobre contatos com naves extraterrestres \u00e9 necess\u00e1rio vis\u00e3o espiritual. EM NOME DA CLAREZA\u00b4 prop\u00f5e-se a trazer luz sobre esse assunto de grande interesse.<\/p>\n<p><a class=\"pdf\" href=\"\/pdf\/Em_Nome_da_Clareza_web.pdf\" target=\"_blank\" rel=\"noopener\">Baixar Gratuitamente<\/a> \u00b4<\/p>\n","protected":false},"excerpt":{"rendered":"<p>Para discernir o que \u00e9 real e o que \u00e9 fruto da imagina\u00e7\u00e3o nas informa\u00e7\u00f5es sobre contatos com naves extraterrestres<\/p>\n","protected":false},"featured_media":1523,"template":"","meta":{"_acf_changed":false},"product_brand":[],"product_cat":[33286,33145],"product_tag":[43059],"class_list":{"0":"post-85235","1":"product","2":"type-product","3":"status-publish","4":"has-post-thumbnail","6":"product_cat-livro","7":"product_cat-minilivros","8":"product_tag-43059","9":"pa_autor-trigueirinho","10":"pa_classe-do-produto-fisico","11":"pa_codigo-de-barras-23807","12":"pa_codigo-externo-tr113irp","13":"pa_data-de-lancamento-21899","14":"pa_idioma-de-destino-portugues","15":"pa_idioma-de-origem-portugues","16":"pa_lancamento-no","17":"pa_midia-papel","18":"pa_moac-43058","19":"pa_quantidade-de-saldo-33010","20":"pa_tipo-de-traducao-nao-classificado","22":"first","23":"instock","24":"purchasable","25":"product-type-simple"},"acf":[],"_links":{"self":[{"href":"https:\/\/www.irdin.org.br\/site\/wp-json\/wp\/v2\/product\/85235","targetHints":{"allow":["GET"]}}],"collection":[{"href":"https:\/\/www.irdin.org.br\/site\/wp-json\/wp\/v2\/product"}],"about":[{"href":"https:\/\/www.irdin.org.br\/site\/wp-json\/wp\/v2\/types\/product"}],"version-history":[{"count":2,"href":"https:\/\/www.irdin.org.br\/site\/wp-json\/wp\/v2\/product\/85235\/revisions"}],"predecessor-version":[{"id":109624,"href":"https:\/\/www.irdin.org.br\/site\/wp-json\/wp\/v2\/product\/85235\/revisions\/109624"}],"wp:featuredmedia":[{"embeddable":true,"href":"https:\/\/www.irdin.org.br\/site\/wp-json\/wp\/v2\/media\/1523"}],"wp:attachment":[{"href":"https:\/\/www.irdin.org.br\/site\/wp-json\/wp\/v2\/media?parent=85235"}],"wp:term":[{"taxonomy":"product_brand","embeddable":true,"href":"https:\/\/www.irdin.org.br\/site\/wp-json\/wp\/v2\/product_brand?post=85235"},{"taxonomy":"product_cat","embeddable":true,"href":"https:\/\/www.irdin.org.br\/site\/wp-json\/wp\/v2\/product_cat?post=85235"},{"taxonomy":"product_tag","embeddable":true,"href":"https:\/\/www.irdin.org.br\/site\/wp-json\/wp\/v2\/product_tag?post=85235"}],"curies":[{"name":"wp","href":"https:\/\/api.w.org\/{rel}","templated":true}]}}