{"id":85241,"date":"1997-01-01T00:00:00","date_gmt":"1997-01-01T00:00:00","guid":{"rendered":"http:\/\/www.irdin.org.br\/site\/produto\/o-despertar-da-terra\/"},"modified":"2026-04-22T11:40:39","modified_gmt":"2026-04-22T14:40:39","slug":"9788560835669","status":"publish","type":"product","link":"https:\/\/www.irdin.org.br\/site\/produtos\/9788560835669\/","title":{"rendered":"O Despertar da Terra"},"content":{"rendered":"<p>Na fase cr\u00edtica pela qual a Terra est\u00e1 passando, ajudas especiais v\u00eam dos n\u00edveis de exist\u00eancia supraf\u00edsicos. Por isso, embora nos dias de hoje haja grandes sofrimentos, ocorre tamb\u00e9m um intenso despertar espiritual, e nele podemos colaborar.<\/p>\n<p><a class=\"pdf\" href=\"\/pdf\/O_despertar_da_terra_WEB.pdf\" target=\"_blank\" rel=\"noopener\">Baixar Gratuitamente<\/a><\/p>\n<p>&nbsp;<\/p>\n","protected":false},"excerpt":{"rendered":"<p>Na fase cr\u00edtica pela qual a Terra est\u00e1 passando, ajudas especiais v\u00eam dos n\u00edveis de exist\u00eancia supraf\u00edsicos. Por isso, embora<\/p>\n","protected":false},"featured_media":1553,"template":"","meta":{"_acf_changed":false},"product_brand":[],"product_cat":[33286,33145],"product_tag":[43071],"class_list":{"0":"post-85241","1":"product","2":"type-product","3":"status-publish","4":"has-post-thumbnail","6":"product_cat-livro","7":"product_cat-minilivros","8":"product_tag-43071","9":"pa_autor-trigueirinho","10":"pa_classe-do-produto-fisico","11":"pa_codigo-de-barras-44222","12":"pa_codigo-externo-tr119irp","13":"pa_data-de-lancamento-21899","14":"pa_idioma-de-destino-portugues","15":"pa_idioma-de-origem-portugues","16":"pa_lancamento-no","17":"pa_midia-papel","18":"pa_moac-43070","19":"pa_quantidade-de-saldo-33010","20":"pa_tipo-de-traducao-nao-classificado","22":"first","23":"instock","24":"purchasable","25":"product-type-simple"},"acf":[],"_links":{"self":[{"href":"https:\/\/www.irdin.org.br\/site\/wp-json\/wp\/v2\/product\/85241","targetHints":{"allow":["GET"]}}],"collection":[{"href":"https:\/\/www.irdin.org.br\/site\/wp-json\/wp\/v2\/product"}],"about":[{"href":"https:\/\/www.irdin.org.br\/site\/wp-json\/wp\/v2\/types\/product"}],"version-history":[{"count":2,"href":"https:\/\/www.irdin.org.br\/site\/wp-json\/wp\/v2\/product\/85241\/revisions"}],"predecessor-version":[{"id":109620,"href":"https:\/\/www.irdin.org.br\/site\/wp-json\/wp\/v2\/product\/85241\/revisions\/109620"}],"wp:featuredmedia":[{"embeddable":true,"href":"https:\/\/www.irdin.org.br\/site\/wp-json\/wp\/v2\/media\/1553"}],"wp:attachment":[{"href":"https:\/\/www.irdin.org.br\/site\/wp-json\/wp\/v2\/media?parent=85241"}],"wp:term":[{"taxonomy":"product_brand","embeddable":true,"href":"https:\/\/www.irdin.org.br\/site\/wp-json\/wp\/v2\/product_brand?post=85241"},{"taxonomy":"product_cat","embeddable":true,"href":"https:\/\/www.irdin.org.br\/site\/wp-json\/wp\/v2\/product_cat?post=85241"},{"taxonomy":"product_tag","embeddable":true,"href":"https:\/\/www.irdin.org.br\/site\/wp-json\/wp\/v2\/product_tag?post=85241"}],"curies":[{"name":"wp","href":"https:\/\/api.w.org\/{rel}","templated":true}]}}