{"id":85242,"date":"1997-01-01T00:00:00","date_gmt":"1997-01-01T00:00:00","guid":{"rendered":"http:\/\/www.irdin.org.br\/site\/produto\/o-corpo-fisico-na-cura\/"},"modified":"2026-04-22T11:40:23","modified_gmt":"2026-04-22T14:40:23","slug":"9788586910043","status":"publish","type":"product","link":"https:\/\/www.irdin.org.br\/site\/produtos\/9788586910043\/","title":{"rendered":"O Corpo F\u00edsico na Cura"},"content":{"rendered":"<p>\u00c9 poss\u00edvel vida material equilibrada e sem desgaste? Considerar o corpo f\u00edsico a morada do Esp\u00edrito \u00e9 uma chave importante para isso. Descubra a sabedoria que h\u00e1 dentro dele.<\/p>\n<p><a class=\"pdf\" href=\"\/pdf\/O_corpo_fisico_na_Cura_web.pdf\" target=\"_blank\" rel=\"noopener\">Baixar Gratuitamente<\/a><\/p>\n<p>&nbsp;<\/p>\n","protected":false},"excerpt":{"rendered":"<p>\u00c9 poss\u00edvel vida material equilibrada e sem desgaste? Considerar o corpo f\u00edsico a morada do Esp\u00edrito \u00e9 uma chave importante<\/p>\n","protected":false},"featured_media":1558,"template":"","meta":{"_acf_changed":false},"product_brand":[],"product_cat":[33286,33145],"product_tag":[43073],"class_list":{"0":"post-85242","1":"product","2":"type-product","3":"status-publish","4":"has-post-thumbnail","6":"product_cat-livro","7":"product_cat-minilivros","8":"product_tag-43073","9":"pa_autor-trigueirinho","10":"pa_classe-do-produto-fisico","11":"pa_codigo-de-barras-23822","12":"pa_codigo-externo-tr120irp","13":"pa_data-de-lancamento-21899","14":"pa_idioma-de-destino-portugues","15":"pa_idioma-de-origem-portugues","16":"pa_lancamento-no","17":"pa_midia-papel","18":"pa_moac-43072","19":"pa_quantidade-de-saldo-33008","20":"pa_tipo-de-traducao-nao-classificado","22":"first","23":"instock","24":"purchasable","25":"product-type-simple"},"acf":[],"_links":{"self":[{"href":"https:\/\/www.irdin.org.br\/site\/wp-json\/wp\/v2\/product\/85242","targetHints":{"allow":["GET"]}}],"collection":[{"href":"https:\/\/www.irdin.org.br\/site\/wp-json\/wp\/v2\/product"}],"about":[{"href":"https:\/\/www.irdin.org.br\/site\/wp-json\/wp\/v2\/types\/product"}],"version-history":[{"count":2,"href":"https:\/\/www.irdin.org.br\/site\/wp-json\/wp\/v2\/product\/85242\/revisions"}],"predecessor-version":[{"id":109619,"href":"https:\/\/www.irdin.org.br\/site\/wp-json\/wp\/v2\/product\/85242\/revisions\/109619"}],"wp:featuredmedia":[{"embeddable":true,"href":"https:\/\/www.irdin.org.br\/site\/wp-json\/wp\/v2\/media\/1558"}],"wp:attachment":[{"href":"https:\/\/www.irdin.org.br\/site\/wp-json\/wp\/v2\/media?parent=85242"}],"wp:term":[{"taxonomy":"product_brand","embeddable":true,"href":"https:\/\/www.irdin.org.br\/site\/wp-json\/wp\/v2\/product_brand?post=85242"},{"taxonomy":"product_cat","embeddable":true,"href":"https:\/\/www.irdin.org.br\/site\/wp-json\/wp\/v2\/product_cat?post=85242"},{"taxonomy":"product_tag","embeddable":true,"href":"https:\/\/www.irdin.org.br\/site\/wp-json\/wp\/v2\/product_tag?post=85242"}],"curies":[{"name":"wp","href":"https:\/\/api.w.org\/{rel}","templated":true}]}}