{"id":85371,"date":"2018-05-22T00:00:00","date_gmt":"2018-05-22T00:00:00","guid":{"rendered":"http:\/\/www.irdin.org.br\/site\/?post_type=product&#038;p=85371"},"modified":"2024-09-09T03:26:18","modified_gmt":"2024-09-09T03:26:18","slug":"tres-processos-de-cura-2","status":"publish","type":"product","link":"https:\/\/www.irdin.org.br\/site\/produtos\/tres-processos-de-cura-2\/","title":{"rendered":"Tr\u00eas processos de cura"},"content":{"rendered":"<p>Em \u00e9pocas passadas usavam-se meios paliativos e psicol\u00f3gicos em busca da cura. Hoje ela \u00e9 obtida usando-se a energia da vontade e a aspira\u00e7\u00e3o ao contato com o eu interno.<\/p>\n<p>&nbsp;<br \/>\n<strong>Ou\u00e7a agora:<\/strong><\/p>\n<p><span data-href=\"https:\/\/www.irdin.org.br\/site\/envios\/audios\/0008_0002__por_por_tres_processos_de_cura.mp3\" data-title=\"Tr\u00eas processos de cura\" data-rel=\"\" data-target=\"\" data-meta=\"#fap-meta-69e25ca8a7b91\" class=\"fap-single-track fap-track-button fap-play-button\" data-enqueue=\"no\" data-autoenqueue=\"no\" title=\"Tr\u00eas processos de cura\"><span class=\"fap-icon-play\"><\/span>Ouvir<\/span> <a href=\"https:\/\/www.irdin.org.br\/site\/envios\/audios\/0008_0002__por_por_tres_processos_de_cura.mp3\" class=\"baixar\" download><span class=\"fa fa-arrow-down\"><\/span>Baixar<\/span><\/a> <span class=\"textobaixar\"> Tr\u00eas processos de cura<\/span><\/p>\n","protected":false},"excerpt":{"rendered":"<p>Em \u00e9pocas passadas usavam-se meios paliativos e psicol\u00f3gicos em busca da cura. Hoje ela \u00e9 obtida usando-se a energia da<\/p>\n","protected":false},"featured_media":85322,"template":"","meta":{"_acf_changed":false},"product_brand":[],"product_cat":[18076,33068],"product_tag":[43080],"class_list":{"0":"post-85371","1":"product","2":"type-product","3":"status-publish","4":"has-post-thumbnail","6":"product_cat-cddvd","7":"product_cat-palestras","8":"product_tag-43080","9":"pa_autor-trigueirinho","10":"pa_codigo-da-serie-32084","11":"pa_codigo-de-barras-43079","12":"pa_codigo-externo-00080002porporcd","13":"pa_codigo-interno-43100","14":"pa_data-de-lancamento-43098","15":"pa_duracao-36-min","16":"pa_idioma-de-destino-portugues","17":"pa_idioma-de-origem-portugues","18":"pa_lancamento-yes","19":"pa_midia-cd","20":"pa_moac-43078","21":"pa_quantidade-de-saldo-33067","22":"pa_sequencial-da-serie-31878","23":"pa_tipo-de-traducao-nao-traduzido","25":"first","26":"outofstock","27":"product-type-simple"},"acf":[],"_links":{"self":[{"href":"https:\/\/www.irdin.org.br\/site\/wp-json\/wp\/v2\/product\/85371","targetHints":{"allow":["GET"]}}],"collection":[{"href":"https:\/\/www.irdin.org.br\/site\/wp-json\/wp\/v2\/product"}],"about":[{"href":"https:\/\/www.irdin.org.br\/site\/wp-json\/wp\/v2\/types\/product"}],"version-history":[{"count":1,"href":"https:\/\/www.irdin.org.br\/site\/wp-json\/wp\/v2\/product\/85371\/revisions"}],"predecessor-version":[{"id":107120,"href":"https:\/\/www.irdin.org.br\/site\/wp-json\/wp\/v2\/product\/85371\/revisions\/107120"}],"wp:featuredmedia":[{"embeddable":true,"href":"https:\/\/www.irdin.org.br\/site\/wp-json\/wp\/v2\/media\/85322"}],"wp:attachment":[{"href":"https:\/\/www.irdin.org.br\/site\/wp-json\/wp\/v2\/media?parent=85371"}],"wp:term":[{"taxonomy":"product_brand","embeddable":true,"href":"https:\/\/www.irdin.org.br\/site\/wp-json\/wp\/v2\/product_brand?post=85371"},{"taxonomy":"product_cat","embeddable":true,"href":"https:\/\/www.irdin.org.br\/site\/wp-json\/wp\/v2\/product_cat?post=85371"},{"taxonomy":"product_tag","embeddable":true,"href":"https:\/\/www.irdin.org.br\/site\/wp-json\/wp\/v2\/product_tag?post=85371"}],"curies":[{"name":"wp","href":"https:\/\/api.w.org\/{rel}","templated":true}]}}