{"id":85372,"date":"2018-05-22T00:00:00","date_gmt":"2018-05-22T00:00:00","guid":{"rendered":"http:\/\/www.irdin.org.br\/site\/?post_type=product&#038;p=85372"},"modified":"2024-09-09T03:26:31","modified_gmt":"2024-09-09T03:26:31","slug":"o-corpo-fisico-na-cura-2","status":"publish","type":"product","link":"https:\/\/www.irdin.org.br\/site\/produtos\/o-corpo-fisico-na-cura-2\/","title":{"rendered":"O corpo f\u00edsico na cura"},"content":{"rendered":"<p>A busca al\u00e9m das nossas for\u00e7as.<\/p>\n<p>&nbsp;<br \/>\n<strong>Ou\u00e7a agora:<\/strong><\/p>\n<p><span data-href=\"https:\/\/www.irdin.org.br\/site\/envios\/audios\/0008_0003__por_por__o_corpo_fisico_na_cura.mp3\" data-title=\"O corpo f\u00edsico na cura\" data-rel=\"\" data-target=\"\" data-meta=\"#fap-meta-69e271c6268bf\" class=\"fap-single-track fap-track-button fap-play-button\" data-enqueue=\"no\" data-autoenqueue=\"no\" title=\"O corpo f\u00edsico na cura\"><span class=\"fap-icon-play\"><\/span>Ouvir<\/span> <a href=\"https:\/\/www.irdin.org.br\/site\/envios\/audios\/0008_0003__por_por__o_corpo_fisico_na_cura.mp3\" class=\"baixar\" download><span class=\"fa fa-arrow-down\"><\/span>Baixar<\/span><\/a> <span class=\"textobaixar\"> O corpo f\u00edsico na cura<\/span><\/p>\n","protected":false},"excerpt":{"rendered":"<p>A busca al\u00e9m das nossas for\u00e7as. &nbsp; Ou\u00e7a agora: Baixar O corpo f\u00edsico na cura<\/p>\n","protected":false},"featured_media":85341,"template":"","meta":{"_acf_changed":false},"product_brand":[],"product_cat":[18076,33068],"product_tag":[43086],"class_list":{"0":"post-85372","1":"product","2":"type-product","3":"status-publish","4":"has-post-thumbnail","6":"product_cat-cddvd","7":"product_cat-palestras","8":"product_tag-43086","9":"pa_autor-trigueirinho","10":"pa_codigo-da-serie-32084","11":"pa_codigo-de-barras-43085","12":"pa_codigo-externo-00080003porporcd","13":"pa_codigo-interno-43101","14":"pa_data-de-lancamento-43102","15":"pa_duracao-31-min","16":"pa_idioma-de-destino-portugues","17":"pa_idioma-de-origem-portugues","18":"pa_lancamento-yes","19":"pa_midia-cd","20":"pa_moac-43084","21":"pa_quantidade-de-saldo-33067","22":"pa_sequencial-da-serie-31879","23":"pa_tipo-de-traducao-nao-traduzido","25":"first","26":"outofstock","27":"product-type-simple"},"acf":[],"_links":{"self":[{"href":"https:\/\/www.irdin.org.br\/site\/wp-json\/wp\/v2\/product\/85372","targetHints":{"allow":["GET"]}}],"collection":[{"href":"https:\/\/www.irdin.org.br\/site\/wp-json\/wp\/v2\/product"}],"about":[{"href":"https:\/\/www.irdin.org.br\/site\/wp-json\/wp\/v2\/types\/product"}],"version-history":[{"count":1,"href":"https:\/\/www.irdin.org.br\/site\/wp-json\/wp\/v2\/product\/85372\/revisions"}],"predecessor-version":[{"id":107121,"href":"https:\/\/www.irdin.org.br\/site\/wp-json\/wp\/v2\/product\/85372\/revisions\/107121"}],"wp:featuredmedia":[{"embeddable":true,"href":"https:\/\/www.irdin.org.br\/site\/wp-json\/wp\/v2\/media\/85341"}],"wp:attachment":[{"href":"https:\/\/www.irdin.org.br\/site\/wp-json\/wp\/v2\/media?parent=85372"}],"wp:term":[{"taxonomy":"product_brand","embeddable":true,"href":"https:\/\/www.irdin.org.br\/site\/wp-json\/wp\/v2\/product_brand?post=85372"},{"taxonomy":"product_cat","embeddable":true,"href":"https:\/\/www.irdin.org.br\/site\/wp-json\/wp\/v2\/product_cat?post=85372"},{"taxonomy":"product_tag","embeddable":true,"href":"https:\/\/www.irdin.org.br\/site\/wp-json\/wp\/v2\/product_tag?post=85372"}],"curies":[{"name":"wp","href":"https:\/\/api.w.org\/{rel}","templated":true}]}}