{"id":85373,"date":"2018-05-23T02:18:44","date_gmt":"2018-05-23T02:18:44","guid":{"rendered":"http:\/\/www.irdin.org.br\/site\/produto\/rumo-a-cura-%c2%96-1\/"},"modified":"2024-09-09T03:22:36","modified_gmt":"2024-09-09T03:22:36","slug":"rumo-a-cura-1","status":"publish","type":"product","link":"https:\/\/www.irdin.org.br\/site\/produtos\/rumo-a-cura-1\/","title":{"rendered":"Rumo \u00e0 cura \u0096 1"},"content":{"rendered":"<p>Muitas vezes as enfermidades s\u00e3o um recurso da natureza para equilibrar o ser. Uma reflex\u00e3o sobre o seu modo de vida e uma volta ao eu interno lhe possibilitar\u00e3o encontrar o caminho da cura.<\/p>\n<p>&nbsp;<br \/>\n<strong>Ou\u00e7a agora:<\/strong><\/p>\n<p><span data-href=\"https:\/\/www.irdin.org.br\/site\/envios\/audios\/0009_0001__por_por__rumo_a_cura_1.mp3\" data-title=\"Rumo \u00e0 cura \u0096 1\" data-rel=\"\" data-target=\"\" data-meta=\"#fap-meta-69eca4d0897e5\" class=\"fap-single-track fap-track-button fap-play-button\" data-enqueue=\"no\" data-autoenqueue=\"no\" title=\"Rumo \u00e0 cura \u0096 1\"><span class=\"fap-icon-play\"><\/span>Ouvir<\/span> <a href=\"https:\/\/www.irdin.org.br\/site\/envios\/audios\/0009_0001__por_por__rumo_a_cura_1.mp3\" class=\"baixar\" download><span class=\"fa fa-arrow-down\"><\/span>Baixar<\/span><\/a> <span class=\"textobaixar\"> Rumo \u00e0 cura \u0096 1<\/span><\/p>\n","protected":false},"excerpt":{"rendered":"<p>Muitas vezes as enfermidades s\u00e3o um recurso da natureza para equilibrar o ser. Uma reflex\u00e3o sobre o seu modo de<\/p>\n","protected":false},"featured_media":85342,"template":"","meta":{"_acf_changed":false},"product_brand":[],"product_cat":[18076,33068],"product_tag":[43089],"class_list":{"0":"post-85373","1":"product","2":"type-product","3":"status-publish","4":"has-post-thumbnail","6":"product_cat-cddvd","7":"product_cat-palestras","8":"product_tag-43089","9":"pa_autor-trigueirinho","10":"pa_codigo-da-serie-32086","11":"pa_codigo-de-barras-43088","12":"pa_codigo-externo-00090001porporcd","13":"pa_codigo-interno-43103","14":"pa_duracao-37-min","15":"pa_idioma-de-destino-portugues","16":"pa_idioma-de-origem-portugues","17":"pa_lancamento-yes","18":"pa_midia-cd","19":"pa_moac-43087","20":"pa_quantidade-de-saldo-33067","21":"pa_sequencial-da-serie-31877","22":"pa_tipo-de-traducao-nao-traduzido","24":"first","25":"outofstock","26":"product-type-simple"},"acf":[],"_links":{"self":[{"href":"https:\/\/www.irdin.org.br\/site\/wp-json\/wp\/v2\/product\/85373","targetHints":{"allow":["GET"]}}],"collection":[{"href":"https:\/\/www.irdin.org.br\/site\/wp-json\/wp\/v2\/product"}],"about":[{"href":"https:\/\/www.irdin.org.br\/site\/wp-json\/wp\/v2\/types\/product"}],"version-history":[{"count":1,"href":"https:\/\/www.irdin.org.br\/site\/wp-json\/wp\/v2\/product\/85373\/revisions"}],"predecessor-version":[{"id":107105,"href":"https:\/\/www.irdin.org.br\/site\/wp-json\/wp\/v2\/product\/85373\/revisions\/107105"}],"wp:featuredmedia":[{"embeddable":true,"href":"https:\/\/www.irdin.org.br\/site\/wp-json\/wp\/v2\/media\/85342"}],"wp:attachment":[{"href":"https:\/\/www.irdin.org.br\/site\/wp-json\/wp\/v2\/media?parent=85373"}],"wp:term":[{"taxonomy":"product_brand","embeddable":true,"href":"https:\/\/www.irdin.org.br\/site\/wp-json\/wp\/v2\/product_brand?post=85373"},{"taxonomy":"product_cat","embeddable":true,"href":"https:\/\/www.irdin.org.br\/site\/wp-json\/wp\/v2\/product_cat?post=85373"},{"taxonomy":"product_tag","embeddable":true,"href":"https:\/\/www.irdin.org.br\/site\/wp-json\/wp\/v2\/product_tag?post=85373"}],"curies":[{"name":"wp","href":"https:\/\/api.w.org\/{rel}","templated":true}]}}