{"id":85375,"date":"2018-05-23T02:18:44","date_gmt":"2018-05-23T02:18:44","guid":{"rendered":"http:\/\/www.irdin.org.br\/site\/produto\/a-funcao-do-sofrimento-2\/"},"modified":"2025-07-12T22:19:54","modified_gmt":"2025-07-13T01:19:54","slug":"a-funcao-do-sofrimento-2","status":"publish","type":"product","link":"https:\/\/www.irdin.org.br\/site\/produtos\/a-funcao-do-sofrimento-2\/","title":{"rendered":"A fun\u00e7\u00e3o do sofrimento"},"content":{"rendered":"<p>Compreender o sofrimento como meio de equi\u00edbrio e eleva\u00e7\u00e3o da consci\u00eancia leva o ser \u00e0 cura espiritual.<\/p>\n<p>&nbsp;<br \/>\n<strong>Ou\u00e7a agora:<\/strong><\/p>\n<p><span data-href=\"https:\/\/www.irdin.org.br\/site\/envios\/audios\/0010_0002__por_por__a_funcao_do_sofrimento.mp3\" data-title=\"A fun\u00e7\u00e3o do sofrimento\" data-rel=\"\" data-target=\"\" data-meta=\"#fap-meta-69e1cd8b888b0\" class=\"fap-single-track fap-track-button fap-play-button\" data-enqueue=\"no\" data-autoenqueue=\"no\" title=\"A fun\u00e7\u00e3o do sofrimento\"><span class=\"fap-icon-play\"><\/span>Ouvir<\/span> <a href=\"https:\/\/www.irdin.org.br\/site\/envios\/audios\/0010_0002__por_por__a_funcao_do_sofrimento.mp3\" class=\"baixar\" download><span class=\"fa fa-arrow-down\"><\/span>Baixar<\/span><\/a> <span class=\"textobaixar\"> A fun\u00e7\u00e3o do sofrimento<\/span><\/p>\n<p><a class=\"pdf\" href=\"\/pdf\/A_Funcao_do_Sofrimento_WEB.pdf\" target=\"_blank\" rel=\"noopener\">Baixar Gratuitamente<\/a><\/p>\n","protected":false},"excerpt":{"rendered":"<p>Compreender o sofrimento como meio de equi\u00edbrio e eleva\u00e7\u00e3o da consci\u00eancia leva o ser \u00e0 cura espiritual. &nbsp; Ou\u00e7a agora:<\/p>\n","protected":false},"featured_media":85344,"template":"","meta":{"_acf_changed":false},"product_brand":[],"product_cat":[18076,33068],"product_tag":[43113],"class_list":{"0":"post-85375","1":"product","2":"type-product","3":"status-publish","4":"has-post-thumbnail","6":"product_cat-cddvd","7":"product_cat-palestras","8":"product_tag-43113","9":"pa_autor-trigueirinho","10":"pa_codigo-da-serie-32091","11":"pa_codigo-de-barras-43110","12":"pa_codigo-externo-00100002porporcd","13":"pa_codigo-interno-43112","14":"pa_descricao-da-serie-para-ouvir-no-silencio","15":"pa_duracao-55-min","16":"pa_idioma-de-destino-portugues","17":"pa_idioma-de-origem-portugues","18":"pa_lancamento-yes","19":"pa_midia-cd","20":"pa_moac-43109","21":"pa_quantidade-de-saldo-33067","22":"pa_sequencial-da-serie-31878","23":"pa_tipo-de-traducao-nao-traduzido","25":"first","26":"outofstock","27":"product-type-simple"},"acf":[],"_links":{"self":[{"href":"https:\/\/www.irdin.org.br\/site\/wp-json\/wp\/v2\/product\/85375","targetHints":{"allow":["GET"]}}],"collection":[{"href":"https:\/\/www.irdin.org.br\/site\/wp-json\/wp\/v2\/product"}],"about":[{"href":"https:\/\/www.irdin.org.br\/site\/wp-json\/wp\/v2\/types\/product"}],"version-history":[{"count":2,"href":"https:\/\/www.irdin.org.br\/site\/wp-json\/wp\/v2\/product\/85375\/revisions"}],"predecessor-version":[{"id":107107,"href":"https:\/\/www.irdin.org.br\/site\/wp-json\/wp\/v2\/product\/85375\/revisions\/107107"}],"wp:featuredmedia":[{"embeddable":true,"href":"https:\/\/www.irdin.org.br\/site\/wp-json\/wp\/v2\/media\/85344"}],"wp:attachment":[{"href":"https:\/\/www.irdin.org.br\/site\/wp-json\/wp\/v2\/media?parent=85375"}],"wp:term":[{"taxonomy":"product_brand","embeddable":true,"href":"https:\/\/www.irdin.org.br\/site\/wp-json\/wp\/v2\/product_brand?post=85375"},{"taxonomy":"product_cat","embeddable":true,"href":"https:\/\/www.irdin.org.br\/site\/wp-json\/wp\/v2\/product_cat?post=85375"},{"taxonomy":"product_tag","embeddable":true,"href":"https:\/\/www.irdin.org.br\/site\/wp-json\/wp\/v2\/product_tag?post=85375"}],"curies":[{"name":"wp","href":"https:\/\/api.w.org\/{rel}","templated":true}]}}