{"id":85386,"date":"2018-05-23T02:18:44","date_gmt":"2018-05-23T02:18:44","guid":{"rendered":"http:\/\/www.irdin.org.br\/site\/produto\/irma-agua-agua-de-vida\/"},"modified":"2024-09-09T03:25:32","modified_gmt":"2024-09-09T03:25:32","slug":"irma-agua-agua-de-vida","status":"publish","type":"product","link":"https:\/\/www.irdin.org.br\/site\/produtos\/irma-agua-agua-de-vida\/","title":{"rendered":"Irm\u00e3 \u00c1gua, \u00c1gua de Vida"},"content":{"rendered":"<p>Um contato com essa sagrada presen\u00e7a entre n\u00f3s \/ Os imensos trabalhos de cura que nos aguardam \/ Grava\u00e7\u00e3o que faz parte de uma aproxima\u00e7\u00e3o aos reinos da natureza, proposta pelos Mensageiros Divinos aos servidores do Plano Evolutivo<\/p>\n<p>&nbsp;<br \/>\n<strong>Ou\u00e7a agora:<\/strong><\/p>\n<p><span data-href=\"https:\/\/www.irdin.org.br\/site\/envios\/audios\/1800_0002__por_por__irma_agua_agua_de_vida.mp3\" data-title=\"Irm\u00e3 \u00c1gua, \u00c1gua de Vida\" data-rel=\"\" data-target=\"\" data-meta=\"#fap-meta-6a04d33c86688\" class=\"fap-single-track fap-track-button fap-play-button\" data-enqueue=\"no\" data-autoenqueue=\"no\" title=\"Irm\u00e3 \u00c1gua, \u00c1gua de Vida\"><span class=\"fap-icon-play\"><\/span>Ouvir<\/span> <a href=\"https:\/\/www.irdin.org.br\/site\/envios\/audios\/1800_0002__por_por__irma_agua_agua_de_vida.mp3\" class=\"baixar\" download><span class=\"fa fa-arrow-down\"><\/span>Baixar<\/span><\/a> <span class=\"textobaixar\"> Irm\u00e3 \u00c1gua, \u00c1gua de Vida<\/span><\/p>\n","protected":false},"excerpt":{"rendered":"<p>Um contato com essa sagrada presen\u00e7a entre n\u00f3s \/ Os imensos trabalhos de cura que nos aguardam \/ Grava\u00e7\u00e3o que<\/p>\n","protected":false},"featured_media":82467,"template":"","meta":{"_acf_changed":false},"product_brand":[],"product_cat":[18076,33068],"product_tag":[43168],"class_list":{"0":"post-85386","1":"product","2":"type-product","3":"status-publish","4":"has-post-thumbnail","6":"product_cat-cddvd","7":"product_cat-palestras","8":"product_tag-43168","9":"pa_autor-chara","10":"pa_codigo-da-serie-27045","11":"pa_codigo-de-barras-43165","12":"pa_codigo-externo-18000002porporcd","13":"pa_codigo-interno-43167","14":"pa_duracao-74-min","15":"pa_idioma-de-destino-portugues","16":"pa_idioma-de-origem-portugues","17":"pa_lancamento-yes","18":"pa_midia-cd","19":"pa_moac-43164","20":"pa_quantidade-de-saldo-33067","21":"pa_sequencial-da-serie-31878","22":"pa_tipo-de-traducao-nao-traduzido","24":"first","25":"outofstock","26":"product-type-simple"},"acf":[],"_links":{"self":[{"href":"https:\/\/www.irdin.org.br\/site\/wp-json\/wp\/v2\/product\/85386","targetHints":{"allow":["GET"]}}],"collection":[{"href":"https:\/\/www.irdin.org.br\/site\/wp-json\/wp\/v2\/product"}],"about":[{"href":"https:\/\/www.irdin.org.br\/site\/wp-json\/wp\/v2\/types\/product"}],"version-history":[{"count":1,"href":"https:\/\/www.irdin.org.br\/site\/wp-json\/wp\/v2\/product\/85386\/revisions"}],"predecessor-version":[{"id":107118,"href":"https:\/\/www.irdin.org.br\/site\/wp-json\/wp\/v2\/product\/85386\/revisions\/107118"}],"wp:featuredmedia":[{"embeddable":true,"href":"https:\/\/www.irdin.org.br\/site\/wp-json\/wp\/v2\/media\/82467"}],"wp:attachment":[{"href":"https:\/\/www.irdin.org.br\/site\/wp-json\/wp\/v2\/media?parent=85386"}],"wp:term":[{"taxonomy":"product_brand","embeddable":true,"href":"https:\/\/www.irdin.org.br\/site\/wp-json\/wp\/v2\/product_brand?post=85386"},{"taxonomy":"product_cat","embeddable":true,"href":"https:\/\/www.irdin.org.br\/site\/wp-json\/wp\/v2\/product_cat?post=85386"},{"taxonomy":"product_tag","embeddable":true,"href":"https:\/\/www.irdin.org.br\/site\/wp-json\/wp\/v2\/product_tag?post=85386"}],"curies":[{"name":"wp","href":"https:\/\/api.w.org\/{rel}","templated":true}]}}